{"id":64,"date":"2020-08-17T17:18:29","date_gmt":"2020-08-17T17:18:29","guid":{"rendered":"http:\/\/localhost\/glamwhite\/?post_type=product&#038;p=64"},"modified":"2025-12-16T08:58:39","modified_gmt":"2025-12-16T08:58:39","slug":"teeth-whitening-pen","status":"publish","type":"product","link":"https:\/\/www.glamwhite.eu\/pt\/product\/teeth-whitening-pen\/","title":{"rendered":"Teeth Whitening Pen"},"content":{"rendered":"<section id=\"deal-pitch\">\n<p class=\"western\" lang=\"en-US\">A nossa elegante caneta branqueadora de dentes \u00e9 perfeita para branquear os dentes em qualquer lugar. \u00c9 t\u00e3o compacto e port\u00e1til que pode lev\u00e1-lo para qualquer lugar e tamb\u00e9m \u00e9 \u00f3timo para fazer retoques de branqueamento.<\/p>\n<p class=\"western\" lang=\"en-US\">Basta aplicar o gel nos dentes, esperar 15 minutos e desfrutar do resultado. A Caneta Branqueadora Dent\u00e1ria\u00a0cont\u00e9m 2ml de gel branqueador, permitindo at\u00e9 5 aplica\u00e7\u00f5es.<\/p>\n<p class=\"western\" lang=\"en-US\">O principal ingrediente branqueador \u00e9 o percarbonato de s\u00f3dio, um produto qu\u00edmico ecol\u00f3gico que juntamente com os outros ingredientes avan\u00e7ados da nossa f\u00f3rmula ir\u00e1 branquear os dentes at\u00e9 7 tonalidades, sem qualquer dor ou sensibilidade. Fabricado nos EUA com ingredientes naturais, kosher e vegan.<\/p>\n<p>Se quiser saber mais sobre branqueamento dent\u00e1rio pode visitar o nosso <a href=\"https:\/\/www.glamwhite.eu\/pt\/blog\/\">blog.<\/a><\/p>\n<\/section>\n<div id=\"footable_parent_5739\"\n         class=\"footable_parent ninja_table_wrapper loading_ninja_table wp_table_data_press_parent semantic_ui\">\n                    <h3 class=\"table_title footable_title\">Compara\u00e7\u00e3o de produtos<\/h3>\n                        <table data-ninja_table_instance=\"ninja_table_instance_0\" data-footable_id=\"5739\" data-filter-delay=\"1000\" aria-label=\"Compara\u00e7\u00e3o de produtos\"            id=\"footable_5739\"\n           data-unique_identifier=\"ninja_table_unique_id_3132263608_5739\"\n           class=\"foo-table ninja_footable foo_table_5739 ninja_table_unique_id_3132263608_5739 ui table  nt_type_ajax_table selectable striped vertical_centered  footable-paging-right ninja_table_search_disabled\">\n                <colgroup>\n                            <col class=\"ninja_column_0\">\n                            <col class=\"ninja_column_1\">\n                            <col class=\"ninja_column_2\">\n                            <col class=\"ninja_column_3\">\n                            <col class=\"ninja_column_4\">\n                    <\/colgroup>\n            <\/table>\n    \n    \n    \n<\/div>","protected":false},"excerpt":{"rendered":"<style>#sp-ea-5106 .spcollapsing { height: 0; overflow: hidden; transition-property: height;transition-duration: 300ms;}#sp-ea-5106.sp-easy-accordion>.sp-ea-single {margin-bottom: 10px; border: 0px solid #e2e2e2; }#sp-ea-5106.sp-easy-accordion>.sp-ea-single>.ea-header a {color: #5b5b5b;}#sp-ea-5106.sp-easy-accordion>.sp-ea-single>.sp-collapse>.ea-body {background: #fff; color: #444;}#sp-ea-5106.sp-easy-accordion>.sp-ea-single {background: rgba(238,238,238,0);}#sp-ea-5106.sp-easy-accordion>.sp-ea-single>.ea-header a .ea-expand-icon { float: left; color: #444;font-size: 16px;}.sp-easy-accordion p, .ea-header br, .ea-header a br{\ndisplay: none !important;\n}\n.sp-easy-accordion .ea-body p{\ndisplay: block !important;\n}<\/style>\n<div id=\"sp_easy_accordion-1777680713\">\n<div id=\"sp-ea-5106\" class=\"sp-ea-one sp-easy-accordion\" data-ea-active=\"ea-click\" data-ea-mode=\"vertical\" data-preloader=\"\" data-scroll-active-item=\"\" data-offset-to-scroll=\"0\">\n<div class=\"ea-card sp-ea-single\">\n<h3 class=\"ea-header\"><a class=\"collapsed\" id=\"ea-header-51060\" role=\"button\" data-sptoggle=\"spcollapse\" data-sptarget=\"#collapse51060\" aria-controls=\"collapse51060\" href=\"#\" aria-expanded=\"false\" tabindex=\"0\"><i aria-hidden=\"true\" role=\"presentation\" class=\"ea-expand-icon eap-icon-ea-expand-plus\"><\/i> O que est\u00e1 inclu\u00eddo<\/a><\/h3>\n<div class=\"sp-collapse spcollapse spcollapse\" id=\"collapse51060\" role=\"region\" aria-labelledby=\"ea-header-51060\">\n<div class=\"ea-body\">\n<p>1 x Caneta Clareadora de Dentes de 2 mL<\/p>\n<p>1x Instru\u00e7\u00f5es<\/p>\n<\/div>\n<\/div>\n<\/div>\n<div class=\"ea-card sp-ea-single\">\n<h3 class=\"ea-header\"><a class=\"collapsed\" id=\"ea-header-51061\" role=\"button\" data-sptoggle=\"spcollapse\" data-sptarget=\"#collapse51061\" aria-controls=\"collapse51061\" href=\"#\" aria-expanded=\"false\" tabindex=\"0\"><i aria-hidden=\"true\" role=\"presentation\" class=\"ea-expand-icon eap-icon-ea-expand-plus\"><\/i> How it works<\/a><\/h3>\n<div class=\"sp-collapse spcollapse spcollapse\" id=\"collapse51061\" role=\"region\" aria-labelledby=\"ea-header-51061\">\n<div class=\"ea-body\">\n<p>1.Escove os dentes suavemente.<\/p>\n<p>2. Remova a tampa da extremidade da escova. Rode no sentido hor\u00e1rio v\u00e1rias vezes. Inicialmente podem ser necess\u00e1rias m\u00faltiplas voltas para extrudir o gel branqueador.<\/p>\n<p>3. Sorria largamente e aplique uma fina camada de gel em cada dente, evitando as gengivas ou os l\u00e1bios. Certifique-se de que cobre toda a superf\u00edcie do dente para evitar resultados irregulares.<\/p>\n<p>4. Continue a rodar a caneta para aplicar mais gel, conforme necess\u00e1rio.<\/p>\n<p>5. Aguarde 30 segundos para que o gel branqueador seque nos dentes antes de permitir o contacto com os l\u00e1bios e a l\u00edngua.<\/p>\n<p>6. Deixe o gel nos dentes durante 15 a 20 minutos e depois limpe. Enxague a boca com \u00e1gua.<\/p>\n<\/div>\n<\/div>\n<\/div>\n<div class=\"ea-card sp-ea-single\">\n<h3 class=\"ea-header\"><a class=\"collapsed\" id=\"ea-header-51062\" role=\"button\" data-sptoggle=\"spcollapse\" data-sptarget=\"#collapse51062\" aria-controls=\"collapse51062\" href=\"#\" aria-expanded=\"false\" tabindex=\"0\"><i aria-hidden=\"true\" role=\"presentation\" class=\"ea-expand-icon eap-icon-ea-expand-plus\"><\/i> Ingredientes<\/a><\/h3>\n<div class=\"sp-collapse spcollapse spcollapse\" id=\"collapse51062\" role=\"region\" aria-labelledby=\"ea-header-51062\">\n<div class=\"ea-body\">\n<p>Glycerin, Propylene Glycol, Acrylates\/C10-30 Alkyl Acrylate Crosspolymer, Triethanolamine, Sodium Saccharin, Mica, Mentha Piperita (Peppermint) Oil, Sodium Carbonate Peroxide (Sodium Percarbonate), CI 77891<\/p>\n<\/div>\n<\/div>\n<\/div>\n<\/div>\n<\/div>","protected":false},"featured_media":5563,"template":"","meta":{"site-sidebar-layout":"default","site-content-layout":"default","ast-site-content-layout":"default","site-content-style":"default","site-sidebar-style":"default","ast-global-header-display":"","ast-banner-title-visibility":"","ast-main-header-display":"","ast-hfb-above-header-display":"","ast-hfb-below-header-display":"","ast-hfb-mobile-header-display":"","site-post-title":"","ast-breadcrumbs-content":"","ast-featured-img":"","footer-sml-layout":"","ast-disable-related-posts":"","theme-transparent-header-meta":"default","adv-header-id-meta":"","stick-header-meta":"","header-above-stick-meta":"","header-main-stick-meta":"","header-below-stick-meta":"","astra-migrate-meta-layouts":"set","ast-page-background-enabled":"default","ast-page-background-meta":{"desktop":{"background-color":"var(--ast-global-color-4)","background-image":"","background-repeat":"repeat","background-position":"center center","background-size":"auto","background-attachment":"scroll","background-type":"","background-media":"","overlay-type":"","overlay-color":"","overlay-opacity":"","overlay-gradient":""},"tablet":{"background-color":"","background-image":"","background-repeat":"repeat","background-position":"center center","background-size":"auto","background-attachment":"scroll","background-type":"","background-media":"","overlay-type":"","overlay-color":"","overlay-opacity":"","overlay-gradient":""},"mobile":{"background-color":"","background-image":"","background-repeat":"repeat","background-position":"center center","background-size":"auto","background-attachment":"scroll","background-type":"","background-media":"","overlay-type":"","overlay-color":"","overlay-opacity":"","overlay-gradient":""}},"ast-content-background-meta":{"desktop":{"background-color":"var(--ast-global-color-5)","background-image":"","background-repeat":"repeat","background-position":"center center","background-size":"auto","background-attachment":"scroll","background-type":"","background-media":"","overlay-type":"","overlay-color":"","overlay-opacity":"","overlay-gradient":""},"tablet":{"background-color":"var(--ast-global-color-5)","background-image":"","background-repeat":"repeat","background-position":"center center","background-size":"auto","background-attachment":"scroll","background-type":"","background-media":"","overlay-type":"","overlay-color":"","overlay-opacity":"","overlay-gradient":""},"mobile":{"background-color":"var(--ast-global-color-5)","background-image":"","background-repeat":"repeat","background-position":"center center","background-size":"auto","background-attachment":"scroll","background-type":"","background-media":"","overlay-type":"","overlay-color":"","overlay-opacity":"","overlay-gradient":""}}},"product_brand":[],"product_cat":[82],"product_tag":[77,84,75,74],"class_list":{"0":"post-64","1":"product","2":"type-product","3":"status-publish","4":"has-post-thumbnail","6":"product_cat-whitening-products","7":"product_tag-glamwhite","8":"product_tag-pen","9":"product_tag-teeth","10":"product_tag-whitening","11":"desktop-align-center","12":"tablet-align-left","13":"mobile-align-left","15":"first","16":"instock","17":"taxable","18":"shipping-taxable","19":"purchasable","20":"product-type-simple"},"_links":{"self":[{"href":"https:\/\/www.glamwhite.eu\/pt\/wp-json\/wp\/v2\/product\/64","targetHints":{"allow":["GET"]}}],"collection":[{"href":"https:\/\/www.glamwhite.eu\/pt\/wp-json\/wp\/v2\/product"}],"about":[{"href":"https:\/\/www.glamwhite.eu\/pt\/wp-json\/wp\/v2\/types\/product"}],"wp:featuredmedia":[{"embeddable":true,"href":"https:\/\/www.glamwhite.eu\/pt\/wp-json\/wp\/v2\/media\/5563"}],"wp:attachment":[{"href":"https:\/\/www.glamwhite.eu\/pt\/wp-json\/wp\/v2\/media?parent=64"}],"wp:term":[{"taxonomy":"product_brand","embeddable":true,"href":"https:\/\/www.glamwhite.eu\/pt\/wp-json\/wp\/v2\/product_brand?post=64"},{"taxonomy":"product_cat","embeddable":true,"href":"https:\/\/www.glamwhite.eu\/pt\/wp-json\/wp\/v2\/product_cat?post=64"},{"taxonomy":"product_tag","embeddable":true,"href":"https:\/\/www.glamwhite.eu\/pt\/wp-json\/wp\/v2\/product_tag?post=64"}],"curies":[{"name":"wp","href":"https:\/\/api.w.org\/{rel}","templated":true}]}}