{"id":5966,"date":"2023-12-15T10:25:09","date_gmt":"2023-12-15T10:25:09","guid":{"rendered":"https:\/\/www.glamwhite.eu\/?post_type=product&#038;p=5966"},"modified":"2025-12-16T08:58:39","modified_gmt":"2025-12-16T08:58:39","slug":"xpert-pack","status":"publish","type":"product","link":"https:\/\/www.glamwhite.eu\/pt\/product\/xpert-pack\/","title":{"rendered":"XPERT Pack"},"content":{"rendered":"<p>O Pack Xpert \u00e9 a combina\u00e7\u00e3o perfeita para manter o seu sorriso branco. O Home Whitening Kit Xpress Smile ir\u00e1 branquear os dentes e a Pasta Dent\u00edfrica Whitening FOAM ir\u00e1 ajud\u00e1-lo a mant\u00ea-los brancos durante mais tempo.<\/p>\n<p><strong>Home Whitening Kit Xpress Smile:\u00a0<\/strong><\/p>\n<p class=\"western\" lang=\"en-US\">O nosso kit de branqueamento caseiro topo de gama Xpress Smile inclui 3 seringas de 5 mL, fornecendo gel suficiente para at\u00e9 12 aplica\u00e7\u00f5es, para que possa fazer um tratamento completo de 7 dias, bem como mais algumas aplica\u00e7\u00f5es para manter ou melhorar os seus resultados.<\/p>\n<p class=\"western\" lang=\"en-US\">O Home Whitening Kit Xpress Smile vem ainda com um acelerador LED com 5 l\u00e2mpadas potentes e um temporizador integrado com sinal sonoro para que possa acompanhar facilmente o tempo da sua sess\u00e3o de branqueamento. A luz \u00e9 fixada na moldeira bucal de tamanho \u00fanico e brilha diretamente sobre os dentes para acelerar o processo de branqueamento.<\/p>\n<p class=\"western\" lang=\"en-US\">O principal ingrediente branqueador \u00e9 o percarbonato de s\u00f3dio, um produto qu\u00edmico ecol\u00f3gico que juntamente com os outros ingredientes avan\u00e7ados da nossa f\u00f3rmula ir\u00e1 branquear os dentes at\u00e9 7 tonalidades, sem qualquer dor ou sensibilidade. Fabricado nos EUA com ingredientes naturais, kosher e vegan.<\/p>\n<p lang=\"en-US\"><strong>Whitening FOAM Toothpaste:<\/strong><\/p>\n<p><span lang=\"en-US\">Especialmente formulada para o uso di\u00e1rio, a pasta de dentes Whitening FOAM da GlamWhite substitui a pasta de dentes habitual.<\/span><\/p>\n<p><span lang=\"en-US\">Este revolucion\u00e1rio sistema de oxigena\u00e7\u00e3o limpa e branqueia os dentes, previne as c\u00e1ries e refresca o h\u00e1lito.\u00a0<\/span><\/p>\n<p><span lang=\"en-US\">O principal agente branqueador da espuma \u00e9 o percarbonato de s\u00f3dio, um produto qu\u00edmico ecol\u00f3gico que juntamente com os restantes ingredientes avan\u00e7ados da nossa f\u00f3rmula ir\u00e1 branquear os dentes at\u00e9 7 tonalidades, sem qualquer dor ou sensibilidade. Fabricado nos EUA com ingredientes naturais, kosher e vegan. Cont\u00e9m fl\u00faor.<\/span><\/p>\n<p>&nbsp;<\/p>\n<p>Se quiser saber mais sobre branqueamento dent\u00e1rio pode visitar o nosso <a href=\"https:\/\/www.glamwhite.eu\/pt\/blog\/\">blog.<\/a><\/p>","protected":false},"excerpt":{"rendered":"<p>The Xpert Pack is the perfect combination to keep your smile white. The Home Whitening Kit Xpress Smile will whiten your teeth and the Whitening FOAM Toothpaste will help you to keep them white for longer. Home Whitening Kit Xpress Smile:\u00a0 Our top-of-the-range Home Whitening Kit Xpress Smile includes 3 syringes of 5 mL, giving [&hellip;]<\/p>\n","protected":false},"featured_media":6189,"template":"","meta":{"site-sidebar-layout":"default","site-content-layout":"default","ast-site-content-layout":"default","site-content-style":"default","site-sidebar-style":"default","ast-global-header-display":"","ast-banner-title-visibility":"","ast-main-header-display":"","ast-hfb-above-header-display":"","ast-hfb-below-header-display":"","ast-hfb-mobile-header-display":"","site-post-title":"","ast-breadcrumbs-content":"","ast-featured-img":"","footer-sml-layout":"","ast-disable-related-posts":"","theme-transparent-header-meta":"default","adv-header-id-meta":"","stick-header-meta":"","header-above-stick-meta":"","header-main-stick-meta":"","header-below-stick-meta":"","astra-migrate-meta-layouts":"default","ast-page-background-enabled":"default","ast-page-background-meta":{"desktop":{"background-color":"var(--ast-global-color-4)","background-image":"","background-repeat":"repeat","background-position":"center center","background-size":"auto","background-attachment":"scroll","background-type":"","background-media":"","overlay-type":"","overlay-color":"","overlay-opacity":"","overlay-gradient":""},"tablet":{"background-color":"","background-image":"","background-repeat":"repeat","background-position":"center center","background-size":"auto","background-attachment":"scroll","background-type":"","background-media":"","overlay-type":"","overlay-color":"","overlay-opacity":"","overlay-gradient":""},"mobile":{"background-color":"","background-image":"","background-repeat":"repeat","background-position":"center center","background-size":"auto","background-attachment":"scroll","background-type":"","background-media":"","overlay-type":"","overlay-color":"","overlay-opacity":"","overlay-gradient":""}},"ast-content-background-meta":{"desktop":{"background-color":"var(--ast-global-color-5)","background-image":"","background-repeat":"repeat","background-position":"center center","background-size":"auto","background-attachment":"scroll","background-type":"","background-media":"","overlay-type":"","overlay-color":"","overlay-opacity":"","overlay-gradient":""},"tablet":{"background-color":"var(--ast-global-color-5)","background-image":"","background-repeat":"repeat","background-position":"center center","background-size":"auto","background-attachment":"scroll","background-type":"","background-media":"","overlay-type":"","overlay-color":"","overlay-opacity":"","overlay-gradient":""},"mobile":{"background-color":"var(--ast-global-color-5)","background-image":"","background-repeat":"repeat","background-position":"center center","background-size":"auto","background-attachment":"scroll","background-type":"","background-media":"","overlay-type":"","overlay-color":"","overlay-opacity":"","overlay-gradient":""}}},"product_brand":[],"product_cat":[92],"product_tag":[90,95,80,75,93,91,94,79],"class_list":{"0":"post-5966","1":"product","2":"type-product","3":"status-publish","4":"has-post-thumbnail","6":"product_cat-teeth-whitening-packs","7":"product_tag-foam","8":"product_tag-packs","9":"product_tag-smile","10":"product_tag-teeth","11":"product_tag-teeth-whitening","12":"product_tag-toothpaste","13":"product_tag-white","14":"product_tag-xpress","15":"desktop-align-center","16":"tablet-align-left","17":"mobile-align-left","19":"first","20":"instock","21":"sale","22":"taxable","23":"shipping-taxable","24":"purchasable","25":"product-type-simple"},"_links":{"self":[{"href":"https:\/\/www.glamwhite.eu\/pt\/wp-json\/wp\/v2\/product\/5966","targetHints":{"allow":["GET"]}}],"collection":[{"href":"https:\/\/www.glamwhite.eu\/pt\/wp-json\/wp\/v2\/product"}],"about":[{"href":"https:\/\/www.glamwhite.eu\/pt\/wp-json\/wp\/v2\/types\/product"}],"wp:featuredmedia":[{"embeddable":true,"href":"https:\/\/www.glamwhite.eu\/pt\/wp-json\/wp\/v2\/media\/6189"}],"wp:attachment":[{"href":"https:\/\/www.glamwhite.eu\/pt\/wp-json\/wp\/v2\/media?parent=5966"}],"wp:term":[{"taxonomy":"product_brand","embeddable":true,"href":"https:\/\/www.glamwhite.eu\/pt\/wp-json\/wp\/v2\/product_brand?post=5966"},{"taxonomy":"product_cat","embeddable":true,"href":"https:\/\/www.glamwhite.eu\/pt\/wp-json\/wp\/v2\/product_cat?post=5966"},{"taxonomy":"product_tag","embeddable":true,"href":"https:\/\/www.glamwhite.eu\/pt\/wp-json\/wp\/v2\/product_tag?post=5966"}],"curies":[{"name":"wp","href":"https:\/\/api.w.org\/{rel}","templated":true}]}}