{"id":223,"date":"2020-09-28T15:17:14","date_gmt":"2020-09-28T15:17:14","guid":{"rendered":"http:\/\/localhost\/glamwhite\/?post_type=product&#038;p=223"},"modified":"2026-05-05T11:41:12","modified_gmt":"2026-05-05T11:41:12","slug":"home-whitening-kit-elite","status":"publish","type":"product","link":"https:\/\/www.glamwhite.eu\/pt\/product\/home-whitening-kit-elite\/","title":{"rendered":"Home Whitening Kit Elite"},"content":{"rendered":"<p>O nosso kit de branqueamento dom\u00e9stico Elite mais vendido inclui 10 mL de gel branqueador dent\u00e1rio \u2013 o suficiente para um tratamento de 6 dias \u2013 e uma luz LED para acelerar o processo de branqueamento.<\/p>\n<p>As moldeiras de ajuste personalizado adaptam-se \u00e0 sua boca e permitem que o gel branqueador cubra os dentes de forma uniforme. O Home Whitening Kit Elite vem ainda com um estojo retentor para guardar as moldeiras bucais ap\u00f3s cada utiliza\u00e7\u00e3o.<\/p>\n<p>O principal ingrediente branqueador \u00e9 o percarbonato de s\u00f3dio, um produto qu\u00edmico ecol\u00f3gico que juntamente com os outros ingredientes avan\u00e7ados da nossa f\u00f3rmula ir\u00e1 branquear os dentes at\u00e9 7 tonalidades, sem qualquer dor ou sensibilidade. Fabricado nos EUA com ingredientes naturais, kosher e vegan.<\/p>\n<p>Se quiser saber mais sobre branqueamento dent\u00e1rio pode visitar o nosso <a href=\"https:\/\/www.glamwhite.eu\/pt\/blog\/\">blog.<\/a><\/p>\n<div id=\"footable_parent_5739\"\n         class=\"footable_parent ninja_table_wrapper loading_ninja_table wp_table_data_press_parent semantic_ui\">\n                    <h3 class=\"table_title footable_title\">Compara\u00e7\u00e3o de produtos<\/h3>\n                        <table data-ninja_table_instance=\"ninja_table_instance_0\" data-footable_id=\"5739\" data-filter-delay=\"1000\" aria-label=\"Compara\u00e7\u00e3o de produtos\"            id=\"footable_5739\"\n           data-unique_identifier=\"ninja_table_unique_id_2678089487_5739\"\n           class=\"foo-table ninja_footable foo_table_5739 ninja_table_unique_id_2678089487_5739 ui table  nt_type_ajax_table selectable striped vertical_centered  footable-paging-right ninja_table_search_disabled\">\n                <colgroup>\n                            <col class=\"ninja_column_0\">\n                            <col class=\"ninja_column_1\">\n                            <col class=\"ninja_column_2\">\n                            <col class=\"ninja_column_3\">\n                            <col class=\"ninja_column_4\">\n                    <\/colgroup>\n            <\/table>\n    \n    \n    \n<\/div>","protected":false},"excerpt":{"rendered":"<style>#sp-ea-5099 .spcollapsing { height: 0; overflow: hidden; transition-property: height;transition-duration: 300ms;}#sp-ea-5099.sp-easy-accordion>.sp-ea-single {margin-bottom: 10px; border: 0px solid #e2e2e2; }#sp-ea-5099.sp-easy-accordion>.sp-ea-single>.ea-header a {color: #666666;}#sp-ea-5099.sp-easy-accordion>.sp-ea-single>.sp-collapse>.ea-body {background: #fff; color: #444;}#sp-ea-5099.sp-easy-accordion>.sp-ea-single {background: rgba(238,238,238,0);}#sp-ea-5099.sp-easy-accordion>.sp-ea-single>.ea-header a .ea-expand-icon { float: left; color: #444;font-size: 16px;}.sp-easy-accordion p, .ea-header br, .ea-header a br{\ndisplay: none !important;\n}\n.sp-easy-accordion .ea-body p{\ndisplay: block !important;\n}<\/style>\n<div id=\"sp_easy_accordion-1778060244\">\n<div id=\"sp-ea-5099\" class=\"sp-ea-one sp-easy-accordion\" data-ea-active=\"ea-click\" data-ea-mode=\"vertical\" data-preloader=\"\" data-scroll-active-item=\"\" data-offset-to-scroll=\"0\">\n<div class=\"ea-card sp-ea-single\">\n<h3 class=\"ea-header\"><a class=\"collapsed\" id=\"ea-header-50990\" role=\"button\" data-sptoggle=\"spcollapse\" data-sptarget=\"#collapse50990\" aria-controls=\"collapse50990\" href=\"#\" aria-expanded=\"false\" tabindex=\"0\"><i aria-hidden=\"true\" role=\"presentation\" class=\"ea-expand-icon eap-icon-ea-expand-plus\"><\/i> O que est\u00e1 inclu\u00eddo<\/a><\/h3>\n<div class=\"sp-collapse spcollapse spcollapse\" id=\"collapse50990\" role=\"region\" aria-labelledby=\"ea-header-50990\">\n<div class=\"ea-body\">\n<p>1 x seringa de 10 mL<\/p>\n<p>1 x Conjunto de moldeiras personalizadas<\/p>\n<p>1 x Mini luz LED<\/p>\n<p>1 x Guia de tonalidades em papel\u00e3o<\/p>\n<p>1 x Estojo para armazenar as moldeiras<\/p>\n<p>1 x instru\u00e7\u00f5es<\/p>\n<\/div>\n<\/div>\n<\/div>\n<div class=\"ea-card sp-ea-single\">\n<h3 class=\"ea-header\"><a class=\"collapsed\" id=\"ea-header-50991\" role=\"button\" data-sptoggle=\"spcollapse\" data-sptarget=\"#collapse50991\" aria-controls=\"collapse50991\" href=\"#\" aria-expanded=\"false\" tabindex=\"0\"><i aria-hidden=\"true\" role=\"presentation\" class=\"ea-expand-icon eap-icon-ea-expand-plus\"><\/i> How it works<\/a><\/h3>\n<div class=\"sp-collapse spcollapse spcollapse\" id=\"collapse50991\" role=\"region\" aria-labelledby=\"ea-header-50991\">\n<div class=\"ea-body\">\n<p>1.Escove os dentes suavemente.<\/p>\n<p>2 Aque\u00e7a uma panela com \u00e1gua at\u00e9 ferver, deixe repousar durante 1 minuto e depois mergulhe cada tabuleiro bucal nela durante 1-3 segundos.<\/p>\n<p>3 Coloque a bandeja bucal na boca e morda-a. Deixe arrefecer e a sua moldeira bucal estar\u00e1 perfeitamente moldada aos dentes. Repita com o segundo tabuleiro.<\/p>\n<p>4.Coloque uma linha de gel branqueador na superf\u00edcie frontal interna da moldeira e espalhe. Repita com o segundo tabuleiro.<\/p>\n<p>5. Insira as moldeiras branqueadoras na boca e coloque a luz \u00e0 frente dos dentes durante 20 a 30 minutos.<\/p>\n<p>6 Cuspa e enxague ap\u00f3s a utiliza\u00e7\u00e3o e repita no dia seguinte.<\/p>\n<\/div>\n<\/div>\n<\/div>\n<div class=\"ea-card sp-ea-single\">\n<h3 class=\"ea-header\"><a class=\"collapsed\" id=\"ea-header-50992\" role=\"button\" data-sptoggle=\"spcollapse\" data-sptarget=\"#collapse50992\" aria-controls=\"collapse50992\" href=\"#\" aria-expanded=\"false\" tabindex=\"0\"><i aria-hidden=\"true\" role=\"presentation\" class=\"ea-expand-icon eap-icon-ea-expand-plus\"><\/i> Ingredientes<\/a><\/h3>\n<div class=\"sp-collapse spcollapse spcollapse\" id=\"collapse50992\" role=\"region\" aria-labelledby=\"ea-header-50992\">\n<div class=\"ea-body\">\n<p>Glycerin, Propylene Glycol, Acrylates\/C10-30 Alkyl Acrylate Crosspolymer, Triethanolamine, Sodium Saccharin, Mica, Mentha Piperita (Peppermint) Oil, Sodium Carbonate Peroxide (Sodium Percarbonate), CI 77891<\/p>\n<\/div>\n<\/div>\n<\/div>\n<\/div>\n<\/div>","protected":false},"featured_media":5703,"template":"","meta":{"site-sidebar-layout":"default","site-content-layout":"default","ast-site-content-layout":"default","site-content-style":"default","site-sidebar-style":"default","ast-global-header-display":"","ast-banner-title-visibility":"","ast-main-header-display":"","ast-hfb-above-header-display":"","ast-hfb-below-header-display":"","ast-hfb-mobile-header-display":"","site-post-title":"","ast-breadcrumbs-content":"","ast-featured-img":"","footer-sml-layout":"","ast-disable-related-posts":"","theme-transparent-header-meta":"default","adv-header-id-meta":"","stick-header-meta":"","header-above-stick-meta":"","header-main-stick-meta":"","header-below-stick-meta":"","astra-migrate-meta-layouts":"set","ast-page-background-enabled":"default","ast-page-background-meta":{"desktop":{"background-color":"var(--ast-global-color-4)","background-image":"","background-repeat":"repeat","background-position":"center center","background-size":"auto","background-attachment":"scroll","background-type":"","background-media":"","overlay-type":"","overlay-color":"","overlay-opacity":"","overlay-gradient":""},"tablet":{"background-color":"","background-image":"","background-repeat":"repeat","background-position":"center center","background-size":"auto","background-attachment":"scroll","background-type":"","background-media":"","overlay-type":"","overlay-color":"","overlay-opacity":"","overlay-gradient":""},"mobile":{"background-color":"","background-image":"","background-repeat":"repeat","background-position":"center center","background-size":"auto","background-attachment":"scroll","background-type":"","background-media":"","overlay-type":"","overlay-color":"","overlay-opacity":"","overlay-gradient":""}},"ast-content-background-meta":{"desktop":{"background-color":"var(--ast-global-color-5)","background-image":"","background-repeat":"repeat","background-position":"center center","background-size":"auto","background-attachment":"scroll","background-type":"","background-media":"","overlay-type":"","overlay-color":"","overlay-opacity":"","overlay-gradient":""},"tablet":{"background-color":"var(--ast-global-color-5)","background-image":"","background-repeat":"repeat","background-position":"center center","background-size":"auto","background-attachment":"scroll","background-type":"","background-media":"","overlay-type":"","overlay-color":"","overlay-opacity":"","overlay-gradient":""},"mobile":{"background-color":"var(--ast-global-color-5)","background-image":"","background-repeat":"repeat","background-position":"center center","background-size":"auto","background-attachment":"scroll","background-type":"","background-media":"","overlay-type":"","overlay-color":"","overlay-opacity":"","overlay-gradient":""}}},"product_brand":[],"product_cat":[71],"product_tag":[76,77,72,73,75,74],"class_list":{"0":"post-223","1":"product","2":"type-product","3":"status-publish","4":"has-post-thumbnail","6":"product_cat-teeth-whitening-kits","7":"product_tag-elite","8":"product_tag-glamwhite","9":"product_tag-home","10":"product_tag-kit","11":"product_tag-teeth","12":"product_tag-whitening","13":"desktop-align-center","14":"tablet-align-left","15":"mobile-align-left","17":"first","18":"instock","19":"featured","20":"taxable","21":"shipping-taxable","22":"purchasable","23":"product-type-variable"},"_links":{"self":[{"href":"https:\/\/www.glamwhite.eu\/pt\/wp-json\/wp\/v2\/product\/223","targetHints":{"allow":["GET"]}}],"collection":[{"href":"https:\/\/www.glamwhite.eu\/pt\/wp-json\/wp\/v2\/product"}],"about":[{"href":"https:\/\/www.glamwhite.eu\/pt\/wp-json\/wp\/v2\/types\/product"}],"wp:featuredmedia":[{"embeddable":true,"href":"https:\/\/www.glamwhite.eu\/pt\/wp-json\/wp\/v2\/media\/5703"}],"wp:attachment":[{"href":"https:\/\/www.glamwhite.eu\/pt\/wp-json\/wp\/v2\/media?parent=223"}],"wp:term":[{"taxonomy":"product_brand","embeddable":true,"href":"https:\/\/www.glamwhite.eu\/pt\/wp-json\/wp\/v2\/product_brand?post=223"},{"taxonomy":"product_cat","embeddable":true,"href":"https:\/\/www.glamwhite.eu\/pt\/wp-json\/wp\/v2\/product_cat?post=223"},{"taxonomy":"product_tag","embeddable":true,"href":"https:\/\/www.glamwhite.eu\/pt\/wp-json\/wp\/v2\/product_tag?post=223"}],"curies":[{"name":"wp","href":"https:\/\/api.w.org\/{rel}","templated":true}]}}