{"id":1041,"date":"2020-09-17T07:43:35","date_gmt":"2020-10-14T11:49:20","guid":{"rendered":"http:\/\/www.glamwhite.eu\/?post_type=product&#038;p=1041"},"modified":"2025-12-02T09:02:45","modified_gmt":"2025-12-02T09:02:45","slug":"smartphone-kit","status":"publish","type":"product","link":"https:\/\/www.glamwhite.eu\/pt\/product\/smartphone-kit\/","title":{"rendered":"Smartphone Kit"},"content":{"rendered":"<p>O nosso kit para smartphone coloca tecnologia de branqueamento de ponta nas suas m\u00e3os para branquear os seus dentes de forma eficaz quando e onde estiver.<\/p>\n<p>R\u00e1pido, divertido e f\u00e1cil de utilizar, o Kit para Smartphone basta aplicar o gel nos dentes utilizando as canetas inclu\u00eddas no kit, ligar a luz LED da bandeja bucal ao seu iPhone, Android ou USB e deixar os LEDs agirem. As 16 poderosas luzes azuis aquecem suavemente o gel, acelerando o processo de branqueamento.<\/p>\n<p>O principal ingrediente branqueador \u00e9 o percarbonato de s\u00f3dio, um produto qu\u00edmico ecol\u00f3gico que juntamente com os outros ingredientes avan\u00e7ados da nossa f\u00f3rmula ir\u00e1 branquear os dentes at\u00e9 7 tonalidades, sem qualquer dor ou sensibilidade. Fabricado nos EUA com ingredientes naturais, kosher e vegan.<\/p>\n<p>Se quiser saber mais sobre branqueamento dent\u00e1rio pode visitar o nosso <a href=\"https:\/\/www.glamwhite.eu\/pt\/blog\/\">blog.<\/a><\/p>\n<div id=\"footable_parent_5739\"\n         class=\"footable_parent ninja_table_wrapper loading_ninja_table wp_table_data_press_parent semantic_ui\">\n                    <h3 class=\"table_title footable_title\">Compara\u00e7\u00e3o de produtos<\/h3>\n                        <table data-ninja_table_instance=\"ninja_table_instance_0\" data-footable_id=\"5739\" data-filter-delay=\"1000\" aria-label=\"Compara\u00e7\u00e3o de produtos\"            id=\"footable_5739\"\n           data-unique_identifier=\"ninja_table_unique_id_2359756209_5739\"\n           class=\"foo-table ninja_footable foo_table_5739 ninja_table_unique_id_2359756209_5739 ui table  nt_type_ajax_table selectable striped vertical_centered  footable-paging-right ninja_table_search_disabled\">\n                <colgroup>\n                            <col class=\"ninja_column_0\">\n                            <col class=\"ninja_column_1\">\n                            <col class=\"ninja_column_2\">\n                            <col class=\"ninja_column_3\">\n                            <col class=\"ninja_column_4\">\n                    <\/colgroup>\n            <\/table>\n    \n    \n    \n<\/div>","protected":false},"excerpt":{"rendered":"<style>#sp-ea-5104 .spcollapsing { height: 0; overflow: hidden; transition-property: height;transition-duration: 300ms;}#sp-ea-5104.sp-easy-accordion>.sp-ea-single {margin-bottom: 5px; border: 0px solid #e2e2e2; }#sp-ea-5104.sp-easy-accordion>.sp-ea-single>.ea-header a {color: #494949;}#sp-ea-5104.sp-easy-accordion>.sp-ea-single>.sp-collapse>.ea-body {background: #fff; color: #444;}#sp-ea-5104.sp-easy-accordion>.sp-ea-single {background: rgba(238,238,238,0);}#sp-ea-5104.sp-easy-accordion>.sp-ea-single>.ea-header a .ea-expand-icon { float: left; color: #444;font-size: 16px;}.sp-easy-accordion p, .ea-header br, .ea-header a br{\ndisplay: none !important;\n}\n.sp-easy-accordion .ea-body p{\ndisplay: block !important;\n}<\/style>\n<div id=\"sp_easy_accordion-1729155412\">\n<div id=\"sp-ea-5104\" class=\"sp-ea-one sp-easy-accordion\" data-ea-active=\"ea-click\" data-ea-mode=\"vertical\" data-preloader=\"\" data-scroll-active-item=\"\" data-offset-to-scroll=\"0\">\n<div class=\"ea-card sp-ea-single\">\n<h3 class=\"ea-header\"><a class=\"collapsed\" id=\"ea-header-51040\" role=\"button\" data-sptoggle=\"spcollapse\" data-sptarget=\"#collapse51040\" aria-controls=\"collapse51040\" href=\"#\" aria-expanded=\"false\" tabindex=\"0\"><i aria-hidden=\"true\" role=\"presentation\" class=\"ea-expand-icon eap-icon-ea-expand-plus\"><\/i> O que est\u00e1 inclu\u00eddo<\/a><\/h3>\n<div class=\"sp-collapse spcollapse spcollapse\" id=\"collapse51040\" role=\"region\" aria-labelledby=\"ea-header-51040\">\n<div class=\"ea-body\">\n<p>1 x Luz LED para moldeira<\/p>\n<p>1 x cabo de alimenta\u00e7\u00e3o de 4 vias (USB, USB-C, micro-USB e iPhone)<\/p>\n<p>2 x Canetas de clareamento dental de 2 mL<\/p>\n<p>1 x Guia de tonalidades em papel\u00e3o<\/p>\n<p>1 x instru\u00e7\u00f5es<\/p>\n<\/div>\n<\/div>\n<\/div>\n<div class=\"ea-card sp-ea-single\">\n<h3 class=\"ea-header\"><a class=\"collapsed\" id=\"ea-header-51041\" role=\"button\" data-sptoggle=\"spcollapse\" data-sptarget=\"#collapse51041\" aria-controls=\"collapse51041\" href=\"#\" aria-expanded=\"false\" tabindex=\"0\"><i aria-hidden=\"true\" role=\"presentation\" class=\"ea-expand-icon eap-icon-ea-expand-plus\"><\/i> How it works<\/a><\/h3>\n<div class=\"sp-collapse spcollapse spcollapse\" id=\"collapse51041\" role=\"region\" aria-labelledby=\"ea-header-51041\">\n<div class=\"ea-body\">\n<p>1.Escove os dentes suavemente.<\/p>\n<p>2.\u00ba Remova a tampa da extremidade da escova. Na primeira vez que utilizar, ser\u00e1 necess\u00e1rio rodar v\u00e1rias vezes o cabo da caneta para extrudir o gel.<\/p>\n<p>3. Sorria largamente e aplique o gel na superf\u00edcie dos dentes.<\/p>\n<p>4. Ligue a luz LED da bandeja bucal a uma fonte de energia, coloque-a na boca e branqueie durante 20 minutos.<\/p>\n<p>5. Desligue a bandeja bucal LED quando terminar o branqueamento.<\/p>\n<p>6 Cuspa e enxague ap\u00f3s a utiliza\u00e7\u00e3o e repita no dia seguinte.<\/p>\n<\/div>\n<\/div>\n<\/div>\n<div class=\"ea-card sp-ea-single\">\n<h3 class=\"ea-header\"><a class=\"collapsed\" id=\"ea-header-51042\" role=\"button\" data-sptoggle=\"spcollapse\" data-sptarget=\"#collapse51042\" aria-controls=\"collapse51042\" href=\"#\" aria-expanded=\"false\" tabindex=\"0\"><i aria-hidden=\"true\" role=\"presentation\" class=\"ea-expand-icon eap-icon-ea-expand-plus\"><\/i> Ingredientes<\/a><\/h3>\n<div class=\"sp-collapse spcollapse spcollapse\" id=\"collapse51042\" role=\"region\" aria-labelledby=\"ea-header-51042\">\n<div class=\"ea-body\">\n<p>Glycerin, Propylene Glycol, Acrylates\/C10-30 Alkyl Acrylate Crosspolymer, Triethanolamine, Sodium Saccharin, Mica, Mentha Piperita (Peppermint) Oil, Sodium Carbonate Peroxide (Sodium Percarbonate), CI 77891<\/p>\n<\/div>\n<\/div>\n<\/div>\n<\/div>\n<\/div>","protected":false},"featured_media":5707,"template":"","meta":{"site-sidebar-layout":"default","site-content-layout":"default","ast-site-content-layout":"default","site-content-style":"default","site-sidebar-style":"default","ast-global-header-display":"","ast-banner-title-visibility":"","ast-main-header-display":"","ast-hfb-above-header-display":"","ast-hfb-below-header-display":"","ast-hfb-mobile-header-display":"","site-post-title":"","ast-breadcrumbs-content":"","ast-featured-img":"","footer-sml-layout":"","ast-disable-related-posts":"","theme-transparent-header-meta":"default","adv-header-id-meta":"","stick-header-meta":"","header-above-stick-meta":"","header-main-stick-meta":"","header-below-stick-meta":"","astra-migrate-meta-layouts":"set","ast-page-background-enabled":"default","ast-page-background-meta":{"desktop":{"background-color":"var(--ast-global-color-4)","background-image":"","background-repeat":"repeat","background-position":"center center","background-size":"auto","background-attachment":"scroll","background-type":"","background-media":"","overlay-type":"","overlay-color":"","overlay-opacity":"","overlay-gradient":""},"tablet":{"background-color":"","background-image":"","background-repeat":"repeat","background-position":"center center","background-size":"auto","background-attachment":"scroll","background-type":"","background-media":"","overlay-type":"","overlay-color":"","overlay-opacity":"","overlay-gradient":""},"mobile":{"background-color":"","background-image":"","background-repeat":"repeat","background-position":"center center","background-size":"auto","background-attachment":"scroll","background-type":"","background-media":"","overlay-type":"","overlay-color":"","overlay-opacity":"","overlay-gradient":""}},"ast-content-background-meta":{"desktop":{"background-color":"var(--ast-global-color-5)","background-image":"","background-repeat":"repeat","background-position":"center center","background-size":"auto","background-attachment":"scroll","background-type":"","background-media":"","overlay-type":"","overlay-color":"","overlay-opacity":"","overlay-gradient":""},"tablet":{"background-color":"var(--ast-global-color-5)","background-image":"","background-repeat":"repeat","background-position":"center center","background-size":"auto","background-attachment":"scroll","background-type":"","background-media":"","overlay-type":"","overlay-color":"","overlay-opacity":"","overlay-gradient":""},"mobile":{"background-color":"var(--ast-global-color-5)","background-image":"","background-repeat":"repeat","background-position":"center center","background-size":"auto","background-attachment":"scroll","background-type":"","background-media":"","overlay-type":"","overlay-color":"","overlay-opacity":"","overlay-gradient":""}}},"product_brand":[],"product_cat":[71],"product_tag":[77,73,81,75,74],"class_list":{"0":"post-1041","1":"product","2":"type-product","3":"status-publish","4":"has-post-thumbnail","6":"product_cat-teeth-whitening-kits","7":"product_tag-glamwhite","8":"product_tag-kit","9":"product_tag-smartphone","10":"product_tag-teeth","11":"product_tag-whitening","12":"desktop-align-center","13":"tablet-align-left","14":"mobile-align-left","16":"first","17":"instock","18":"featured","19":"taxable","20":"shipping-taxable","21":"purchasable","22":"product-type-simple"},"_links":{"self":[{"href":"https:\/\/www.glamwhite.eu\/pt\/wp-json\/wp\/v2\/product\/1041","targetHints":{"allow":["GET"]}}],"collection":[{"href":"https:\/\/www.glamwhite.eu\/pt\/wp-json\/wp\/v2\/product"}],"about":[{"href":"https:\/\/www.glamwhite.eu\/pt\/wp-json\/wp\/v2\/types\/product"}],"wp:featuredmedia":[{"embeddable":true,"href":"https:\/\/www.glamwhite.eu\/pt\/wp-json\/wp\/v2\/media\/5707"}],"wp:attachment":[{"href":"https:\/\/www.glamwhite.eu\/pt\/wp-json\/wp\/v2\/media?parent=1041"}],"wp:term":[{"taxonomy":"product_brand","embeddable":true,"href":"https:\/\/www.glamwhite.eu\/pt\/wp-json\/wp\/v2\/product_brand?post=1041"},{"taxonomy":"product_cat","embeddable":true,"href":"https:\/\/www.glamwhite.eu\/pt\/wp-json\/wp\/v2\/product_cat?post=1041"},{"taxonomy":"product_tag","embeddable":true,"href":"https:\/\/www.glamwhite.eu\/pt\/wp-json\/wp\/v2\/product_tag?post=1041"}],"curies":[{"name":"wp","href":"https:\/\/api.w.org\/{rel}","templated":true}]}}