{"id":630,"date":"2020-09-17T07:34:15","date_gmt":"2020-09-17T07:34:15","guid":{"rendered":"http:\/\/www.nandbro.com\/glamwhite\/wordpress\/?post_type=product&#038;p=630"},"modified":"2024-12-26T11:30:45","modified_gmt":"2024-12-26T11:30:45","slug":"whitening-foam-toothpaste","status":"publish","type":"product","link":"https:\/\/www.glamwhite.eu\/fr\/product\/whitening-foam-toothpaste\/","title":{"rendered":"Whitening FOAM Toothpaste &#8211; 3 PACK"},"content":{"rendered":"<p><span lang=\"en-US\">Sp\u00e9cialement formul\u00e9 pour un usage quotidien, le dentifrice Whitening FOAM de GlamWhite remplace le dentifrice habituel.<\/span><\/p>\n<p><span lang=\"en-US\">Ce syst\u00e8me d\u2019oxyg\u00e9nation r\u00e9volutionnaire nettoie et blanchit les dents, pr\u00e9vient la carie dentaire et rafra\u00eechit l\u2019haleine.\u00a0<\/span><\/p>\n<p><span lang=\"en-US\">L'agent blanchissant cl\u00e9 de la mousse est le percarbonate de sodium, un produit chimique respectueux de l'environnement qui, associ\u00e9 aux autres ingr\u00e9dients avanc\u00e9s de notre formule, blanchira vos dents jusqu'\u00e0 7 nuances, sans aucune douleur ni sensibilit\u00e9. Fabriqu\u00e9 aux \u00c9tats-Unis avec des ingr\u00e9dients naturels, casher et v\u00e9g\u00e9taliens. Contient du fluor.<\/span><\/p>\n<p>Si vous voulez en savoir plus sur le blanchiment des dents, vous pouvez visiter notre <a href=\"https:\/\/www.glamwhite.eu\/fr\/blog\/\">blog.<\/a><\/p>\n<div id=\"footable_parent_5739\"\n         class=\"footable_parent ninja_table_wrapper loading_ninja_table wp_table_data_press_parent semantic_ui\">\n                    <h3 class=\"table_title footable_title\">Comparaison de produits<\/h3>\n                        <table data-ninja_table_instance=\"ninja_table_instance_0\" data-footable_id=\"5739\" data-filter-delay=\"1000\" aria-label=\"Comparaison de produits\"            id=\"footable_5739\"\n           data-unique_identifier=\"ninja_table_unique_id_3371048741_5739\"\n           class=\"foo-table ninja_footable foo_table_5739 ninja_table_unique_id_3371048741_5739 ui table  nt_type_ajax_table selectable striped vertical_centered  footable-paging-right ninja_table_search_disabled\">\n                <colgroup>\n                            <col class=\"ninja_column_0\">\n                            <col class=\"ninja_column_1\">\n                            <col class=\"ninja_column_2\">\n                            <col class=\"ninja_column_3\">\n                            <col class=\"ninja_column_4\">\n                    <\/colgroup>\n            <\/table>\n    \n    \n    \n<\/div>","protected":false},"excerpt":{"rendered":"<style>#sp-ea-5866 .spcollapsing { height: 0; overflow: hidden; transition-property: height;transition-duration: 300ms;}#sp-ea-5866.sp-easy-accordion>.sp-ea-single {margin-bottom: 10px; border: 1px solid #e2e2e2; }#sp-ea-5866.sp-easy-accordion>.sp-ea-single>.ea-header a {color: #5b5b5b;}#sp-ea-5866.sp-easy-accordion>.sp-ea-single>.sp-collapse>.ea-body {background: #fff; color: #444;}#sp-ea-5866.sp-easy-accordion>.sp-ea-single {background: rgba(238,238,238,0);}#sp-ea-5866.sp-easy-accordion>.sp-ea-single>.ea-header a .ea-expand-icon { float: left; color: #444;font-size: 16px;}.sp-easy-accordion p, .ea-header br, .ea-header a br{\ndisplay: none !important;\n}\n.sp-easy-accordion .ea-body p{\ndisplay: block !important;\n}<\/style>\n<div id=\"sp_easy_accordion-1702476596\">\n<div id=\"sp-ea-5866\" class=\"sp-ea-one sp-easy-accordion\" data-ea-active=\"ea-click\" data-ea-mode=\"vertical\" data-preloader=\"\" data-scroll-active-item=\"\" data-offset-to-scroll=\"0\">\n<div class=\"ea-card sp-ea-single\">\n<h3 class=\"ea-header\"><a class=\"collapsed\" id=\"ea-header-58660\" role=\"button\" data-sptoggle=\"spcollapse\" data-sptarget=\"#collapse58660\" aria-controls=\"collapse58660\" href=\"#\" aria-expanded=\"false\" tabindex=\"0\"><i aria-hidden=\"true\" role=\"presentation\" class=\"ea-expand-icon eap-icon-ea-expand-plus\"><\/i> Ce qui est inclu<\/a><\/h3>\n<div class=\"sp-collapse spcollapse spcollapse\" id=\"collapse58660\" data-parent=\"#sp-ea-5866\" role=\"region\" aria-labelledby=\"ea-header-58660\">\n<div class=\"ea-body\">\n<p>1x 50 ml de dentifrice en mousse<\/p>\n<p>1x Instructions<\/p>\n<\/div>\n<\/div>\n<\/div>\n<div class=\"ea-card sp-ea-single\">\n<h3 class=\"ea-header\"><a class=\"collapsed\" id=\"ea-header-58661\" role=\"button\" data-sptoggle=\"spcollapse\" data-sptarget=\"#collapse58661\" aria-controls=\"collapse58661\" href=\"#\" aria-expanded=\"false\" tabindex=\"0\"><i aria-hidden=\"true\" role=\"presentation\" class=\"ea-expand-icon eap-icon-ea-expand-plus\"><\/i> Pour les meilleurs r\u00e9sultats<\/a><\/h3>\n<div class=\"sp-collapse spcollapse spcollapse\" id=\"collapse58661\" data-parent=\"#sp-ea-5866\" role=\"region\" aria-labelledby=\"ea-header-58661\">\n<div class=\"ea-body\">\n<p>Utiliser une fois le matin et une fois le soir. Ne pas utiliser plus de 2 fois par jour.<\/p>\n<\/div>\n<\/div>\n<\/div>\n<div class=\"ea-card sp-ea-single\">\n<h3 class=\"ea-header\"><a class=\"collapsed\" id=\"ea-header-58662\" role=\"button\" data-sptoggle=\"spcollapse\" data-sptarget=\"#collapse58662\" aria-controls=\"collapse58662\" href=\"#\" aria-expanded=\"false\" tabindex=\"0\"><i aria-hidden=\"true\" role=\"presentation\" class=\"ea-expand-icon eap-icon-ea-expand-plus\"><\/i> Caract\u00e9ristiques<\/a><\/h3>\n<div class=\"sp-collapse spcollapse spcollapse\" id=\"collapse58662\" data-parent=\"#sp-ea-5866\" role=\"region\" aria-labelledby=\"ea-header-58662\">\n<div class=\"ea-body\">\n<p>\u2022 Nettoie les dents et \u00e9limine les taches<\/p>\n<p>\u2022 Laisse la bouche fra\u00eeche<\/p>\n<p>\u2022 Moins de 0,1\u00a0% de peroxyde d'hydrog\u00e8ne<\/p>\n<p>\u2022 Approvisionnement de 2\u00a0mois<\/p>\n<p>\u2022 Sans danger pour un usage quotidien<\/p>\n<\/div>\n<\/div>\n<\/div>\n<div class=\"ea-card sp-ea-single\">\n<h3 class=\"ea-header\"><a class=\"collapsed\" id=\"ea-header-58663\" role=\"button\" data-sptoggle=\"spcollapse\" data-sptarget=\"#collapse58663\" aria-controls=\"collapse58663\" href=\"#\" aria-expanded=\"false\" tabindex=\"0\"><i aria-hidden=\"true\" role=\"presentation\" class=\"ea-expand-icon eap-icon-ea-expand-plus\"><\/i> Ingr\u00e9dients<\/a><\/h3>\n<div class=\"sp-collapse spcollapse spcollapse\" id=\"collapse58663\" data-parent=\"#sp-ea-5866\" role=\"region\" aria-labelledby=\"ea-header-58663\">\n<div class=\"ea-body\">\n<p>Aqua, Propylene Glycol, Glycerin, Alcohol, Sodium Lauryl Sulfate, Poloxamer 407, Aroma, Sodium Citrate, Sodium Saccharin, Menthol, Sucralose, Poloxamer 188, Polysorbate 20, Sodium Benzoate, Sodium Fluoride, Sodium Carbonate Peroxide, Caffeine, C10-16 Alcohols,\u00a0Disodium\u00a0EDTA<\/p>\n<\/div>\n<\/div>\n<\/div>\n<\/div>\n<\/div>","protected":false},"featured_media":6105,"template":"","meta":{"site-sidebar-layout":"default","site-content-layout":"default","ast-site-content-layout":"default","site-content-style":"default","site-sidebar-style":"default","ast-global-header-display":"","ast-banner-title-visibility":"","ast-main-header-display":"","ast-hfb-above-header-display":"","ast-hfb-below-header-display":"","ast-hfb-mobile-header-display":"","site-post-title":"","ast-breadcrumbs-content":"","ast-featured-img":"","footer-sml-layout":"","ast-disable-related-posts":"","theme-transparent-header-meta":"default","adv-header-id-meta":"","stick-header-meta":"","header-above-stick-meta":"","header-main-stick-meta":"","header-below-stick-meta":"","astra-migrate-meta-layouts":"default","ast-page-background-enabled":"default","ast-page-background-meta":{"desktop":{"background-color":"var(--ast-global-color-4)","background-image":"","background-repeat":"repeat","background-position":"center center","background-size":"auto","background-attachment":"scroll","background-type":"","background-media":"","overlay-type":"","overlay-color":"","overlay-opacity":"","overlay-gradient":""},"tablet":{"background-color":"","background-image":"","background-repeat":"repeat","background-position":"center center","background-size":"auto","background-attachment":"scroll","background-type":"","background-media":"","overlay-type":"","overlay-color":"","overlay-opacity":"","overlay-gradient":""},"mobile":{"background-color":"","background-image":"","background-repeat":"repeat","background-position":"center center","background-size":"auto","background-attachment":"scroll","background-type":"","background-media":"","overlay-type":"","overlay-color":"","overlay-opacity":"","overlay-gradient":""}},"ast-content-background-meta":{"desktop":{"background-color":"var(--ast-global-color-5)","background-image":"","background-repeat":"repeat","background-position":"center center","background-size":"auto","background-attachment":"scroll","background-type":"","background-media":"","overlay-type":"","overlay-color":"","overlay-opacity":"","overlay-gradient":""},"tablet":{"background-color":"var(--ast-global-color-5)","background-image":"","background-repeat":"repeat","background-position":"center center","background-size":"auto","background-attachment":"scroll","background-type":"","background-media":"","overlay-type":"","overlay-color":"","overlay-opacity":"","overlay-gradient":""},"mobile":{"background-color":"var(--ast-global-color-5)","background-image":"","background-repeat":"repeat","background-position":"center center","background-size":"auto","background-attachment":"scroll","background-type":"","background-media":"","overlay-type":"","overlay-color":"","overlay-opacity":"","overlay-gradient":""}}},"product_brand":[],"product_cat":[70],"product_tag":[90,77,75,91,74],"class_list":{"0":"post-630","1":"product","2":"type-product","3":"status-publish","4":"has-post-thumbnail","6":"product_cat-hiden","7":"product_tag-foam","8":"product_tag-glamwhite","9":"product_tag-teeth","10":"product_tag-toothpaste","11":"product_tag-whitening","12":"desktop-align-center","13":"tablet-align-left","14":"mobile-align-left","16":"first","17":"instock","18":"taxable","19":"shipping-taxable","20":"purchasable","21":"product-type-simple"},"_links":{"self":[{"href":"https:\/\/www.glamwhite.eu\/fr\/wp-json\/wp\/v2\/product\/630","targetHints":{"allow":["GET"]}}],"collection":[{"href":"https:\/\/www.glamwhite.eu\/fr\/wp-json\/wp\/v2\/product"}],"about":[{"href":"https:\/\/www.glamwhite.eu\/fr\/wp-json\/wp\/v2\/types\/product"}],"wp:featuredmedia":[{"embeddable":true,"href":"https:\/\/www.glamwhite.eu\/fr\/wp-json\/wp\/v2\/media\/6105"}],"wp:attachment":[{"href":"https:\/\/www.glamwhite.eu\/fr\/wp-json\/wp\/v2\/media?parent=630"}],"wp:term":[{"taxonomy":"product_brand","embeddable":true,"href":"https:\/\/www.glamwhite.eu\/fr\/wp-json\/wp\/v2\/product_brand?post=630"},{"taxonomy":"product_cat","embeddable":true,"href":"https:\/\/www.glamwhite.eu\/fr\/wp-json\/wp\/v2\/product_cat?post=630"},{"taxonomy":"product_tag","embeddable":true,"href":"https:\/\/www.glamwhite.eu\/fr\/wp-json\/wp\/v2\/product_tag?post=630"}],"curies":[{"name":"wp","href":"https:\/\/api.w.org\/{rel}","templated":true}]}}