{"id":5966,"date":"2023-12-15T10:25:09","date_gmt":"2023-12-15T10:25:09","guid":{"rendered":"https:\/\/www.glamwhite.eu\/?post_type=product&#038;p=5966"},"modified":"2025-12-16T08:58:39","modified_gmt":"2025-12-16T08:58:39","slug":"xpert-pack","status":"publish","type":"product","link":"https:\/\/www.glamwhite.eu\/fr\/product\/xpert-pack\/","title":{"rendered":"XPERT Pack"},"content":{"rendered":"<p>Le Pack Xpert est la combinaison parfaite pour garder votre sourire blanc. Le Home Whitening Kit Xpress Smile blanchira vos dents et le Dentifrice Whitening FOAM vous aidera \u00e0 les garder blanches plus longtemps.<\/p>\n<p><strong>Home Whitening Kit Xpress Smile:\u00a0<\/strong><\/p>\n<p class=\"western\" lang=\"en-US\">Notre kit haut de gamme comprend 3 seringues de 5 mL \u2013 id\u00e9al pour faire jusqu\u2019\u00e0 12 applications \u2013 ainsi qu\u2019une lumi\u00e8re avec 5 LED puissants et une minuterie int\u00e9gr\u00e9e avec bip pour pouvoir suivre le temps de la s\u00e9ance de blanchiment plus facilement.<\/p>\n<p class=\"western\" lang=\"en-US\">La lumi\u00e8re se fixe sur la goutti\u00e8re et brille directement sur les dents pour acc\u00e9l\u00e9rer le processus de blanchiment. Les 15 mL de gel permettent de faire un traitement complet de 6 jours et un traitement de retouche de 3 jours pour garder les dents blanches ou am\u00e9liorer les r\u00e9sultats.<\/p>\n<p class=\"western\" lang=\"en-US\">Le gel est fabriqu\u00e9 aux \u00c9tats-Unis avec les meilleurs ingr\u00e9dients, entre autres, de la glyc\u00e9rine casher, sans OGM et v\u00e9g\u00e9talienne, ainsi que des ar\u00f4mes naturels. Respectueuse de l\u2019\u00e9mail et de la gencive, notre formule est tr\u00e8s performante et peut blanchir les dents jusqu\u2019\u00e0 7 teintes. Garanti sans douleur!<\/p>\n<p lang=\"en-US\"><strong>Dentifrice MOUSSE Blanchissant\u00a0:<\/strong><\/p>\n<p><span lang=\"en-US\">Sp\u00e9cialement formul\u00e9 pour un usage quotidien, le dentifrice Whitening FOAM de GlamWhite remplace le dentifrice habituel.<\/span><\/p>\n<p><span lang=\"en-US\">Ce syst\u00e8me d\u2019oxyg\u00e9nation r\u00e9volutionnaire nettoie et blanchit les dents, pr\u00e9vient la carie dentaire et rafra\u00eechit l\u2019haleine.\u00a0<\/span><\/p>\n<p><span lang=\"en-US\">L'agent blanchissant cl\u00e9 de la mousse est le percarbonate de sodium, un produit chimique respectueux de l'environnement qui, associ\u00e9 aux autres ingr\u00e9dients avanc\u00e9s de notre formule, blanchira vos dents jusqu'\u00e0 7 nuances, sans aucune douleur ni sensibilit\u00e9. Fabriqu\u00e9 aux \u00c9tats-Unis avec des ingr\u00e9dients naturels, casher et v\u00e9g\u00e9taliens. Contient du fluor.<\/span><\/p>\n<p>&nbsp;<\/p>\n<p>Si vous voulez en savoir plus sur le blanchiment des dents, vous pouvez visiter notre <a href=\"https:\/\/www.glamwhite.eu\/fr\/blog\/\">blog.<\/a><\/p>","protected":false},"excerpt":{"rendered":"<p>The Xpert Pack is the perfect combination to keep your smile white. The Home Whitening Kit Xpress Smile will whiten your teeth and the Whitening FOAM Toothpaste will help you to keep them white for longer. Home Whitening Kit Xpress Smile:\u00a0 Our top-of-the-range Home Whitening Kit Xpress Smile includes 3 syringes of 5 mL, giving [&hellip;]<\/p>\n","protected":false},"featured_media":6189,"template":"","meta":{"site-sidebar-layout":"default","site-content-layout":"default","ast-site-content-layout":"default","site-content-style":"default","site-sidebar-style":"default","ast-global-header-display":"","ast-banner-title-visibility":"","ast-main-header-display":"","ast-hfb-above-header-display":"","ast-hfb-below-header-display":"","ast-hfb-mobile-header-display":"","site-post-title":"","ast-breadcrumbs-content":"","ast-featured-img":"","footer-sml-layout":"","ast-disable-related-posts":"","theme-transparent-header-meta":"default","adv-header-id-meta":"","stick-header-meta":"","header-above-stick-meta":"","header-main-stick-meta":"","header-below-stick-meta":"","astra-migrate-meta-layouts":"default","ast-page-background-enabled":"default","ast-page-background-meta":{"desktop":{"background-color":"var(--ast-global-color-4)","background-image":"","background-repeat":"repeat","background-position":"center center","background-size":"auto","background-attachment":"scroll","background-type":"","background-media":"","overlay-type":"","overlay-color":"","overlay-opacity":"","overlay-gradient":""},"tablet":{"background-color":"","background-image":"","background-repeat":"repeat","background-position":"center center","background-size":"auto","background-attachment":"scroll","background-type":"","background-media":"","overlay-type":"","overlay-color":"","overlay-opacity":"","overlay-gradient":""},"mobile":{"background-color":"","background-image":"","background-repeat":"repeat","background-position":"center center","background-size":"auto","background-attachment":"scroll","background-type":"","background-media":"","overlay-type":"","overlay-color":"","overlay-opacity":"","overlay-gradient":""}},"ast-content-background-meta":{"desktop":{"background-color":"var(--ast-global-color-5)","background-image":"","background-repeat":"repeat","background-position":"center center","background-size":"auto","background-attachment":"scroll","background-type":"","background-media":"","overlay-type":"","overlay-color":"","overlay-opacity":"","overlay-gradient":""},"tablet":{"background-color":"var(--ast-global-color-5)","background-image":"","background-repeat":"repeat","background-position":"center center","background-size":"auto","background-attachment":"scroll","background-type":"","background-media":"","overlay-type":"","overlay-color":"","overlay-opacity":"","overlay-gradient":""},"mobile":{"background-color":"var(--ast-global-color-5)","background-image":"","background-repeat":"repeat","background-position":"center center","background-size":"auto","background-attachment":"scroll","background-type":"","background-media":"","overlay-type":"","overlay-color":"","overlay-opacity":"","overlay-gradient":""}}},"product_brand":[],"product_cat":[92],"product_tag":[90,95,80,75,93,91,94,79],"class_list":{"0":"post-5966","1":"product","2":"type-product","3":"status-publish","4":"has-post-thumbnail","6":"product_cat-teeth-whitening-packs","7":"product_tag-foam","8":"product_tag-packs","9":"product_tag-smile","10":"product_tag-teeth","11":"product_tag-teeth-whitening","12":"product_tag-toothpaste","13":"product_tag-white","14":"product_tag-xpress","15":"desktop-align-center","16":"tablet-align-left","17":"mobile-align-left","19":"first","20":"instock","21":"sale","22":"taxable","23":"shipping-taxable","24":"purchasable","25":"product-type-simple"},"_links":{"self":[{"href":"https:\/\/www.glamwhite.eu\/fr\/wp-json\/wp\/v2\/product\/5966","targetHints":{"allow":["GET"]}}],"collection":[{"href":"https:\/\/www.glamwhite.eu\/fr\/wp-json\/wp\/v2\/product"}],"about":[{"href":"https:\/\/www.glamwhite.eu\/fr\/wp-json\/wp\/v2\/types\/product"}],"wp:featuredmedia":[{"embeddable":true,"href":"https:\/\/www.glamwhite.eu\/fr\/wp-json\/wp\/v2\/media\/6189"}],"wp:attachment":[{"href":"https:\/\/www.glamwhite.eu\/fr\/wp-json\/wp\/v2\/media?parent=5966"}],"wp:term":[{"taxonomy":"product_brand","embeddable":true,"href":"https:\/\/www.glamwhite.eu\/fr\/wp-json\/wp\/v2\/product_brand?post=5966"},{"taxonomy":"product_cat","embeddable":true,"href":"https:\/\/www.glamwhite.eu\/fr\/wp-json\/wp\/v2\/product_cat?post=5966"},{"taxonomy":"product_tag","embeddable":true,"href":"https:\/\/www.glamwhite.eu\/fr\/wp-json\/wp\/v2\/product_tag?post=5966"}],"curies":[{"name":"wp","href":"https:\/\/api.w.org\/{rel}","templated":true}]}}