{"id":5863,"date":"2023-12-12T08:25:22","date_gmt":"2023-12-12T08:25:22","guid":{"rendered":"https:\/\/www.glamwhite.eu\/?post_type=product&#038;p=5863"},"modified":"2025-12-02T07:33:16","modified_gmt":"2025-12-02T07:33:16","slug":"pre-filled-whitening-trays","status":"publish","type":"product","link":"https:\/\/www.glamwhite.eu\/fr\/product\/pre-filled-whitening-trays\/","title":{"rendered":"Pre-filled Whitening Trays"},"content":{"rendered":"<p class=\"western\" lang=\"en-US\">Tu trouves les seringues trop encombrantes? Voici la solution parfaite pour toi! Notre Pre-filled Trays Kit se compose de 10 goutti\u00e8res pr\u00e9-remplies, emball\u00e9es individuellement et pr\u00eates \u00e0 l'emploi.<\/p>\n<p class=\"western\" lang=\"en-US\">Les r\u00e9sultats peuvent \u00eatre vus d\u00e8s la premi\u00e8re application mais il est recommand\u00e9 d\u2019utiliser les goutti\u00e8res pendant 5 jours cons\u00e9cutifs pour des r\u00e9sultats optimums.<\/p>\n<p class=\"western\" lang=\"en-US\">Ce produit peut \u00e9galement \u00eatre utilis\u00e9 de mani\u00e8re occasionnelle.<\/p>\n<p class=\"western\" lang=\"en-US\">Le gel est fabriqu\u00e9 aux \u00c9tats-Unis avec les meilleurs ingr\u00e9dients, entre autres, de la glyc\u00e9rine casher, sans OGM et v\u00e9g\u00e9talienne, ainsi que des ar\u00f4mes naturels. Respectueuse de l\u2019\u00e9mail et de la gencive, notre formule est tr\u00e8s performante et peut blanchir les dents jusqu\u2019\u00e0 7 teintes. Garanti sans douleur!<\/p>\n<p>Si vous voulez en savoir plus sur le blanchiment des dents, vous pouvez visiter notre <a href=\"https:\/\/www.glamwhite.eu\/fr\/blog\/\">blog.<\/a><\/p>\n<div id=\"footable_parent_5739\"\n         class=\"footable_parent ninja_table_wrapper loading_ninja_table wp_table_data_press_parent semantic_ui\">\n                    <h3 class=\"table_title footable_title\">Comparaison de produits<\/h3>\n                        <table data-ninja_table_instance=\"ninja_table_instance_0\" data-footable_id=\"5739\" data-filter-delay=\"1000\" aria-label=\"Comparaison de produits\"            id=\"footable_5739\"\n           data-unique_identifier=\"ninja_table_unique_id_1298677287_5739\"\n           class=\"foo-table ninja_footable foo_table_5739 ninja_table_unique_id_1298677287_5739 ui table  nt_type_ajax_table selectable striped vertical_centered  footable-paging-right ninja_table_search_disabled\">\n                <colgroup>\n                            <col class=\"ninja_column_0\">\n                            <col class=\"ninja_column_1\">\n                            <col class=\"ninja_column_2\">\n                            <col class=\"ninja_column_3\">\n                            <col class=\"ninja_column_4\">\n                    <\/colgroup>\n            <\/table>\n    \n    \n    \n<\/div>","protected":false},"excerpt":{"rendered":"<style>#sp-ea-5105 .spcollapsing { height: 0; overflow: hidden; transition-property: height;transition-duration: 300ms;}#sp-ea-5105.sp-easy-accordion>.sp-ea-single {margin-bottom: 10px; border: 0px solid #e2e2e2; }#sp-ea-5105.sp-easy-accordion>.sp-ea-single>.ea-header a {color: #545454;}#sp-ea-5105.sp-easy-accordion>.sp-ea-single>.sp-collapse>.ea-body {background: #fff; color: #444;}#sp-ea-5105.sp-easy-accordion>.sp-ea-single {background: rgba(238,238,238,0);}#sp-ea-5105.sp-easy-accordion>.sp-ea-single>.ea-header a .ea-expand-icon { float: left; color: #444;font-size: 16px;}.sp-easy-accordion p, .ea-header br, .ea-header a br{\ndisplay: none !important;\n}\n.sp-easy-accordion .ea-body p{\ndisplay: block !important;\n}<\/style>\n<div id=\"sp_easy_accordion-1776767293\">\n<div id=\"sp-ea-5105\" class=\"sp-ea-one sp-easy-accordion\" data-ea-active=\"ea-click\" data-ea-mode=\"vertical\" data-preloader=\"\" data-scroll-active-item=\"\" data-offset-to-scroll=\"0\">\n<div class=\"ea-card sp-ea-single\">\n<h3 class=\"ea-header\"><a class=\"collapsed\" id=\"ea-header-51050\" role=\"button\" data-sptoggle=\"spcollapse\" data-sptarget=\"#collapse51050\" aria-controls=\"collapse51050\" href=\"#\" aria-expanded=\"false\" tabindex=\"0\"><i aria-hidden=\"true\" role=\"presentation\" class=\"ea-expand-icon eap-icon-ea-expand-plus\"><\/i> Ce qui est inclu<\/a><\/h3>\n<div class=\"sp-collapse spcollapse spcollapse\" id=\"collapse51050\" role=\"region\" aria-labelledby=\"ea-header-51050\">\n<div class=\"ea-body\">\n<p>10 x Goutti\u00e8res pr\u00e9remplies<\/p>\n<p>1 x Instructions<\/p>\n<\/div>\n<\/div>\n<\/div>\n<div class=\"ea-card sp-ea-single\">\n<h3 class=\"ea-header\"><a class=\"collapsed\" id=\"ea-header-51051\" role=\"button\" data-sptoggle=\"spcollapse\" data-sptarget=\"#collapse51051\" aria-controls=\"collapse51051\" href=\"#\" aria-expanded=\"false\" tabindex=\"0\"><i aria-hidden=\"true\" role=\"presentation\" class=\"ea-expand-icon eap-icon-ea-expand-plus\"><\/i> Comment \u00e7a fonctionne<\/a><\/h3>\n<div class=\"sp-collapse spcollapse spcollapse\" id=\"collapse51051\" role=\"region\" aria-labelledby=\"ea-header-51051\">\n<div class=\"ea-body\">\n<p>1. Brosser les dents.<\/p>\n<p>2. Enlever les goutti\u00e8res du sachet d'emballage et les placer sur les dents sup\u00e9rieures et inf\u00e9rieures<\/p>\n<p>3. Presser le devant des goutti\u00e8res contre les dents du bas et du haut jusqu'\u00e0 ce que le gel recouvre les dents et garder les goutti\u00e8res en bouche pendant 20 minutes.<\/p>\n<p>4. Rincer la bouche avec de l'eau et r\u00e9p\u00e9ter le lendemain.<\/p>\n<\/div>\n<\/div>\n<\/div>\n<div class=\"ea-card sp-ea-single\">\n<h3 class=\"ea-header\"><a class=\"collapsed\" id=\"ea-header-51052\" role=\"button\" data-sptoggle=\"spcollapse\" data-sptarget=\"#collapse51052\" aria-controls=\"collapse51052\" href=\"#\" aria-expanded=\"false\" tabindex=\"0\"><i aria-hidden=\"true\" role=\"presentation\" class=\"ea-expand-icon eap-icon-ea-expand-plus\"><\/i> Ingr\u00e9dients<\/a><\/h3>\n<div class=\"sp-collapse spcollapse spcollapse\" id=\"collapse51052\" role=\"region\" aria-labelledby=\"ea-header-51052\">\n<div class=\"ea-body\">\n<p>Glycerin, Propylene Glycol, Acrylates\/C10-30 Alkyl Acrylate Crosspolymer, Triethanolamine, Sodium Saccharin, Mica, Mentha Piperita (Peppermint) Oil, Sodium Carbonate Peroxide (Sodium Percarbonate), CI 77891<\/p>\n<\/div>\n<\/div>\n<\/div>\n<\/div>\n<\/div>","protected":false},"featured_media":5567,"template":"","meta":{"site-sidebar-layout":"default","site-content-layout":"default","ast-site-content-layout":"default","site-content-style":"default","site-sidebar-style":"default","ast-global-header-display":"","ast-banner-title-visibility":"","ast-main-header-display":"","ast-hfb-above-header-display":"","ast-hfb-below-header-display":"","ast-hfb-mobile-header-display":"","site-post-title":"","ast-breadcrumbs-content":"","ast-featured-img":"","footer-sml-layout":"","ast-disable-related-posts":"","theme-transparent-header-meta":"default","adv-header-id-meta":"","stick-header-meta":"","header-above-stick-meta":"","header-main-stick-meta":"","header-below-stick-meta":"","astra-migrate-meta-layouts":"set","ast-page-background-enabled":"default","ast-page-background-meta":{"desktop":{"background-color":"var(--ast-global-color-4)","background-image":"","background-repeat":"repeat","background-position":"center center","background-size":"auto","background-attachment":"scroll","background-type":"","background-media":"","overlay-type":"","overlay-color":"","overlay-opacity":"","overlay-gradient":""},"tablet":{"background-color":"","background-image":"","background-repeat":"repeat","background-position":"center center","background-size":"auto","background-attachment":"scroll","background-type":"","background-media":"","overlay-type":"","overlay-color":"","overlay-opacity":"","overlay-gradient":""},"mobile":{"background-color":"","background-image":"","background-repeat":"repeat","background-position":"center center","background-size":"auto","background-attachment":"scroll","background-type":"","background-media":"","overlay-type":"","overlay-color":"","overlay-opacity":"","overlay-gradient":""}},"ast-content-background-meta":{"desktop":{"background-color":"var(--ast-global-color-5)","background-image":"","background-repeat":"repeat","background-position":"center center","background-size":"auto","background-attachment":"scroll","background-type":"","background-media":"","overlay-type":"","overlay-color":"","overlay-opacity":"","overlay-gradient":""},"tablet":{"background-color":"var(--ast-global-color-5)","background-image":"","background-repeat":"repeat","background-position":"center center","background-size":"auto","background-attachment":"scroll","background-type":"","background-media":"","overlay-type":"","overlay-color":"","overlay-opacity":"","overlay-gradient":""},"mobile":{"background-color":"var(--ast-global-color-5)","background-image":"","background-repeat":"repeat","background-position":"center center","background-size":"auto","background-attachment":"scroll","background-type":"","background-media":"","overlay-type":"","overlay-color":"","overlay-opacity":"","overlay-gradient":""}}},"product_brand":[],"product_cat":[71],"product_tag":[77,73,75,83,74],"class_list":{"0":"post-5863","1":"product","2":"type-product","3":"status-publish","4":"has-post-thumbnail","6":"product_cat-teeth-whitening-kits","7":"product_tag-glamwhite","8":"product_tag-kit","9":"product_tag-teeth","10":"product_tag-trays","11":"product_tag-whitening","12":"desktop-align-center","13":"tablet-align-left","14":"mobile-align-left","16":"first","17":"outofstock","18":"taxable","19":"shipping-taxable","20":"purchasable","21":"product-type-simple"},"_links":{"self":[{"href":"https:\/\/www.glamwhite.eu\/fr\/wp-json\/wp\/v2\/product\/5863","targetHints":{"allow":["GET"]}}],"collection":[{"href":"https:\/\/www.glamwhite.eu\/fr\/wp-json\/wp\/v2\/product"}],"about":[{"href":"https:\/\/www.glamwhite.eu\/fr\/wp-json\/wp\/v2\/types\/product"}],"wp:featuredmedia":[{"embeddable":true,"href":"https:\/\/www.glamwhite.eu\/fr\/wp-json\/wp\/v2\/media\/5567"}],"wp:attachment":[{"href":"https:\/\/www.glamwhite.eu\/fr\/wp-json\/wp\/v2\/media?parent=5863"}],"wp:term":[{"taxonomy":"product_brand","embeddable":true,"href":"https:\/\/www.glamwhite.eu\/fr\/wp-json\/wp\/v2\/product_brand?post=5863"},{"taxonomy":"product_cat","embeddable":true,"href":"https:\/\/www.glamwhite.eu\/fr\/wp-json\/wp\/v2\/product_cat?post=5863"},{"taxonomy":"product_tag","embeddable":true,"href":"https:\/\/www.glamwhite.eu\/fr\/wp-json\/wp\/v2\/product_tag?post=5863"}],"curies":[{"name":"wp","href":"https:\/\/api.w.org\/{rel}","templated":true}]}}