{"id":1041,"date":"2020-09-17T07:43:35","date_gmt":"2020-10-14T11:49:20","guid":{"rendered":"http:\/\/www.glamwhite.eu\/?post_type=product&#038;p=1041"},"modified":"2025-12-02T09:02:45","modified_gmt":"2025-12-02T09:02:45","slug":"smartphone-kit","status":"publish","type":"product","link":"https:\/\/www.glamwhite.eu\/fr\/product\/smartphone-kit\/","title":{"rendered":"Smartphone Kit"},"content":{"rendered":"<p>Notre Kit Smartphone est \u00e9quip\u00e9 de la derni\u00e8re technologie en mati\u00e8re de blanchiment, te permettant de blanchir tes dents de mani\u00e8re efficace partout et \u00e0 tout moment.<\/p>\n<p>Rapide, amusant et facile \u00e0 utiliser, tu n\u2019as qu\u2019appliquer le gel sur tes dents \u00e0 l\u2019aide des stylos de blanchiment inclus dans le kit, brancher la goutti\u00e8re-lumi\u00e8re LED sur ton iPhone, Android ou USB, et laisser les LED op\u00e9rer leur magie! Les 16 LED puissants r\u00e9chauffent l\u00e9g\u00e8rement le gel, acc\u00e9l\u00e9rant ainsi le processus de blanchiment.<\/p>\n<p>Le gel est fabriqu\u00e9 aux \u00c9tats-Unis avec les meilleurs ingr\u00e9dients, entre autres, de la glyc\u00e9rine casher, sans OGM et v\u00e9g\u00e9talienne, ainsi que des ar\u00f4mes naturels. Respectueuse de l\u2019\u00e9mail et de la gencive, notre formule est tr\u00e8s performante et peut blanchir les dents jusqu\u2019\u00e0 7 teintes. Garanti sans douleur!<\/p>\n<p>Si vous voulez en savoir plus sur le blanchiment des dents, vous pouvez visiter notre <a href=\"https:\/\/www.glamwhite.eu\/fr\/blog\/\">blog.<\/a><\/p>\n<div id=\"footable_parent_5739\"\n         class=\"footable_parent ninja_table_wrapper loading_ninja_table wp_table_data_press_parent semantic_ui\">\n                    <h3 class=\"table_title footable_title\">Comparaison de produits<\/h3>\n                        <table data-ninja_table_instance=\"ninja_table_instance_0\" data-footable_id=\"5739\" data-filter-delay=\"1000\" aria-label=\"Comparaison de produits\"            id=\"footable_5739\"\n           data-unique_identifier=\"ninja_table_unique_id_3665279911_5739\"\n           class=\"foo-table ninja_footable foo_table_5739 ninja_table_unique_id_3665279911_5739 ui table  nt_type_ajax_table selectable striped vertical_centered  footable-paging-right ninja_table_search_disabled\">\n                <colgroup>\n                            <col class=\"ninja_column_0\">\n                            <col class=\"ninja_column_1\">\n                            <col class=\"ninja_column_2\">\n                            <col class=\"ninja_column_3\">\n                            <col class=\"ninja_column_4\">\n                    <\/colgroup>\n            <\/table>\n    \n    \n    \n<\/div>","protected":false},"excerpt":{"rendered":"<style>#sp-ea-5104 .spcollapsing { height: 0; overflow: hidden; transition-property: height;transition-duration: 300ms;}#sp-ea-5104.sp-easy-accordion>.sp-ea-single {margin-bottom: 5px; border: 0px solid #e2e2e2; }#sp-ea-5104.sp-easy-accordion>.sp-ea-single>.ea-header a {color: #494949;}#sp-ea-5104.sp-easy-accordion>.sp-ea-single>.sp-collapse>.ea-body {background: #fff; color: #444;}#sp-ea-5104.sp-easy-accordion>.sp-ea-single {background: rgba(238,238,238,0);}#sp-ea-5104.sp-easy-accordion>.sp-ea-single>.ea-header a .ea-expand-icon { float: left; color: #444;font-size: 16px;}.sp-easy-accordion p, .ea-header br, .ea-header a br{\ndisplay: none !important;\n}\n.sp-easy-accordion .ea-body p{\ndisplay: block !important;\n}<\/style>\n<div id=\"sp_easy_accordion-1729155412\">\n<div id=\"sp-ea-5104\" class=\"sp-ea-one sp-easy-accordion\" data-ea-active=\"ea-click\" data-ea-mode=\"vertical\" data-preloader=\"\" data-scroll-active-item=\"\" data-offset-to-scroll=\"0\">\n<div class=\"ea-card sp-ea-single\">\n<h3 class=\"ea-header\"><a class=\"collapsed\" id=\"ea-header-51040\" role=\"button\" data-sptoggle=\"spcollapse\" data-sptarget=\"#collapse51040\" aria-controls=\"collapse51040\" href=\"#\" aria-expanded=\"false\" tabindex=\"0\"><i aria-hidden=\"true\" role=\"presentation\" class=\"ea-expand-icon eap-icon-ea-expand-plus\"><\/i> Ce qui est inclu<\/a><\/h3>\n<div class=\"sp-collapse spcollapse spcollapse\" id=\"collapse51040\" role=\"region\" aria-labelledby=\"ea-header-51040\">\n<div class=\"ea-body\">\n<p>1 x Goutti\u00e8re LED<\/p>\n<p>1 x c\u00e2ble d'alimentation avec 4 connecteurs (USB, USB-C, micro-USB et iPhone)<\/p>\n<p>2 x Stylos (\u00e0 2 mL)<\/p>\n<p>1 x Nuancier<\/p>\n<p>1 x Instructions<\/p>\n<\/div>\n<\/div>\n<\/div>\n<div class=\"ea-card sp-ea-single\">\n<h3 class=\"ea-header\"><a class=\"collapsed\" id=\"ea-header-51041\" role=\"button\" data-sptoggle=\"spcollapse\" data-sptarget=\"#collapse51041\" aria-controls=\"collapse51041\" href=\"#\" aria-expanded=\"false\" tabindex=\"0\"><i aria-hidden=\"true\" role=\"presentation\" class=\"ea-expand-icon eap-icon-ea-expand-plus\"><\/i> Comment \u00e7a fonctionne<\/a><\/h3>\n<div class=\"sp-collapse spcollapse spcollapse\" id=\"collapse51041\" role=\"region\" aria-labelledby=\"ea-header-51041\">\n<div class=\"ea-body\">\n<p>1. Brosser les dents.<\/p>\n<p>2. Enlever le bouchon et tourner plusieurs fois jusqu'\u00e0 ce que le gel apparaisse sur la brosse.<\/p>\n<p>3. Sourire grandement et appliquer le gel sur chaque dent.<\/p>\n<p>4. Brancher le c\u00e2ble de la goutti\u00e8re LED dans le c\u00e2ble \u00e0 3 entr\u00e9es et brancher l\u2019autre extr\u00e9mit\u00e9 du c\u00e2ble \u00e0 3 entr\u00e9es dans la source d\u2019alimentation choisie. Placer la goutti\u00e8re LED dans la bouche et blanchir les dents pendant 20 minutes.<\/p>\n<p>5. D\u00e9brancher la goutti\u00e8re LED de la source d\u2019alimentation une fois le blanchiment fini.<\/p>\n<p>6. Enlever les goutti\u00e8res, rincer la bouche avec de l'eau et r\u00e9p\u00e9ter le lendemain.<\/p>\n<\/div>\n<\/div>\n<\/div>\n<div class=\"ea-card sp-ea-single\">\n<h3 class=\"ea-header\"><a class=\"collapsed\" id=\"ea-header-51042\" role=\"button\" data-sptoggle=\"spcollapse\" data-sptarget=\"#collapse51042\" aria-controls=\"collapse51042\" href=\"#\" aria-expanded=\"false\" tabindex=\"0\"><i aria-hidden=\"true\" role=\"presentation\" class=\"ea-expand-icon eap-icon-ea-expand-plus\"><\/i> Ingr\u00e9dients<\/a><\/h3>\n<div class=\"sp-collapse spcollapse spcollapse\" id=\"collapse51042\" role=\"region\" aria-labelledby=\"ea-header-51042\">\n<div class=\"ea-body\">\n<p>Glycerin, Propylene Glycol, Acrylates\/C10-30 Alkyl Acrylate Crosspolymer, Triethanolamine, Sodium Saccharin, Mica, Mentha Piperita (Peppermint) Oil, Sodium Carbonate Peroxide (Sodium Percarbonate), CI 77891<\/p>\n<\/div>\n<\/div>\n<\/div>\n<\/div>\n<\/div>","protected":false},"featured_media":5707,"template":"","meta":{"site-sidebar-layout":"default","site-content-layout":"default","ast-site-content-layout":"default","site-content-style":"default","site-sidebar-style":"default","ast-global-header-display":"","ast-banner-title-visibility":"","ast-main-header-display":"","ast-hfb-above-header-display":"","ast-hfb-below-header-display":"","ast-hfb-mobile-header-display":"","site-post-title":"","ast-breadcrumbs-content":"","ast-featured-img":"","footer-sml-layout":"","ast-disable-related-posts":"","theme-transparent-header-meta":"default","adv-header-id-meta":"","stick-header-meta":"","header-above-stick-meta":"","header-main-stick-meta":"","header-below-stick-meta":"","astra-migrate-meta-layouts":"set","ast-page-background-enabled":"default","ast-page-background-meta":{"desktop":{"background-color":"var(--ast-global-color-4)","background-image":"","background-repeat":"repeat","background-position":"center center","background-size":"auto","background-attachment":"scroll","background-type":"","background-media":"","overlay-type":"","overlay-color":"","overlay-opacity":"","overlay-gradient":""},"tablet":{"background-color":"","background-image":"","background-repeat":"repeat","background-position":"center center","background-size":"auto","background-attachment":"scroll","background-type":"","background-media":"","overlay-type":"","overlay-color":"","overlay-opacity":"","overlay-gradient":""},"mobile":{"background-color":"","background-image":"","background-repeat":"repeat","background-position":"center center","background-size":"auto","background-attachment":"scroll","background-type":"","background-media":"","overlay-type":"","overlay-color":"","overlay-opacity":"","overlay-gradient":""}},"ast-content-background-meta":{"desktop":{"background-color":"var(--ast-global-color-5)","background-image":"","background-repeat":"repeat","background-position":"center center","background-size":"auto","background-attachment":"scroll","background-type":"","background-media":"","overlay-type":"","overlay-color":"","overlay-opacity":"","overlay-gradient":""},"tablet":{"background-color":"var(--ast-global-color-5)","background-image":"","background-repeat":"repeat","background-position":"center center","background-size":"auto","background-attachment":"scroll","background-type":"","background-media":"","overlay-type":"","overlay-color":"","overlay-opacity":"","overlay-gradient":""},"mobile":{"background-color":"var(--ast-global-color-5)","background-image":"","background-repeat":"repeat","background-position":"center center","background-size":"auto","background-attachment":"scroll","background-type":"","background-media":"","overlay-type":"","overlay-color":"","overlay-opacity":"","overlay-gradient":""}}},"product_brand":[],"product_cat":[71],"product_tag":[77,73,81,75,74],"class_list":{"0":"post-1041","1":"product","2":"type-product","3":"status-publish","4":"has-post-thumbnail","6":"product_cat-teeth-whitening-kits","7":"product_tag-glamwhite","8":"product_tag-kit","9":"product_tag-smartphone","10":"product_tag-teeth","11":"product_tag-whitening","12":"desktop-align-center","13":"tablet-align-left","14":"mobile-align-left","16":"first","17":"instock","18":"featured","19":"taxable","20":"shipping-taxable","21":"purchasable","22":"product-type-simple"},"_links":{"self":[{"href":"https:\/\/www.glamwhite.eu\/fr\/wp-json\/wp\/v2\/product\/1041","targetHints":{"allow":["GET"]}}],"collection":[{"href":"https:\/\/www.glamwhite.eu\/fr\/wp-json\/wp\/v2\/product"}],"about":[{"href":"https:\/\/www.glamwhite.eu\/fr\/wp-json\/wp\/v2\/types\/product"}],"wp:featuredmedia":[{"embeddable":true,"href":"https:\/\/www.glamwhite.eu\/fr\/wp-json\/wp\/v2\/media\/5707"}],"wp:attachment":[{"href":"https:\/\/www.glamwhite.eu\/fr\/wp-json\/wp\/v2\/media?parent=1041"}],"wp:term":[{"taxonomy":"product_brand","embeddable":true,"href":"https:\/\/www.glamwhite.eu\/fr\/wp-json\/wp\/v2\/product_brand?post=1041"},{"taxonomy":"product_cat","embeddable":true,"href":"https:\/\/www.glamwhite.eu\/fr\/wp-json\/wp\/v2\/product_cat?post=1041"},{"taxonomy":"product_tag","embeddable":true,"href":"https:\/\/www.glamwhite.eu\/fr\/wp-json\/wp\/v2\/product_tag?post=1041"}],"curies":[{"name":"wp","href":"https:\/\/api.w.org\/{rel}","templated":true}]}}