{"id":1024,"date":"2020-09-27T07:39:39","date_gmt":"2020-09-27T07:39:39","guid":{"rendered":"http:\/\/www.glamwhite.eu\/?post_type=product&#038;p=1024"},"modified":"2026-03-20T14:53:57","modified_gmt":"2026-03-20T14:53:57","slug":"refill-kit","status":"publish","type":"product","link":"https:\/\/www.glamwhite.eu\/fr\/product\/refill-kit\/","title":{"rendered":"Refill Kit"},"content":{"rendered":"<p>Pr\u00eat(e) pour le prochain \u00ab round \u00bb? Obtient notre kit de recharge de 3 seringues et garde ton sourire! Le Refill Kit permet jusqu\u2019\u00e0 10 applications.<\/p>\n<p>Le gel est fabriqu\u00e9 aux \u00c9tats-Unis avec les meilleurs ingr\u00e9dients, entre autres, de la glyc\u00e9rine casher, sans OGM et v\u00e9g\u00e9talienne, ainsi que des ar\u00f4mes naturels. Respectueuse de l\u2019\u00e9mail et de la gencive, notre formule est tr\u00e8s performante et peut blanchir les dents jusqu\u2019\u00e0 7 teintes. Garanti sans douleur!<\/p>\n<p>Si vous voulez en savoir plus sur le blanchiment des dents, vous pouvez visiter notre <a href=\"https:\/\/www.glamwhite.eu\/fr\/blog\/\">blog.<\/a><\/p>","protected":false},"excerpt":{"rendered":"<style>#sp-ea-5100 .spcollapsing { height: 0; overflow: hidden; transition-property: height;transition-duration: 300ms;}#sp-ea-5100.sp-easy-accordion>.sp-ea-single {margin-bottom: 10px; border: 0px solid #e2e2e2; }#sp-ea-5100.sp-easy-accordion>.sp-ea-single>.ea-header a {color: #666666;}#sp-ea-5100.sp-easy-accordion>.sp-ea-single>.sp-collapse>.ea-body {background: #fff; color: #444;}#sp-ea-5100.sp-easy-accordion>.sp-ea-single {background: rgba(255,255,255,0);}#sp-ea-5100.sp-easy-accordion>.sp-ea-single>.ea-header a .ea-expand-icon { float: left; color: #444444;font-size: 16px;}.sp-easy-accordion p, .ea-header br, .ea-header a br{\ndisplay: none !important;\n}\n.sp-easy-accordion .ea-body p{\ndisplay: block !important;\n}<\/style>\n<div id=\"sp_easy_accordion-1776526765\">\n<div id=\"sp-ea-5100\" class=\"sp-ea-one sp-easy-accordion\" data-ea-active=\"ea-click\" data-ea-mode=\"vertical\" data-preloader=\"\" data-scroll-active-item=\"\" data-offset-to-scroll=\"0\">\n<div class=\"ea-card sp-ea-single\">\n<h3 class=\"ea-header\"><a class=\"collapsed\" id=\"ea-header-51000\" role=\"button\" data-sptoggle=\"spcollapse\" data-sptarget=\"#collapse51000\" aria-controls=\"collapse51000\" href=\"#\" aria-expanded=\"false\" tabindex=\"0\"><i aria-hidden=\"true\" role=\"presentation\" class=\"ea-expand-icon eap-icon-ea-expand-plus\"><\/i> Ce qui est inclu<\/a><\/h3>\n<div class=\"sp-collapse spcollapse spcollapse\" id=\"collapse51000\" role=\"region\" aria-labelledby=\"ea-header-51000\">\n<div class=\"ea-body\">\n<p>3 x Seringues (\u00e0 5 mL)<\/p>\n<p>1 x sac \u00e0 fermeture \u00e9clair r\u00e9utilisable<\/p>\n<p>1 x Instructions<\/p>\n<\/div>\n<\/div>\n<\/div>\n<div class=\"ea-card sp-ea-single\">\n<h3 class=\"ea-header\"><a class=\"collapsed\" id=\"ea-header-51001\" role=\"button\" data-sptoggle=\"spcollapse\" data-sptarget=\"#collapse51001\" aria-controls=\"collapse51001\" href=\"#\" aria-expanded=\"false\" tabindex=\"0\"><i aria-hidden=\"true\" role=\"presentation\" class=\"ea-expand-icon eap-icon-ea-expand-plus\"><\/i> Comment \u00e7a fonctionne<\/a><\/h3>\n<div class=\"sp-collapse spcollapse spcollapse\" id=\"collapse51001\" role=\"region\" aria-labelledby=\"ea-header-51001\">\n<div class=\"ea-body\">\n<p>1. Brosser les dents et utiliser le fil dentaire.<\/p>\n<p>2. Utiliser le nuancier pour trouver la teinte actuelle.<\/p>\n<p>3. Appliquer un l\u00e9ger trait de gel blanchissant \u00e0 l\u2019int\u00e9rieur de la \/ les goutti\u00e8re(s) et l'\u00e9taler.<\/p>\n<p>4. Elite Kit: Placer les goutti\u00e8res sur les dents, allumer la lampe LED et la placer en face des dents. \/ Xpress Smile Kit: Fixer la goutti\u00e8re sur la lampe LED, allumer la lampe et placer la goutti\u00e8re sur les dents.<\/p>\n<p>5. Garder la \/ les goutti\u00e8re(s) dans la bouche 10 minutes (Xpress Smile) ou entre 20 et 35 minutes (Elite Kit).<\/p>\n<p>6. Enlever les goutti\u00e8res et rincer la bouche avec de l'eau.<\/p>\n<p>7. Utiliser le nuancier pour comparer les r\u00e9sultats.<\/p>\n<\/div>\n<\/div>\n<\/div>\n<div class=\"ea-card sp-ea-single\">\n<h3 class=\"ea-header\"><a class=\"collapsed\" id=\"ea-header-51002\" role=\"button\" data-sptoggle=\"spcollapse\" data-sptarget=\"#collapse51002\" aria-controls=\"collapse51002\" href=\"#\" aria-expanded=\"false\" tabindex=\"0\"><i aria-hidden=\"true\" role=\"presentation\" class=\"ea-expand-icon eap-icon-ea-expand-plus\"><\/i> Ingr\u00e9dients<\/a><\/h3>\n<div class=\"sp-collapse spcollapse spcollapse\" id=\"collapse51002\" role=\"region\" aria-labelledby=\"ea-header-51002\">\n<div class=\"ea-body\">\n<p>Glycerin, Propylene Glycol, Acrylates\/C10-30 Alkyl Acrylate Crosspolymer, Triethanolamine, Sodium Saccharin, Mica, Mentha Piperita (Peppermint) Oil, Sodium Carbonate Peroxide (Sodium Percarbonate), CI 77891<\/p>\n<\/div>\n<\/div>\n<\/div>\n<\/div>\n<\/div>","protected":false},"featured_media":5728,"template":"","meta":{"site-sidebar-layout":"default","site-content-layout":"default","ast-site-content-layout":"default","site-content-style":"default","site-sidebar-style":"default","ast-global-header-display":"","ast-banner-title-visibility":"","ast-main-header-display":"","ast-hfb-above-header-display":"","ast-hfb-below-header-display":"","ast-hfb-mobile-header-display":"","site-post-title":"","ast-breadcrumbs-content":"","ast-featured-img":"","footer-sml-layout":"","ast-disable-related-posts":"","theme-transparent-header-meta":"default","adv-header-id-meta":"","stick-header-meta":"","header-above-stick-meta":"","header-main-stick-meta":"","header-below-stick-meta":"","astra-migrate-meta-layouts":"set","ast-page-background-enabled":"default","ast-page-background-meta":{"desktop":{"background-color":"var(--ast-global-color-4)","background-image":"","background-repeat":"repeat","background-position":"center center","background-size":"auto","background-attachment":"scroll","background-type":"","background-media":"","overlay-type":"","overlay-color":"","overlay-opacity":"","overlay-gradient":""},"tablet":{"background-color":"","background-image":"","background-repeat":"repeat","background-position":"center center","background-size":"auto","background-attachment":"scroll","background-type":"","background-media":"","overlay-type":"","overlay-color":"","overlay-opacity":"","overlay-gradient":""},"mobile":{"background-color":"","background-image":"","background-repeat":"repeat","background-position":"center center","background-size":"auto","background-attachment":"scroll","background-type":"","background-media":"","overlay-type":"","overlay-color":"","overlay-opacity":"","overlay-gradient":""}},"ast-content-background-meta":{"desktop":{"background-color":"var(--ast-global-color-5)","background-image":"","background-repeat":"repeat","background-position":"center center","background-size":"auto","background-attachment":"scroll","background-type":"","background-media":"","overlay-type":"","overlay-color":"","overlay-opacity":"","overlay-gradient":""},"tablet":{"background-color":"var(--ast-global-color-5)","background-image":"","background-repeat":"repeat","background-position":"center center","background-size":"auto","background-attachment":"scroll","background-type":"","background-media":"","overlay-type":"","overlay-color":"","overlay-opacity":"","overlay-gradient":""},"mobile":{"background-color":"var(--ast-global-color-5)","background-image":"","background-repeat":"repeat","background-position":"center center","background-size":"auto","background-attachment":"scroll","background-type":"","background-media":"","overlay-type":"","overlay-color":"","overlay-opacity":"","overlay-gradient":""}}},"product_brand":[],"product_cat":[71],"product_tag":[77,73,78,75,74],"class_list":{"0":"post-1024","1":"product","2":"type-product","3":"status-publish","4":"has-post-thumbnail","6":"product_cat-teeth-whitening-kits","7":"product_tag-glamwhite","8":"product_tag-kit","9":"product_tag-refill","10":"product_tag-teeth","11":"product_tag-whitening","12":"desktop-align-center","13":"tablet-align-left","14":"mobile-align-left","16":"first","17":"instock","18":"featured","19":"taxable","20":"shipping-taxable","21":"purchasable","22":"product-type-simple"},"_links":{"self":[{"href":"https:\/\/www.glamwhite.eu\/fr\/wp-json\/wp\/v2\/product\/1024","targetHints":{"allow":["GET"]}}],"collection":[{"href":"https:\/\/www.glamwhite.eu\/fr\/wp-json\/wp\/v2\/product"}],"about":[{"href":"https:\/\/www.glamwhite.eu\/fr\/wp-json\/wp\/v2\/types\/product"}],"wp:featuredmedia":[{"embeddable":true,"href":"https:\/\/www.glamwhite.eu\/fr\/wp-json\/wp\/v2\/media\/5728"}],"wp:attachment":[{"href":"https:\/\/www.glamwhite.eu\/fr\/wp-json\/wp\/v2\/media?parent=1024"}],"wp:term":[{"taxonomy":"product_brand","embeddable":true,"href":"https:\/\/www.glamwhite.eu\/fr\/wp-json\/wp\/v2\/product_brand?post=1024"},{"taxonomy":"product_cat","embeddable":true,"href":"https:\/\/www.glamwhite.eu\/fr\/wp-json\/wp\/v2\/product_cat?post=1024"},{"taxonomy":"product_tag","embeddable":true,"href":"https:\/\/www.glamwhite.eu\/fr\/wp-json\/wp\/v2\/product_tag?post=1024"}],"curies":[{"name":"wp","href":"https:\/\/api.w.org\/{rel}","templated":true}]}}