{"id":661,"date":"2020-09-17T07:44:33","date_gmt":"2020-09-17T07:44:33","guid":{"rendered":"http:\/\/www.nandbro.com\/glamwhite\/wordpress\/?post_type=product&#038;p=661"},"modified":"2025-12-02T09:09:12","modified_gmt":"2025-12-02T09:09:12","slug":"home-whitening-kit-xpress-smile","status":"publish","type":"product","link":"https:\/\/www.glamwhite.eu\/es\/product\/home-whitening-kit-xpress-smile\/","title":{"rendered":"Home Whitening Kit Xpress Smile"},"content":{"rendered":"<p class=\"western\" lang=\"en-US\">Nuestro kit de gama m\u00e1s alta incluye 3 jeringuillas de 5 mL de gel, una l\u00e1mpara con 5 LEDs potentes y un temporizador integrado con pitido para que puedas controlar el tiempo de tu sesi\u00f3n de blanqueamiento m\u00e1s f\u00e1cilmente.<\/p>\n<p class=\"western\" lang=\"en-US\">La l\u00e1mpara se acopla directamente a la f\u00e9rula de manera que la luz se proyecta directamente sobre los dientes, acelerando el proceso de blanqueamiento. Con los 15 mL de gel puedes realizar un tratamiento completo de una semana, m\u00e1s un tratamiento de retoque de algunos d\u00edas m\u00e1s ya sea para mantener o para mejorar tus resultados.<\/p>\n<p class=\"western\" lang=\"en-US\">El gel est\u00e1 elaborado en los EE. UU. con los mejores ingredientes, entre otros glicerina kosher, vegana y libre de transg\u00e9nicos, as\u00ed como aromas naturales. Nuestra f\u00f3rmula no solo es suave para los dientes y totalmente indolora sino tambi\u00e9n muy eficaz, pudiendo blanquear los dientes hasta 7 tonos!<\/p>\n<p>Si quieres saber m\u00e1s sobre el blanqueamiento dental, puedes visitar nuestra <a href=\"https:\/\/www.glamwhite.eu\/es\/blog\/\">blog.<\/a><\/p>\n<div id=\"footable_parent_5739\"\n         class=\"footable_parent ninja_table_wrapper loading_ninja_table wp_table_data_press_parent semantic_ui\">\n                    <h3 class=\"table_title footable_title\">Comparaci\u00f3n de productos<\/h3>\n                        <table data-ninja_table_instance=\"ninja_table_instance_0\" data-footable_id=\"5739\" data-filter-delay=\"1000\" aria-label=\"Comparaci\u00f3n de productos\"            id=\"footable_5739\"\n           data-unique_identifier=\"ninja_table_unique_id_604698070_5739\"\n           class=\"foo-table ninja_footable foo_table_5739 ninja_table_unique_id_604698070_5739 ui table  nt_type_ajax_table selectable striped vertical_centered  footable-paging-right ninja_table_search_disabled\">\n                <colgroup>\n                            <col class=\"ninja_column_0\">\n                            <col class=\"ninja_column_1\">\n                            <col class=\"ninja_column_2\">\n                            <col class=\"ninja_column_3\">\n                            <col class=\"ninja_column_4\">\n                    <\/colgroup>\n            <\/table>\n    \n    \n    \n<\/div>","protected":false},"excerpt":{"rendered":"<style>#sp-ea-5103 .spcollapsing { height: 0; overflow: hidden; transition-property: height;transition-duration: 300ms;}#sp-ea-5103.sp-easy-accordion>.sp-ea-single {margin-bottom: 10px; border: 0px solid #e2e2e2; }#sp-ea-5103.sp-easy-accordion>.sp-ea-single>.ea-header a {color: #6d6d6d;}#sp-ea-5103.sp-easy-accordion>.sp-ea-single>.sp-collapse>.ea-body {background: #fff; color: #444;}#sp-ea-5103.sp-easy-accordion>.sp-ea-single {background: rgba(238,238,238,0);}#sp-ea-5103.sp-easy-accordion>.sp-ea-single>.ea-header a .ea-expand-icon { float: left; color: #444;font-size: 16px;}.sp-easy-accordion p, .ea-header br, .ea-header a br{\ndisplay: none !important;\n}\n.sp-easy-accordion .ea-body p{\ndisplay: block !important;\n}<\/style>\n<div id=\"sp_easy_accordion-1777724615\">\n<div id=\"sp-ea-5103\" class=\"sp-ea-one sp-easy-accordion\" data-ea-active=\"ea-click\" data-ea-mode=\"vertical\" data-preloader=\"\" data-scroll-active-item=\"\" data-offset-to-scroll=\"0\">\n<div class=\"ea-card sp-ea-single\">\n<h3 class=\"ea-header\"><a class=\"collapsed\" id=\"ea-header-51030\" role=\"button\" data-sptoggle=\"spcollapse\" data-sptarget=\"#collapse51030\" aria-controls=\"collapse51030\" href=\"#\" aria-expanded=\"false\" tabindex=\"0\"><i aria-hidden=\"true\" role=\"presentation\" class=\"ea-expand-icon eap-icon-ea-expand-plus\"><\/i> Qu\u00e9 est\u00e1 incluido<\/a><\/h3>\n<div class=\"sp-collapse spcollapse spcollapse\" id=\"collapse51030\" role=\"region\" aria-labelledby=\"ea-header-51030\">\n<div class=\"ea-body\">\n<p>3 x Jeringuillas (5mL)<\/p>\n<p>1 x F\u00e9rula<\/p>\n<p>1 x Potente l\u00e1mpara LED<\/p>\n<p>1 x Gu\u00eda de tonos<\/p>\n<p>1 x Instrucciones<\/p>\n<\/div>\n<\/div>\n<\/div>\n<div class=\"ea-card sp-ea-single\">\n<h3 class=\"ea-header\"><a class=\"collapsed\" id=\"ea-header-51031\" role=\"button\" data-sptoggle=\"spcollapse\" data-sptarget=\"#collapse51031\" aria-controls=\"collapse51031\" href=\"#\" aria-expanded=\"false\" tabindex=\"0\"><i aria-hidden=\"true\" role=\"presentation\" class=\"ea-expand-icon eap-icon-ea-expand-plus\"><\/i> C\u00f3mo funciona<\/a><\/h3>\n<div class=\"sp-collapse spcollapse spcollapse\" id=\"collapse51031\" role=\"region\" aria-labelledby=\"ea-header-51031\">\n<div class=\"ea-body\">\n<p>1. Cepillar los dientes.<\/p>\n<p>2. Acoplar la f\u00e9rula a la l\u00e1mpara LED.<\/p>\n<p>3. Aplicar una fina capa de gel en los laterales superior e inferior de la f\u00e9rula.<\/p>\n<p>4. Colocar la f\u00e9rula en la boca y blanquear los dientes durante 10 minutos. CONSEJO: Para obtener los mejores resultados, una vez terminados los primeros 10 minutos de aplicaci\u00f3n, presionar el bot\u00f3n blanco nuevamente y hacer otros 10 minutos.<\/p>\n<p>5. Retirar la f\u00e9rula de la boca.<\/p>\n<p>6. Enjuagar con agua y repetir al d\u00eda siguiente.<\/p>\n<\/div>\n<\/div>\n<\/div>\n<div class=\"ea-card sp-ea-single\">\n<h3 class=\"ea-header\"><a class=\"collapsed\" id=\"ea-header-51032\" role=\"button\" data-sptoggle=\"spcollapse\" data-sptarget=\"#collapse51032\" aria-controls=\"collapse51032\" href=\"#\" aria-expanded=\"false\" tabindex=\"0\"><i aria-hidden=\"true\" role=\"presentation\" class=\"ea-expand-icon eap-icon-ea-expand-plus\"><\/i> Ingredientes<\/a><\/h3>\n<div class=\"sp-collapse spcollapse spcollapse\" id=\"collapse51032\" role=\"region\" aria-labelledby=\"ea-header-51032\">\n<div class=\"ea-body\">\n<p>Glycerin, Propylene Glycol, Acrylates\/C10-30 Alkyl Acrylate Crosspolymer, Triethanolamine, Sodium Saccharin, Mica, Mentha Piperita (Peppermint) Oil, Sodium Carbonate Peroxide (Sodium Percarbonate), CI 77891<\/p>\n<\/div>\n<\/div>\n<\/div>\n<\/div>\n<\/div>","protected":false},"featured_media":5712,"template":"","meta":{"site-sidebar-layout":"default","site-content-layout":"default","ast-site-content-layout":"default","site-content-style":"default","site-sidebar-style":"default","ast-global-header-display":"","ast-banner-title-visibility":"","ast-main-header-display":"","ast-hfb-above-header-display":"","ast-hfb-below-header-display":"","ast-hfb-mobile-header-display":"","site-post-title":"","ast-breadcrumbs-content":"","ast-featured-img":"","footer-sml-layout":"","ast-disable-related-posts":"","theme-transparent-header-meta":"default","adv-header-id-meta":"","stick-header-meta":"","header-above-stick-meta":"","header-main-stick-meta":"","header-below-stick-meta":"","astra-migrate-meta-layouts":"set","ast-page-background-enabled":"default","ast-page-background-meta":{"desktop":{"background-color":"var(--ast-global-color-4)","background-image":"","background-repeat":"repeat","background-position":"center center","background-size":"auto","background-attachment":"scroll","background-type":"","background-media":"","overlay-type":"","overlay-color":"","overlay-opacity":"","overlay-gradient":""},"tablet":{"background-color":"","background-image":"","background-repeat":"repeat","background-position":"center center","background-size":"auto","background-attachment":"scroll","background-type":"","background-media":"","overlay-type":"","overlay-color":"","overlay-opacity":"","overlay-gradient":""},"mobile":{"background-color":"","background-image":"","background-repeat":"repeat","background-position":"center center","background-size":"auto","background-attachment":"scroll","background-type":"","background-media":"","overlay-type":"","overlay-color":"","overlay-opacity":"","overlay-gradient":""}},"ast-content-background-meta":{"desktop":{"background-color":"var(--ast-global-color-5)","background-image":"","background-repeat":"repeat","background-position":"center center","background-size":"auto","background-attachment":"scroll","background-type":"","background-media":"","overlay-type":"","overlay-color":"","overlay-opacity":"","overlay-gradient":""},"tablet":{"background-color":"var(--ast-global-color-5)","background-image":"","background-repeat":"repeat","background-position":"center center","background-size":"auto","background-attachment":"scroll","background-type":"","background-media":"","overlay-type":"","overlay-color":"","overlay-opacity":"","overlay-gradient":""},"mobile":{"background-color":"var(--ast-global-color-5)","background-image":"","background-repeat":"repeat","background-position":"center center","background-size":"auto","background-attachment":"scroll","background-type":"","background-media":"","overlay-type":"","overlay-color":"","overlay-opacity":"","overlay-gradient":""}}},"product_brand":[],"product_cat":[71],"product_tag":[77,72,73,80,75,74,79],"class_list":{"0":"post-661","1":"product","2":"type-product","3":"status-publish","4":"has-post-thumbnail","6":"product_cat-teeth-whitening-kits","7":"product_tag-glamwhite","8":"product_tag-home","9":"product_tag-kit","10":"product_tag-smile","11":"product_tag-teeth","12":"product_tag-whitening","13":"product_tag-xpress","14":"desktop-align-center","15":"tablet-align-left","16":"mobile-align-left","18":"first","19":"instock","20":"taxable","21":"shipping-taxable","22":"purchasable","23":"product-type-simple"},"_links":{"self":[{"href":"https:\/\/www.glamwhite.eu\/es\/wp-json\/wp\/v2\/product\/661","targetHints":{"allow":["GET"]}}],"collection":[{"href":"https:\/\/www.glamwhite.eu\/es\/wp-json\/wp\/v2\/product"}],"about":[{"href":"https:\/\/www.glamwhite.eu\/es\/wp-json\/wp\/v2\/types\/product"}],"wp:featuredmedia":[{"embeddable":true,"href":"https:\/\/www.glamwhite.eu\/es\/wp-json\/wp\/v2\/media\/5712"}],"wp:attachment":[{"href":"https:\/\/www.glamwhite.eu\/es\/wp-json\/wp\/v2\/media?parent=661"}],"wp:term":[{"taxonomy":"product_brand","embeddable":true,"href":"https:\/\/www.glamwhite.eu\/es\/wp-json\/wp\/v2\/product_brand?post=661"},{"taxonomy":"product_cat","embeddable":true,"href":"https:\/\/www.glamwhite.eu\/es\/wp-json\/wp\/v2\/product_cat?post=661"},{"taxonomy":"product_tag","embeddable":true,"href":"https:\/\/www.glamwhite.eu\/es\/wp-json\/wp\/v2\/product_tag?post=661"}],"curies":[{"name":"wp","href":"https:\/\/api.w.org\/{rel}","templated":true}]}}