{"id":64,"date":"2020-08-17T17:18:29","date_gmt":"2020-08-17T17:18:29","guid":{"rendered":"http:\/\/localhost\/glamwhite\/?post_type=product&#038;p=64"},"modified":"2025-12-16T08:58:39","modified_gmt":"2025-12-16T08:58:39","slug":"teeth-whitening-pen","status":"publish","type":"product","link":"https:\/\/www.glamwhite.eu\/es\/product\/teeth-whitening-pen\/","title":{"rendered":"L\u00e1piz Blanqueador"},"content":{"rendered":"<section id=\"deal-pitch\">\n<p class=\"western\" lang=\"en-US\">Nuestro l\u00e1piz blanqueador es elegante, compacto y pr\u00e1ctico. Puedes llevarlo a todos lados para blanquear o retocar tus dientes en cualquier momento. \u00a1Perfecto para los que llevan una vida ajetreada!<\/p>\n<p class=\"western\" lang=\"en-US\">S\u00f3lo tienes que aplicar el gel sobre tus dientes, esperar 15 minutos y disfrutar de los resultados. El l\u00e1piz contiene 2 mL de gel blanqueador, permitiendo hasta 5 aplicaciones.<\/p>\n<p class=\"western\" lang=\"en-US\">El gel est\u00e1 elaborado en los EE. UU. con los mejores ingredientes, entre otros glicerina kosher, vegana y libre de transg\u00e9nicos, as\u00ed como aromas naturales. Nuestra f\u00f3rmula no solo es suave para los dientes y totalmente indolora sino tambi\u00e9n muy eficaz, pudiendo blanquear los dientes hasta 7 tonos!<\/p>\n<p>Si quieres saber m\u00e1s sobre el blanqueamiento dental, puedes visitar nuestra <a href=\"https:\/\/www.glamwhite.eu\/es\/blog\/\">blog.<\/a><\/p>\n<\/section>\n<div id=\"footable_parent_5739\"\n         class=\"footable_parent ninja_table_wrapper loading_ninja_table wp_table_data_press_parent semantic_ui\">\n                    <h3 class=\"table_title footable_title\">Comparaci\u00f3n de productos<\/h3>\n                        <table data-ninja_table_instance=\"ninja_table_instance_0\" data-footable_id=\"5739\" data-filter-delay=\"1000\" aria-label=\"Comparaci\u00f3n de productos\"            id=\"footable_5739\"\n           data-unique_identifier=\"ninja_table_unique_id_1886840691_5739\"\n           class=\"foo-table ninja_footable foo_table_5739 ninja_table_unique_id_1886840691_5739 ui table  nt_type_ajax_table selectable striped vertical_centered  footable-paging-right ninja_table_search_disabled\">\n                <colgroup>\n                            <col class=\"ninja_column_0\">\n                            <col class=\"ninja_column_1\">\n                            <col class=\"ninja_column_2\">\n                            <col class=\"ninja_column_3\">\n                            <col class=\"ninja_column_4\">\n                    <\/colgroup>\n            <\/table>\n    \n    \n    \n<\/div>","protected":false},"excerpt":{"rendered":"<style>#sp-ea-5106 .spcollapsing { height: 0; overflow: hidden; transition-property: height;transition-duration: 300ms;}#sp-ea-5106.sp-easy-accordion>.sp-ea-single {margin-bottom: 10px; border: 0px solid #e2e2e2; }#sp-ea-5106.sp-easy-accordion>.sp-ea-single>.ea-header a {color: #5b5b5b;}#sp-ea-5106.sp-easy-accordion>.sp-ea-single>.sp-collapse>.ea-body {background: #fff; color: #444;}#sp-ea-5106.sp-easy-accordion>.sp-ea-single {background: rgba(238,238,238,0);}#sp-ea-5106.sp-easy-accordion>.sp-ea-single>.ea-header a .ea-expand-icon { float: left; color: #444;font-size: 16px;}.sp-easy-accordion p, .ea-header br, .ea-header a br{\ndisplay: none !important;\n}\n.sp-easy-accordion .ea-body p{\ndisplay: block !important;\n}<\/style>\n<div id=\"sp_easy_accordion-1775349629\">\n<div id=\"sp-ea-5106\" class=\"sp-ea-one sp-easy-accordion\" data-ea-active=\"ea-click\" data-ea-mode=\"vertical\" data-preloader=\"\" data-scroll-active-item=\"\" data-offset-to-scroll=\"0\">\n<div class=\"ea-card sp-ea-single\">\n<h3 class=\"ea-header\"><a class=\"collapsed\" id=\"ea-header-51060\" role=\"button\" data-sptoggle=\"spcollapse\" data-sptarget=\"#collapse51060\" aria-controls=\"collapse51060\" href=\"#\" aria-expanded=\"false\" tabindex=\"0\"><i aria-hidden=\"true\" role=\"presentation\" class=\"ea-expand-icon eap-icon-ea-expand-plus\"><\/i> Qu\u00e9 est\u00e1 incluido<\/a><\/h3>\n<div class=\"sp-collapse spcollapse spcollapse\" id=\"collapse51060\" role=\"region\" aria-labelledby=\"ea-header-51060\">\n<div class=\"ea-body\">\n<p>1 x L\u00e1piz blanqueador (2 mL)<\/p>\n<p>1x instrucciones<\/p>\n<\/div>\n<\/div>\n<\/div>\n<div class=\"ea-card sp-ea-single\">\n<h3 class=\"ea-header\"><a class=\"collapsed\" id=\"ea-header-51061\" role=\"button\" data-sptoggle=\"spcollapse\" data-sptarget=\"#collapse51061\" aria-controls=\"collapse51061\" href=\"#\" aria-expanded=\"false\" tabindex=\"0\"><i aria-hidden=\"true\" role=\"presentation\" class=\"ea-expand-icon eap-icon-ea-expand-plus\"><\/i> C\u00f3mo funciona<\/a><\/h3>\n<div class=\"sp-collapse spcollapse spcollapse\" id=\"collapse51061\" role=\"region\" aria-labelledby=\"ea-header-51061\">\n<div class=\"ea-body\">\n<p>1. Cepillar los dientes.<\/p>\n<p>2. Quitar el tap\u00f3n del l\u00e1piz. Girar varias veces en el sentido de las agujas del reloj (al inicio precisa de varios giros) hasta que el gel cubra la punta del cepillo.<\/p>\n<p>3. Sonre\u00edr y aplicar una fina capa de gel sobre los dientes.<\/p>\n<p>4. Continuar girando para aplicar m\u00e1s gel y cubrir la superficie entera de los dientes.<\/p>\n<p>5. Esperar 30 segundos hasta que el gel se haya secado en los dientes, evitando el contacto con los labios y la lengua.<\/p>\n<p>6. Dejar actuar el gel durante 15-20 minutos y enjuagar la boca con agua.<\/p>\n<\/div>\n<\/div>\n<\/div>\n<div class=\"ea-card sp-ea-single\">\n<h3 class=\"ea-header\"><a class=\"collapsed\" id=\"ea-header-51062\" role=\"button\" data-sptoggle=\"spcollapse\" data-sptarget=\"#collapse51062\" aria-controls=\"collapse51062\" href=\"#\" aria-expanded=\"false\" tabindex=\"0\"><i aria-hidden=\"true\" role=\"presentation\" class=\"ea-expand-icon eap-icon-ea-expand-plus\"><\/i> Ingredientes<\/a><\/h3>\n<div class=\"sp-collapse spcollapse spcollapse\" id=\"collapse51062\" role=\"region\" aria-labelledby=\"ea-header-51062\">\n<div class=\"ea-body\">\n<p>Glycerin, Propylene Glycol, Acrylates\/C10-30 Alkyl Acrylate Crosspolymer, Triethanolamine, Sodium Saccharin, Mica, Mentha Piperita (Peppermint) Oil, Sodium Carbonate Peroxide (Sodium Percarbonate), CI 77891<\/p>\n<\/div>\n<\/div>\n<\/div>\n<\/div>\n<\/div>","protected":false},"featured_media":5563,"template":"","meta":{"site-sidebar-layout":"default","site-content-layout":"default","ast-site-content-layout":"default","site-content-style":"default","site-sidebar-style":"default","ast-global-header-display":"","ast-banner-title-visibility":"","ast-main-header-display":"","ast-hfb-above-header-display":"","ast-hfb-below-header-display":"","ast-hfb-mobile-header-display":"","site-post-title":"","ast-breadcrumbs-content":"","ast-featured-img":"","footer-sml-layout":"","ast-disable-related-posts":"","theme-transparent-header-meta":"default","adv-header-id-meta":"","stick-header-meta":"","header-above-stick-meta":"","header-main-stick-meta":"","header-below-stick-meta":"","astra-migrate-meta-layouts":"set","ast-page-background-enabled":"default","ast-page-background-meta":{"desktop":{"background-color":"var(--ast-global-color-4)","background-image":"","background-repeat":"repeat","background-position":"center center","background-size":"auto","background-attachment":"scroll","background-type":"","background-media":"","overlay-type":"","overlay-color":"","overlay-opacity":"","overlay-gradient":""},"tablet":{"background-color":"","background-image":"","background-repeat":"repeat","background-position":"center center","background-size":"auto","background-attachment":"scroll","background-type":"","background-media":"","overlay-type":"","overlay-color":"","overlay-opacity":"","overlay-gradient":""},"mobile":{"background-color":"","background-image":"","background-repeat":"repeat","background-position":"center center","background-size":"auto","background-attachment":"scroll","background-type":"","background-media":"","overlay-type":"","overlay-color":"","overlay-opacity":"","overlay-gradient":""}},"ast-content-background-meta":{"desktop":{"background-color":"var(--ast-global-color-5)","background-image":"","background-repeat":"repeat","background-position":"center center","background-size":"auto","background-attachment":"scroll","background-type":"","background-media":"","overlay-type":"","overlay-color":"","overlay-opacity":"","overlay-gradient":""},"tablet":{"background-color":"var(--ast-global-color-5)","background-image":"","background-repeat":"repeat","background-position":"center center","background-size":"auto","background-attachment":"scroll","background-type":"","background-media":"","overlay-type":"","overlay-color":"","overlay-opacity":"","overlay-gradient":""},"mobile":{"background-color":"var(--ast-global-color-5)","background-image":"","background-repeat":"repeat","background-position":"center center","background-size":"auto","background-attachment":"scroll","background-type":"","background-media":"","overlay-type":"","overlay-color":"","overlay-opacity":"","overlay-gradient":""}}},"product_brand":[],"product_cat":[82],"product_tag":[77,84,75,74],"class_list":{"0":"post-64","1":"product","2":"type-product","3":"status-publish","4":"has-post-thumbnail","6":"product_cat-whitening-products","7":"product_tag-glamwhite","8":"product_tag-pen","9":"product_tag-teeth","10":"product_tag-whitening","11":"desktop-align-center","12":"tablet-align-left","13":"mobile-align-left","15":"first","16":"instock","17":"taxable","18":"shipping-taxable","19":"purchasable","20":"product-type-simple"},"_links":{"self":[{"href":"https:\/\/www.glamwhite.eu\/es\/wp-json\/wp\/v2\/product\/64","targetHints":{"allow":["GET"]}}],"collection":[{"href":"https:\/\/www.glamwhite.eu\/es\/wp-json\/wp\/v2\/product"}],"about":[{"href":"https:\/\/www.glamwhite.eu\/es\/wp-json\/wp\/v2\/types\/product"}],"wp:featuredmedia":[{"embeddable":true,"href":"https:\/\/www.glamwhite.eu\/es\/wp-json\/wp\/v2\/media\/5563"}],"wp:attachment":[{"href":"https:\/\/www.glamwhite.eu\/es\/wp-json\/wp\/v2\/media?parent=64"}],"wp:term":[{"taxonomy":"product_brand","embeddable":true,"href":"https:\/\/www.glamwhite.eu\/es\/wp-json\/wp\/v2\/product_brand?post=64"},{"taxonomy":"product_cat","embeddable":true,"href":"https:\/\/www.glamwhite.eu\/es\/wp-json\/wp\/v2\/product_cat?post=64"},{"taxonomy":"product_tag","embeddable":true,"href":"https:\/\/www.glamwhite.eu\/es\/wp-json\/wp\/v2\/product_tag?post=64"}],"curies":[{"name":"wp","href":"https:\/\/api.w.org\/{rel}","templated":true}]}}