{"id":5966,"date":"2023-12-15T10:25:09","date_gmt":"2023-12-15T10:25:09","guid":{"rendered":"https:\/\/www.glamwhite.eu\/?post_type=product&#038;p=5966"},"modified":"2025-12-16T08:58:39","modified_gmt":"2025-12-16T08:58:39","slug":"xpert-pack","status":"publish","type":"product","link":"https:\/\/www.glamwhite.eu\/es\/product\/xpert-pack\/","title":{"rendered":"XPERT Pack"},"content":{"rendered":"<p>El Xpert Pack es la combinaci\u00f3n perfecta para mantener tu sonrisa blanca. El Kit de Blanqueamiento Casero Xpress Smile blanquear\u00e1 tus dientes y la Pasta de Dientes Espuma Blanqueadora te ayudar\u00e1 a mantenerlos blancos por m\u00e1s tiempo.<\/p>\n<p><strong>Home Whitening Kit Xpress Smile:\u00a0<\/strong><\/p>\n<p class=\"western\" lang=\"en-US\">Nuestro kit de gama m\u00e1s alta incluye 3 jeringuillas de 5 mL de gel, una l\u00e1mpara con 5 LEDs potentes y un temporizador integrado con pitido para que puedas controlar el tiempo de tu sesi\u00f3n de blanqueamiento m\u00e1s f\u00e1cilmente.<\/p>\n<p class=\"western\" lang=\"en-US\">La l\u00e1mpara se acopla directamente a la f\u00e9rula de manera que la luz se proyecta directamente sobre los dientes, acelerando el proceso de blanqueamiento. Con los 15 mL de gel puedes realizar un tratamiento completo de una semana, m\u00e1s un tratamiento de retoque de algunos d\u00edas m\u00e1s ya sea para mantener o para mejorar tus resultados.<\/p>\n<p class=\"western\" lang=\"en-US\">El gel est\u00e1 elaborado en los EE. UU. con los mejores ingredientes, entre otros glicerina kosher, vegana y libre de transg\u00e9nicos, as\u00ed como aromas naturales. Nuestra f\u00f3rmula no solo es suave para los dientes y totalmente indolora sino tambi\u00e9n muy eficaz, pudiendo blanquear los dientes hasta 7 tonos!<\/p>\n<p lang=\"en-US\"><strong>Pasta de dientes blanqueadora de espuma:<\/strong><\/p>\n<p><span lang=\"en-US\">Especialmente formulada para el uso diario, la pasta de dientes blanqueadora en espuma de GlamWhite reemplaza la pasta de dientes habitual.<\/span><\/p>\n<p><span lang=\"en-US\">Este revolucionario sistema de oxigenaci\u00f3n limpia y blanquea los dientes, previene las caries y refresca el aliento.\u00a0<\/span><\/p>\n<p><span lang=\"en-US\">El agente blanqueador clave de la espuma es el percarbonato de sodio, un qu\u00edmico ecol\u00f3gico que, junto con otros ingredientes avanzados de nuestra f\u00f3rmula, blanquear\u00e1 sus dientes hasta en 7 tonos, sin dolor ni sensibilidad. Fabricado en Estados Unidos con ingredientes naturales, kosher y veganos. Contiene fl\u00faor.<\/span><\/p>\n<p>&nbsp;<\/p>\n<p>Si quieres saber m\u00e1s sobre el blanqueamiento dental, puedes visitar nuestra <a href=\"https:\/\/www.glamwhite.eu\/es\/blog\/\">blog.<\/a><\/p>","protected":false},"excerpt":{"rendered":"<p>The Xpert Pack is the perfect combination to keep your smile white. The Home Whitening Kit Xpress Smile will whiten your teeth and the Whitening FOAM Toothpaste will help you to keep them white for longer. Home Whitening Kit Xpress Smile:\u00a0 Our top-of-the-range Home Whitening Kit Xpress Smile includes 3 syringes of 5 mL, giving [&hellip;]<\/p>\n","protected":false},"featured_media":6189,"template":"","meta":{"site-sidebar-layout":"default","site-content-layout":"default","ast-site-content-layout":"default","site-content-style":"default","site-sidebar-style":"default","ast-global-header-display":"","ast-banner-title-visibility":"","ast-main-header-display":"","ast-hfb-above-header-display":"","ast-hfb-below-header-display":"","ast-hfb-mobile-header-display":"","site-post-title":"","ast-breadcrumbs-content":"","ast-featured-img":"","footer-sml-layout":"","ast-disable-related-posts":"","theme-transparent-header-meta":"default","adv-header-id-meta":"","stick-header-meta":"","header-above-stick-meta":"","header-main-stick-meta":"","header-below-stick-meta":"","astra-migrate-meta-layouts":"default","ast-page-background-enabled":"default","ast-page-background-meta":{"desktop":{"background-color":"var(--ast-global-color-4)","background-image":"","background-repeat":"repeat","background-position":"center center","background-size":"auto","background-attachment":"scroll","background-type":"","background-media":"","overlay-type":"","overlay-color":"","overlay-opacity":"","overlay-gradient":""},"tablet":{"background-color":"","background-image":"","background-repeat":"repeat","background-position":"center center","background-size":"auto","background-attachment":"scroll","background-type":"","background-media":"","overlay-type":"","overlay-color":"","overlay-opacity":"","overlay-gradient":""},"mobile":{"background-color":"","background-image":"","background-repeat":"repeat","background-position":"center center","background-size":"auto","background-attachment":"scroll","background-type":"","background-media":"","overlay-type":"","overlay-color":"","overlay-opacity":"","overlay-gradient":""}},"ast-content-background-meta":{"desktop":{"background-color":"var(--ast-global-color-5)","background-image":"","background-repeat":"repeat","background-position":"center center","background-size":"auto","background-attachment":"scroll","background-type":"","background-media":"","overlay-type":"","overlay-color":"","overlay-opacity":"","overlay-gradient":""},"tablet":{"background-color":"var(--ast-global-color-5)","background-image":"","background-repeat":"repeat","background-position":"center center","background-size":"auto","background-attachment":"scroll","background-type":"","background-media":"","overlay-type":"","overlay-color":"","overlay-opacity":"","overlay-gradient":""},"mobile":{"background-color":"var(--ast-global-color-5)","background-image":"","background-repeat":"repeat","background-position":"center center","background-size":"auto","background-attachment":"scroll","background-type":"","background-media":"","overlay-type":"","overlay-color":"","overlay-opacity":"","overlay-gradient":""}}},"product_brand":[],"product_cat":[92],"product_tag":[90,95,80,75,93,91,94,79],"class_list":{"0":"post-5966","1":"product","2":"type-product","3":"status-publish","4":"has-post-thumbnail","6":"product_cat-teeth-whitening-packs","7":"product_tag-foam","8":"product_tag-packs","9":"product_tag-smile","10":"product_tag-teeth","11":"product_tag-teeth-whitening","12":"product_tag-toothpaste","13":"product_tag-white","14":"product_tag-xpress","15":"desktop-align-center","16":"tablet-align-left","17":"mobile-align-left","19":"first","20":"instock","21":"sale","22":"taxable","23":"shipping-taxable","24":"purchasable","25":"product-type-simple"},"_links":{"self":[{"href":"https:\/\/www.glamwhite.eu\/es\/wp-json\/wp\/v2\/product\/5966","targetHints":{"allow":["GET"]}}],"collection":[{"href":"https:\/\/www.glamwhite.eu\/es\/wp-json\/wp\/v2\/product"}],"about":[{"href":"https:\/\/www.glamwhite.eu\/es\/wp-json\/wp\/v2\/types\/product"}],"wp:featuredmedia":[{"embeddable":true,"href":"https:\/\/www.glamwhite.eu\/es\/wp-json\/wp\/v2\/media\/6189"}],"wp:attachment":[{"href":"https:\/\/www.glamwhite.eu\/es\/wp-json\/wp\/v2\/media?parent=5966"}],"wp:term":[{"taxonomy":"product_brand","embeddable":true,"href":"https:\/\/www.glamwhite.eu\/es\/wp-json\/wp\/v2\/product_brand?post=5966"},{"taxonomy":"product_cat","embeddable":true,"href":"https:\/\/www.glamwhite.eu\/es\/wp-json\/wp\/v2\/product_cat?post=5966"},{"taxonomy":"product_tag","embeddable":true,"href":"https:\/\/www.glamwhite.eu\/es\/wp-json\/wp\/v2\/product_tag?post=5966"}],"curies":[{"name":"wp","href":"https:\/\/api.w.org\/{rel}","templated":true}]}}