{"id":1041,"date":"2020-09-17T07:43:35","date_gmt":"2020-10-14T11:49:20","guid":{"rendered":"http:\/\/www.glamwhite.eu\/?post_type=product&#038;p=1041"},"modified":"2025-12-02T09:02:45","modified_gmt":"2025-12-02T09:02:45","slug":"smartphone-kit","status":"publish","type":"product","link":"https:\/\/www.glamwhite.eu\/es\/product\/smartphone-kit\/","title":{"rendered":"Smartphone Kit"},"content":{"rendered":"<p>Nuestro Kit Smartphone pone la \u00faltima tecnolog\u00eda a tu alcance para que puedas blanquear tus dientes de manera efectiva en cualquier momento y en cualquier lugar.<\/p>\n<p>R\u00e1pido, divertido y f\u00e1cil de usar, s\u00f3lo tienes que aplicar el gel sobre tus dientes con la ayuda de los l\u00e1pices blanqueadores incluidos en el kit, conectar la f\u00e9rula-LED directamente a tu iPhone, Android o USB, y dejar que los LEDs obren su magia! Los 16 LEDs son muy potentes y calientan ligeramente el gel, acelerando as\u00ed el proceso de blanqueamiento.<\/p>\n<p>El gel est\u00e1 elaborado en los EE. UU. con los mejores ingredientes, entre otros glicerina kosher, vegana y libre de transg\u00e9nicos, as\u00ed como aromas naturales. Nuestra f\u00f3rmula no solo es suave para los dientes y totalmente indolora sino tambi\u00e9n muy eficaz, pudiendo blanquear los dientes hasta 7 tonos!<\/p>\n<p>Si quieres saber m\u00e1s sobre el blanqueamiento dental, puedes visitar nuestra <a href=\"https:\/\/www.glamwhite.eu\/es\/blog\/\">blog.<\/a><\/p>\n<div id=\"footable_parent_5739\"\n         class=\"footable_parent ninja_table_wrapper loading_ninja_table wp_table_data_press_parent semantic_ui\">\n                    <h3 class=\"table_title footable_title\">Comparaci\u00f3n de productos<\/h3>\n                        <table data-ninja_table_instance=\"ninja_table_instance_0\" data-footable_id=\"5739\" data-filter-delay=\"1000\" aria-label=\"Comparaci\u00f3n de productos\"            id=\"footable_5739\"\n           data-unique_identifier=\"ninja_table_unique_id_4129403910_5739\"\n           class=\"foo-table ninja_footable foo_table_5739 ninja_table_unique_id_4129403910_5739 ui table  nt_type_ajax_table selectable striped vertical_centered  footable-paging-right ninja_table_search_disabled\">\n                <colgroup>\n                            <col class=\"ninja_column_0\">\n                            <col class=\"ninja_column_1\">\n                            <col class=\"ninja_column_2\">\n                            <col class=\"ninja_column_3\">\n                            <col class=\"ninja_column_4\">\n                    <\/colgroup>\n            <\/table>\n    \n    \n    \n<\/div>","protected":false},"excerpt":{"rendered":"<style>#sp-ea-5104 .spcollapsing { height: 0; overflow: hidden; transition-property: height;transition-duration: 300ms;}#sp-ea-5104.sp-easy-accordion>.sp-ea-single {margin-bottom: 5px; border: 0px solid #e2e2e2; }#sp-ea-5104.sp-easy-accordion>.sp-ea-single>.ea-header a {color: #494949;}#sp-ea-5104.sp-easy-accordion>.sp-ea-single>.sp-collapse>.ea-body {background: #fff; color: #444;}#sp-ea-5104.sp-easy-accordion>.sp-ea-single {background: rgba(238,238,238,0);}#sp-ea-5104.sp-easy-accordion>.sp-ea-single>.ea-header a .ea-expand-icon { float: left; color: #444;font-size: 16px;}.sp-easy-accordion p, .ea-header br, .ea-header a br{\ndisplay: none !important;\n}\n.sp-easy-accordion .ea-body p{\ndisplay: block !important;\n}<\/style>\n<div id=\"sp_easy_accordion-1729155412\">\n<div id=\"sp-ea-5104\" class=\"sp-ea-one sp-easy-accordion\" data-ea-active=\"ea-click\" data-ea-mode=\"vertical\" data-preloader=\"\" data-scroll-active-item=\"\" data-offset-to-scroll=\"0\">\n<div class=\"ea-card sp-ea-single\">\n<h3 class=\"ea-header\"><a class=\"collapsed\" id=\"ea-header-51040\" role=\"button\" data-sptoggle=\"spcollapse\" data-sptarget=\"#collapse51040\" aria-controls=\"collapse51040\" href=\"#\" aria-expanded=\"false\" tabindex=\"0\"><i aria-hidden=\"true\" role=\"presentation\" class=\"ea-expand-icon eap-icon-ea-expand-plus\"><\/i> Qu\u00e9 est\u00e1 incluido<\/a><\/h3>\n<div class=\"sp-collapse spcollapse spcollapse\" id=\"collapse51040\" role=\"region\" aria-labelledby=\"ea-header-51040\">\n<div class=\"ea-body\">\n<p>1 x F\u00e9rula-LED<\/p>\n<p>1 x cable de alimentaci\u00f3n con 4 conectores (USB, USB-C, micro-USB y iPhone)<\/p>\n<p>2 x L\u00e1pices blanqueadores (2 mL)<\/p>\n<p>1 x Gu\u00eda de tonos<\/p>\n<p>1 x Instrucciones<\/p>\n<\/div>\n<\/div>\n<\/div>\n<div class=\"ea-card sp-ea-single\">\n<h3 class=\"ea-header\"><a class=\"collapsed\" id=\"ea-header-51041\" role=\"button\" data-sptoggle=\"spcollapse\" data-sptarget=\"#collapse51041\" aria-controls=\"collapse51041\" href=\"#\" aria-expanded=\"false\" tabindex=\"0\"><i aria-hidden=\"true\" role=\"presentation\" class=\"ea-expand-icon eap-icon-ea-expand-plus\"><\/i> C\u00f3mo funciona<\/a><\/h3>\n<div class=\"sp-collapse spcollapse spcollapse\" id=\"collapse51041\" role=\"region\" aria-labelledby=\"ea-header-51041\">\n<div class=\"ea-body\">\n<p>1. Cepillar los dientes.<\/p>\n<p>2. Quitar el tap\u00f3n del l\u00e1piz. Girar varias veces en el sentido de las agujas del reloj (al inicio precisa de varios giros) hasta que el gel cubra la punta del cepillo.<\/p>\n<p>3. Sonre\u00edr y aplicar una fina capa de gel sobre los dientes.<\/p>\n<p>4. Conectar la f\u00e9rula-LED a la fuente de alimentaci\u00f3n deseada, colocarla en la boca y blanquear durante 20 minutos.<\/p>\n<p>5. Desenchufar la f\u00e9rula-LED una vez terminado el blanqueamiento.<\/p>\n<p>6. Retirar las f\u00e9rulas, enjuagar la boca con agua y repetir al d\u00eda siguiente.<\/p>\n<\/div>\n<\/div>\n<\/div>\n<div class=\"ea-card sp-ea-single\">\n<h3 class=\"ea-header\"><a class=\"collapsed\" id=\"ea-header-51042\" role=\"button\" data-sptoggle=\"spcollapse\" data-sptarget=\"#collapse51042\" aria-controls=\"collapse51042\" href=\"#\" aria-expanded=\"false\" tabindex=\"0\"><i aria-hidden=\"true\" role=\"presentation\" class=\"ea-expand-icon eap-icon-ea-expand-plus\"><\/i> Ingredientes<\/a><\/h3>\n<div class=\"sp-collapse spcollapse spcollapse\" id=\"collapse51042\" role=\"region\" aria-labelledby=\"ea-header-51042\">\n<div class=\"ea-body\">\n<p>Glycerin, Propylene Glycol, Acrylates\/C10-30 Alkyl Acrylate Crosspolymer, Triethanolamine, Sodium Saccharin, Mica, Mentha Piperita (Peppermint) Oil, Sodium Carbonate Peroxide (Sodium Percarbonate), CI 77891<\/p>\n<\/div>\n<\/div>\n<\/div>\n<\/div>\n<\/div>","protected":false},"featured_media":5707,"template":"","meta":{"site-sidebar-layout":"default","site-content-layout":"default","ast-site-content-layout":"default","site-content-style":"default","site-sidebar-style":"default","ast-global-header-display":"","ast-banner-title-visibility":"","ast-main-header-display":"","ast-hfb-above-header-display":"","ast-hfb-below-header-display":"","ast-hfb-mobile-header-display":"","site-post-title":"","ast-breadcrumbs-content":"","ast-featured-img":"","footer-sml-layout":"","ast-disable-related-posts":"","theme-transparent-header-meta":"default","adv-header-id-meta":"","stick-header-meta":"","header-above-stick-meta":"","header-main-stick-meta":"","header-below-stick-meta":"","astra-migrate-meta-layouts":"set","ast-page-background-enabled":"default","ast-page-background-meta":{"desktop":{"background-color":"var(--ast-global-color-4)","background-image":"","background-repeat":"repeat","background-position":"center center","background-size":"auto","background-attachment":"scroll","background-type":"","background-media":"","overlay-type":"","overlay-color":"","overlay-opacity":"","overlay-gradient":""},"tablet":{"background-color":"","background-image":"","background-repeat":"repeat","background-position":"center center","background-size":"auto","background-attachment":"scroll","background-type":"","background-media":"","overlay-type":"","overlay-color":"","overlay-opacity":"","overlay-gradient":""},"mobile":{"background-color":"","background-image":"","background-repeat":"repeat","background-position":"center center","background-size":"auto","background-attachment":"scroll","background-type":"","background-media":"","overlay-type":"","overlay-color":"","overlay-opacity":"","overlay-gradient":""}},"ast-content-background-meta":{"desktop":{"background-color":"var(--ast-global-color-5)","background-image":"","background-repeat":"repeat","background-position":"center center","background-size":"auto","background-attachment":"scroll","background-type":"","background-media":"","overlay-type":"","overlay-color":"","overlay-opacity":"","overlay-gradient":""},"tablet":{"background-color":"var(--ast-global-color-5)","background-image":"","background-repeat":"repeat","background-position":"center center","background-size":"auto","background-attachment":"scroll","background-type":"","background-media":"","overlay-type":"","overlay-color":"","overlay-opacity":"","overlay-gradient":""},"mobile":{"background-color":"var(--ast-global-color-5)","background-image":"","background-repeat":"repeat","background-position":"center center","background-size":"auto","background-attachment":"scroll","background-type":"","background-media":"","overlay-type":"","overlay-color":"","overlay-opacity":"","overlay-gradient":""}}},"product_brand":[],"product_cat":[71],"product_tag":[77,73,81,75,74],"class_list":{"0":"post-1041","1":"product","2":"type-product","3":"status-publish","4":"has-post-thumbnail","6":"product_cat-teeth-whitening-kits","7":"product_tag-glamwhite","8":"product_tag-kit","9":"product_tag-smartphone","10":"product_tag-teeth","11":"product_tag-whitening","12":"desktop-align-center","13":"tablet-align-left","14":"mobile-align-left","16":"first","17":"instock","18":"featured","19":"taxable","20":"shipping-taxable","21":"purchasable","22":"product-type-simple"},"_links":{"self":[{"href":"https:\/\/www.glamwhite.eu\/es\/wp-json\/wp\/v2\/product\/1041","targetHints":{"allow":["GET"]}}],"collection":[{"href":"https:\/\/www.glamwhite.eu\/es\/wp-json\/wp\/v2\/product"}],"about":[{"href":"https:\/\/www.glamwhite.eu\/es\/wp-json\/wp\/v2\/types\/product"}],"wp:featuredmedia":[{"embeddable":true,"href":"https:\/\/www.glamwhite.eu\/es\/wp-json\/wp\/v2\/media\/5707"}],"wp:attachment":[{"href":"https:\/\/www.glamwhite.eu\/es\/wp-json\/wp\/v2\/media?parent=1041"}],"wp:term":[{"taxonomy":"product_brand","embeddable":true,"href":"https:\/\/www.glamwhite.eu\/es\/wp-json\/wp\/v2\/product_brand?post=1041"},{"taxonomy":"product_cat","embeddable":true,"href":"https:\/\/www.glamwhite.eu\/es\/wp-json\/wp\/v2\/product_cat?post=1041"},{"taxonomy":"product_tag","embeddable":true,"href":"https:\/\/www.glamwhite.eu\/es\/wp-json\/wp\/v2\/product_tag?post=1041"}],"curies":[{"name":"wp","href":"https:\/\/api.w.org\/{rel}","templated":true}]}}