{"id":1024,"date":"2020-09-27T07:39:39","date_gmt":"2020-09-27T07:39:39","guid":{"rendered":"http:\/\/www.glamwhite.eu\/?post_type=product&#038;p=1024"},"modified":"2026-03-20T14:53:57","modified_gmt":"2026-03-20T14:53:57","slug":"refill-kit","status":"publish","type":"product","link":"https:\/\/www.glamwhite.eu\/es\/product\/refill-kit\/","title":{"rendered":"Refill Kit"},"content":{"rendered":"<p>\u00bfList@ para la siguiente ronda? Hazte con nuestro kit de recarga de 3 jeringuillas y mant\u00e9n tus dientes blancos! El Refill Kit permite realizar hasta 10 aplicaciones.<\/p>\n<p>El gel est\u00e1 elaborado en los EE. UU. con los mejores ingredientes, entre otros glicerina kosher, vegana y libre de transg\u00e9nicos, as\u00ed como aromas naturales. Nuestra f\u00f3rmula no solo es suave para los dientes y totalmente indolora sino tambi\u00e9n muy eficaz, pudiendo blanquear los dientes hasta 7 tonos!<\/p>\n<p>Si quieres saber m\u00e1s sobre el blanqueamiento dental, puedes visitar nuestra <a href=\"https:\/\/www.glamwhite.eu\/es\/blog\/\">blog.<\/a><\/p>","protected":false},"excerpt":{"rendered":"<style>#sp-ea-5100 .spcollapsing { height: 0; overflow: hidden; transition-property: height;transition-duration: 300ms;}#sp-ea-5100.sp-easy-accordion>.sp-ea-single {margin-bottom: 10px; border: 0px solid #e2e2e2; }#sp-ea-5100.sp-easy-accordion>.sp-ea-single>.ea-header a {color: #666666;}#sp-ea-5100.sp-easy-accordion>.sp-ea-single>.sp-collapse>.ea-body {background: #fff; color: #444;}#sp-ea-5100.sp-easy-accordion>.sp-ea-single {background: rgba(255,255,255,0);}#sp-ea-5100.sp-easy-accordion>.sp-ea-single>.ea-header a .ea-expand-icon { float: left; color: #444444;font-size: 16px;}.sp-easy-accordion p, .ea-header br, .ea-header a br{\ndisplay: none !important;\n}\n.sp-easy-accordion .ea-body p{\ndisplay: block !important;\n}<\/style>\n<div id=\"sp_easy_accordion-1776078941\">\n<div id=\"sp-ea-5100\" class=\"sp-ea-one sp-easy-accordion\" data-ea-active=\"ea-click\" data-ea-mode=\"vertical\" data-preloader=\"\" data-scroll-active-item=\"\" data-offset-to-scroll=\"0\">\n<div class=\"ea-card sp-ea-single\">\n<h3 class=\"ea-header\"><a class=\"collapsed\" id=\"ea-header-51000\" role=\"button\" data-sptoggle=\"spcollapse\" data-sptarget=\"#collapse51000\" aria-controls=\"collapse51000\" href=\"#\" aria-expanded=\"false\" tabindex=\"0\"><i aria-hidden=\"true\" role=\"presentation\" class=\"ea-expand-icon eap-icon-ea-expand-plus\"><\/i> Qu\u00e9 est\u00e1 incluido<\/a><\/h3>\n<div class=\"sp-collapse spcollapse spcollapse\" id=\"collapse51000\" role=\"region\" aria-labelledby=\"ea-header-51000\">\n<div class=\"ea-body\">\n<p>3 x Jeringuillas (5mL)<\/p>\n<p>1 x bolsa con cremallera reutilizable<\/p>\n<p>1 x Instrucciones<\/p>\n<\/div>\n<\/div>\n<\/div>\n<div class=\"ea-card sp-ea-single\">\n<h3 class=\"ea-header\"><a class=\"collapsed\" id=\"ea-header-51001\" role=\"button\" data-sptoggle=\"spcollapse\" data-sptarget=\"#collapse51001\" aria-controls=\"collapse51001\" href=\"#\" aria-expanded=\"false\" tabindex=\"0\"><i aria-hidden=\"true\" role=\"presentation\" class=\"ea-expand-icon eap-icon-ea-expand-plus\"><\/i> C\u00f3mo funciona<\/a><\/h3>\n<div class=\"sp-collapse spcollapse spcollapse\" id=\"collapse51001\" role=\"region\" aria-labelledby=\"ea-header-51001\">\n<div class=\"ea-body\">\n<p>1. Cepillar los dientes y usar hilo dental.<\/p>\n<p>2. Usar la gu\u00eda de tonos para determinar el color de partida del diente.<\/p>\n<p>3. Aplicar una fina capa de gel blanqueador en la parte interior de la(s) f\u00e9rula(s) bucal(es) y esparcir bien.<\/p>\n<p>4. Kit Elite: insertar las f\u00e9rulas en la boca, encender la l\u00e1mpara LED y colocarla delante de los dientes. \/ Xpress Smile: acoplar la f\u00e9rula a la l\u00e1mpara LED, colocar en la boca y encender la l\u00e1mpara LED.<\/p>\n<p>5. Usar la(s) f\u00e9rula(s) durante 10 minutos (Kit Xpress Smile) o 20-35 minutos (Kit Elite).<\/p>\n<p>6. Retirar las f\u00e9rulas y enjuagar la boca con agua.<\/p>\n<p>7. Utilizar la gu\u00eda de tonos para comparar el resultado.<\/p>\n<\/div>\n<\/div>\n<\/div>\n<div class=\"ea-card sp-ea-single\">\n<h3 class=\"ea-header\"><a class=\"collapsed\" id=\"ea-header-51002\" role=\"button\" data-sptoggle=\"spcollapse\" data-sptarget=\"#collapse51002\" aria-controls=\"collapse51002\" href=\"#\" aria-expanded=\"false\" tabindex=\"0\"><i aria-hidden=\"true\" role=\"presentation\" class=\"ea-expand-icon eap-icon-ea-expand-plus\"><\/i> Ingredientes<\/a><\/h3>\n<div class=\"sp-collapse spcollapse spcollapse\" id=\"collapse51002\" role=\"region\" aria-labelledby=\"ea-header-51002\">\n<div class=\"ea-body\">\n<p>Glycerin, Propylene Glycol, Acrylates\/C10-30 Alkyl Acrylate Crosspolymer, Triethanolamine, Sodium Saccharin, Mica, Mentha Piperita (Peppermint) Oil, Sodium Carbonate Peroxide (Sodium Percarbonate), CI 77891<\/p>\n<\/div>\n<\/div>\n<\/div>\n<\/div>\n<\/div>","protected":false},"featured_media":5728,"template":"","meta":{"site-sidebar-layout":"default","site-content-layout":"default","ast-site-content-layout":"default","site-content-style":"default","site-sidebar-style":"default","ast-global-header-display":"","ast-banner-title-visibility":"","ast-main-header-display":"","ast-hfb-above-header-display":"","ast-hfb-below-header-display":"","ast-hfb-mobile-header-display":"","site-post-title":"","ast-breadcrumbs-content":"","ast-featured-img":"","footer-sml-layout":"","ast-disable-related-posts":"","theme-transparent-header-meta":"default","adv-header-id-meta":"","stick-header-meta":"","header-above-stick-meta":"","header-main-stick-meta":"","header-below-stick-meta":"","astra-migrate-meta-layouts":"set","ast-page-background-enabled":"default","ast-page-background-meta":{"desktop":{"background-color":"var(--ast-global-color-4)","background-image":"","background-repeat":"repeat","background-position":"center center","background-size":"auto","background-attachment":"scroll","background-type":"","background-media":"","overlay-type":"","overlay-color":"","overlay-opacity":"","overlay-gradient":""},"tablet":{"background-color":"","background-image":"","background-repeat":"repeat","background-position":"center center","background-size":"auto","background-attachment":"scroll","background-type":"","background-media":"","overlay-type":"","overlay-color":"","overlay-opacity":"","overlay-gradient":""},"mobile":{"background-color":"","background-image":"","background-repeat":"repeat","background-position":"center center","background-size":"auto","background-attachment":"scroll","background-type":"","background-media":"","overlay-type":"","overlay-color":"","overlay-opacity":"","overlay-gradient":""}},"ast-content-background-meta":{"desktop":{"background-color":"var(--ast-global-color-5)","background-image":"","background-repeat":"repeat","background-position":"center center","background-size":"auto","background-attachment":"scroll","background-type":"","background-media":"","overlay-type":"","overlay-color":"","overlay-opacity":"","overlay-gradient":""},"tablet":{"background-color":"var(--ast-global-color-5)","background-image":"","background-repeat":"repeat","background-position":"center center","background-size":"auto","background-attachment":"scroll","background-type":"","background-media":"","overlay-type":"","overlay-color":"","overlay-opacity":"","overlay-gradient":""},"mobile":{"background-color":"var(--ast-global-color-5)","background-image":"","background-repeat":"repeat","background-position":"center center","background-size":"auto","background-attachment":"scroll","background-type":"","background-media":"","overlay-type":"","overlay-color":"","overlay-opacity":"","overlay-gradient":""}}},"product_brand":[],"product_cat":[71],"product_tag":[77,73,78,75,74],"class_list":{"0":"post-1024","1":"product","2":"type-product","3":"status-publish","4":"has-post-thumbnail","6":"product_cat-teeth-whitening-kits","7":"product_tag-glamwhite","8":"product_tag-kit","9":"product_tag-refill","10":"product_tag-teeth","11":"product_tag-whitening","12":"desktop-align-center","13":"tablet-align-left","14":"mobile-align-left","16":"first","17":"instock","18":"featured","19":"taxable","20":"shipping-taxable","21":"purchasable","22":"product-type-simple"},"_links":{"self":[{"href":"https:\/\/www.glamwhite.eu\/es\/wp-json\/wp\/v2\/product\/1024","targetHints":{"allow":["GET"]}}],"collection":[{"href":"https:\/\/www.glamwhite.eu\/es\/wp-json\/wp\/v2\/product"}],"about":[{"href":"https:\/\/www.glamwhite.eu\/es\/wp-json\/wp\/v2\/types\/product"}],"wp:featuredmedia":[{"embeddable":true,"href":"https:\/\/www.glamwhite.eu\/es\/wp-json\/wp\/v2\/media\/5728"}],"wp:attachment":[{"href":"https:\/\/www.glamwhite.eu\/es\/wp-json\/wp\/v2\/media?parent=1024"}],"wp:term":[{"taxonomy":"product_brand","embeddable":true,"href":"https:\/\/www.glamwhite.eu\/es\/wp-json\/wp\/v2\/product_brand?post=1024"},{"taxonomy":"product_cat","embeddable":true,"href":"https:\/\/www.glamwhite.eu\/es\/wp-json\/wp\/v2\/product_cat?post=1024"},{"taxonomy":"product_tag","embeddable":true,"href":"https:\/\/www.glamwhite.eu\/es\/wp-json\/wp\/v2\/product_tag?post=1024"}],"curies":[{"name":"wp","href":"https:\/\/api.w.org\/{rel}","templated":true}]}}