{"id":661,"date":"2020-09-17T07:44:33","date_gmt":"2020-09-17T07:44:33","guid":{"rendered":"http:\/\/www.nandbro.com\/glamwhite\/wordpress\/?post_type=product&#038;p=661"},"modified":"2025-12-02T09:09:12","modified_gmt":"2025-12-02T09:09:12","slug":"home-whitening-kit-xpress-smile","status":"publish","type":"product","link":"https:\/\/www.glamwhite.eu\/de\/product\/home-whitening-kit-xpress-smile\/","title":{"rendered":"Home Whitening Kit Xpress Smile"},"content":{"rendered":"<p class=\"western\" lang=\"en-US\">Unser Top-of-the-range Set enth\u00e4lt 3 Spritzen von 5 mL und ein Licht mit 5 leistungsstarken LEDs und einen eingebauten Timer mit Piepser, damit du deine Bleaching-Sitzungszeit einfach verfolgen kannst. Das Licht wird an der Mundschiene befestigt und scheint direkt auf die Z\u00e4hne, um den Bleaching-Prozess zu beschleunigen.<\/p>\n<p class=\"western\" lang=\"en-US\">Mit den 15 mL Aufhellungsgel hat man genug Produkt f\u00fcr eine komplette Behandlung von einer Woche plus eine Nachbesserungsbehandlung von mehreren Tagen, um die Z\u00e4hne wei\u00df zu erhalten bzw. um die Bleichergebnisse zu verbessern.<\/p>\n<p class=\"western\" lang=\"en-US\">Das Gel wird in den USA mit den besten Inhaltsstoffen hergestellt, darunter koscheres, veganes, gentechnikfreies Glycerin und nat\u00fcrliches Aroma. Unsere Formel ist nicht nur effektiv \u2013 sie kann Z\u00e4hne um bis zu 7 Nuancen aufhellen \u2013 sondern auch schonend f\u00fcr Zahn und Zahnfleisch. Garantiert schmerzfrei!<\/p>\n<p>Wenn Sie mehr \u00fcber Zahnaufhellung erfahren m\u00f6chten, k\u00f6nnen Sie unsere besuchen <a href=\"https:\/\/www.glamwhite.eu\/de\/blog\/\">blog.<\/a><\/p>\n<div id=\"footable_parent_5739\"\n         class=\"footable_parent ninja_table_wrapper loading_ninja_table wp_table_data_press_parent semantic_ui\">\n                    <h3 class=\"table_title footable_title\">Produktvergleich<\/h3>\n                        <table data-ninja_table_instance=\"ninja_table_instance_0\" data-footable_id=\"5739\" data-filter-delay=\"1000\" aria-label=\"Produktvergleich\"            id=\"footable_5739\"\n           data-unique_identifier=\"ninja_table_unique_id_3131225188_5739\"\n           class=\"foo-table ninja_footable foo_table_5739 ninja_table_unique_id_3131225188_5739 ui table  nt_type_ajax_table selectable striped vertical_centered  footable-paging-right ninja_table_search_disabled\">\n                <colgroup>\n                            <col class=\"ninja_column_0\">\n                            <col class=\"ninja_column_1\">\n                            <col class=\"ninja_column_2\">\n                            <col class=\"ninja_column_3\">\n                            <col class=\"ninja_column_4\">\n                    <\/colgroup>\n            <\/table>\n    \n    \n    \n<\/div>","protected":false},"excerpt":{"rendered":"<style>#sp-ea-5103 .spcollapsing { height: 0; overflow: hidden; transition-property: height;transition-duration: 300ms;}#sp-ea-5103.sp-easy-accordion>.sp-ea-single {margin-bottom: 10px; border: 0px solid #e2e2e2; }#sp-ea-5103.sp-easy-accordion>.sp-ea-single>.ea-header a {color: #6d6d6d;}#sp-ea-5103.sp-easy-accordion>.sp-ea-single>.sp-collapse>.ea-body {background: #fff; color: #444;}#sp-ea-5103.sp-easy-accordion>.sp-ea-single {background: rgba(238,238,238,0);}#sp-ea-5103.sp-easy-accordion>.sp-ea-single>.ea-header a .ea-expand-icon { float: left; color: #444;font-size: 16px;}.sp-easy-accordion p, .ea-header br, .ea-header a br{\ndisplay: none !important;\n}\n.sp-easy-accordion .ea-body p{\ndisplay: block !important;\n}<\/style>\n<div id=\"sp_easy_accordion-1777514569\">\n<div id=\"sp-ea-5103\" class=\"sp-ea-one sp-easy-accordion\" data-ea-active=\"ea-click\" data-ea-mode=\"vertical\" data-preloader=\"\" data-scroll-active-item=\"\" data-offset-to-scroll=\"0\">\n<div class=\"ea-card sp-ea-single\">\n<h3 class=\"ea-header\"><a class=\"collapsed\" id=\"ea-header-51030\" role=\"button\" data-sptoggle=\"spcollapse\" data-sptarget=\"#collapse51030\" aria-controls=\"collapse51030\" href=\"#\" aria-expanded=\"false\" tabindex=\"0\"><i aria-hidden=\"true\" role=\"presentation\" class=\"ea-expand-icon eap-icon-ea-expand-plus\"><\/i> Was ist inbegriffen<\/a><\/h3>\n<div class=\"sp-collapse spcollapse spcollapse\" id=\"collapse51030\" role=\"region\" aria-labelledby=\"ea-header-51030\">\n<div class=\"ea-body\">\n<p>3 x Spritzen mit Aufhellungsgel (\u00e0 5 mL)<\/p>\n<p>1 x Mundschiene<\/p>\n<p>1 x Leistungsstarkes LED-Licht<\/p>\n<p>1 x Farbskala<\/p>\n<p>1 x Anleitung<\/p>\n<\/div>\n<\/div>\n<\/div>\n<div class=\"ea-card sp-ea-single\">\n<h3 class=\"ea-header\"><a class=\"collapsed\" id=\"ea-header-51031\" role=\"button\" data-sptoggle=\"spcollapse\" data-sptarget=\"#collapse51031\" aria-controls=\"collapse51031\" href=\"#\" aria-expanded=\"false\" tabindex=\"0\"><i aria-hidden=\"true\" role=\"presentation\" class=\"ea-expand-icon eap-icon-ea-expand-plus\"><\/i> Wie es funktioniert<\/a><\/h3>\n<div class=\"sp-collapse spcollapse spcollapse\" id=\"collapse51031\" role=\"region\" aria-labelledby=\"ea-header-51031\">\n<div class=\"ea-body\">\n<p>1. Z\u00e4hne wie gewohnt putzen und danach Mund gr\u00fcndlich aussp\u00fclen.<\/p>\n<p>2. Mundschiene am LED-Licht befestigen.<\/p>\n<p>3. Das Gel auf die Ober- und Unterseite der Mundschiene auftragen.<\/p>\n<p>4. In den Mund setzen und 10 Minuten lang bleichen. TIPP: Um die besten Ergebnisse zu erzielen, nach der 10-min\u00fctigen Sitzung erneut die wei\u00dfe Taste dr\u00fccken und weitere 10 Minuten durchf\u00fchren.<\/p>\n<p>5. Mundschiene aus dem Mund entfernen.<\/p>\n<p>6. Gel ausspucken und Mund mit Wasser aussp\u00fclen. Vorgang am n\u00e4chsten Tag wiederholen.<\/p>\n<\/div>\n<\/div>\n<\/div>\n<div class=\"ea-card sp-ea-single\">\n<h3 class=\"ea-header\"><a class=\"collapsed\" id=\"ea-header-51032\" role=\"button\" data-sptoggle=\"spcollapse\" data-sptarget=\"#collapse51032\" aria-controls=\"collapse51032\" href=\"#\" aria-expanded=\"false\" tabindex=\"0\"><i aria-hidden=\"true\" role=\"presentation\" class=\"ea-expand-icon eap-icon-ea-expand-plus\"><\/i> Zutaten<\/a><\/h3>\n<div class=\"sp-collapse spcollapse spcollapse\" id=\"collapse51032\" role=\"region\" aria-labelledby=\"ea-header-51032\">\n<div class=\"ea-body\">\n<p>Glycerin, Propylene Glycol, Acrylates\/C10-30 Alkyl Acrylate Crosspolymer, Triethanolamine, Sodium Saccharin, Mica, Mentha Piperita (Peppermint) Oil, Sodium Carbonate Peroxide (Sodium Percarbonate), CI 77891<\/p>\n<\/div>\n<\/div>\n<\/div>\n<\/div>\n<\/div>","protected":false},"featured_media":5712,"template":"","meta":{"site-sidebar-layout":"default","site-content-layout":"default","ast-site-content-layout":"default","site-content-style":"default","site-sidebar-style":"default","ast-global-header-display":"","ast-banner-title-visibility":"","ast-main-header-display":"","ast-hfb-above-header-display":"","ast-hfb-below-header-display":"","ast-hfb-mobile-header-display":"","site-post-title":"","ast-breadcrumbs-content":"","ast-featured-img":"","footer-sml-layout":"","ast-disable-related-posts":"","theme-transparent-header-meta":"default","adv-header-id-meta":"","stick-header-meta":"","header-above-stick-meta":"","header-main-stick-meta":"","header-below-stick-meta":"","astra-migrate-meta-layouts":"set","ast-page-background-enabled":"default","ast-page-background-meta":{"desktop":{"background-color":"var(--ast-global-color-4)","background-image":"","background-repeat":"repeat","background-position":"center center","background-size":"auto","background-attachment":"scroll","background-type":"","background-media":"","overlay-type":"","overlay-color":"","overlay-opacity":"","overlay-gradient":""},"tablet":{"background-color":"","background-image":"","background-repeat":"repeat","background-position":"center center","background-size":"auto","background-attachment":"scroll","background-type":"","background-media":"","overlay-type":"","overlay-color":"","overlay-opacity":"","overlay-gradient":""},"mobile":{"background-color":"","background-image":"","background-repeat":"repeat","background-position":"center center","background-size":"auto","background-attachment":"scroll","background-type":"","background-media":"","overlay-type":"","overlay-color":"","overlay-opacity":"","overlay-gradient":""}},"ast-content-background-meta":{"desktop":{"background-color":"var(--ast-global-color-5)","background-image":"","background-repeat":"repeat","background-position":"center center","background-size":"auto","background-attachment":"scroll","background-type":"","background-media":"","overlay-type":"","overlay-color":"","overlay-opacity":"","overlay-gradient":""},"tablet":{"background-color":"var(--ast-global-color-5)","background-image":"","background-repeat":"repeat","background-position":"center center","background-size":"auto","background-attachment":"scroll","background-type":"","background-media":"","overlay-type":"","overlay-color":"","overlay-opacity":"","overlay-gradient":""},"mobile":{"background-color":"var(--ast-global-color-5)","background-image":"","background-repeat":"repeat","background-position":"center center","background-size":"auto","background-attachment":"scroll","background-type":"","background-media":"","overlay-type":"","overlay-color":"","overlay-opacity":"","overlay-gradient":""}}},"product_brand":[],"product_cat":[71],"product_tag":[77,72,73,80,75,74,79],"class_list":{"0":"post-661","1":"product","2":"type-product","3":"status-publish","4":"has-post-thumbnail","6":"product_cat-teeth-whitening-kits","7":"product_tag-glamwhite","8":"product_tag-home","9":"product_tag-kit","10":"product_tag-smile","11":"product_tag-teeth","12":"product_tag-whitening","13":"product_tag-xpress","14":"desktop-align-center","15":"tablet-align-left","16":"mobile-align-left","18":"first","19":"instock","20":"taxable","21":"shipping-taxable","22":"purchasable","23":"product-type-simple"},"_links":{"self":[{"href":"https:\/\/www.glamwhite.eu\/de\/wp-json\/wp\/v2\/product\/661","targetHints":{"allow":["GET"]}}],"collection":[{"href":"https:\/\/www.glamwhite.eu\/de\/wp-json\/wp\/v2\/product"}],"about":[{"href":"https:\/\/www.glamwhite.eu\/de\/wp-json\/wp\/v2\/types\/product"}],"wp:featuredmedia":[{"embeddable":true,"href":"https:\/\/www.glamwhite.eu\/de\/wp-json\/wp\/v2\/media\/5712"}],"wp:attachment":[{"href":"https:\/\/www.glamwhite.eu\/de\/wp-json\/wp\/v2\/media?parent=661"}],"wp:term":[{"taxonomy":"product_brand","embeddable":true,"href":"https:\/\/www.glamwhite.eu\/de\/wp-json\/wp\/v2\/product_brand?post=661"},{"taxonomy":"product_cat","embeddable":true,"href":"https:\/\/www.glamwhite.eu\/de\/wp-json\/wp\/v2\/product_cat?post=661"},{"taxonomy":"product_tag","embeddable":true,"href":"https:\/\/www.glamwhite.eu\/de\/wp-json\/wp\/v2\/product_tag?post=661"}],"curies":[{"name":"wp","href":"https:\/\/api.w.org\/{rel}","templated":true}]}}