{"id":6338,"date":"2025-01-29T18:51:18","date_gmt":"2025-01-29T18:51:18","guid":{"rendered":"https:\/\/www.glamwhite.eu\/?post_type=product&#038;p=6338"},"modified":"2025-02-06T17:21:50","modified_gmt":"2025-02-06T17:21:50","slug":"white-charcoal","status":"publish","type":"product","link":"https:\/\/www.glamwhite.eu\/de\/product\/white-charcoal\/","title":{"rendered":"White Charcoal"},"content":{"rendered":"<section id=\"deal-pitch\">\n<h4><strong>Zahnaufhellungspulver ohne Aktivkohle<\/strong><\/h4>\n<p class=\"translation-block\">Entdecken Sie <strong>WHITE CHARCOAL\u2122<\/strong>, das revolution\u00e4re Zahnaufhellungspulver, das Ihre Z\u00e4hne sicher und effektiv reinigt und aufhellt \u2013 ohne die Unordnung von Aktivkohle. Seine fortschrittliche Formel entfernt Flecken und R\u00fcckst\u00e4nde, ohne Zahnpastaablagerungen im Waschbecken zu hinterlassen, und sorgt f\u00fcr ein saubereres und bequemeres Putzerlebnis.<\/p>\n<p><strong>\u2022 Safe &amp; effective whitening<\/strong> \u2013 Whiter teeth without harsh abrasives.<br \/>\n<strong>\u2022 Strengthens enamel<\/strong> \u2013 Enriched with essential minerals for a strong and healthy smile.<br \/>\n<strong>\u2022 Cavity protection<\/strong> \u2013 Contains <strong>xylitol<\/strong>, known to help prevent cavities\u00b9 and reduce plaque\u00b2.<br \/>\n<strong>\u2022 Gum care<\/strong> \u2013 Anti-inflammatory properties\u00b3 support better oral health.<\/p>\n<p>WHITE CHARCOAL\u2122 is our brand. The product does not contain charcoal.<\/p>\n<p>If you want to know more about teeth whitening you can visit our <a href=\"https:\/\/www.glamwhite.eu\/de\/blog\/\">blog.<\/a><\/p>\n<\/section>\n<div id=\"footable_parent_5739\"\n         class=\"footable_parent ninja_table_wrapper loading_ninja_table wp_table_data_press_parent semantic_ui\">\n                    <h3 class=\"table_title footable_title\">Produktvergleich<\/h3>\n                        <table data-ninja_table_instance=\"ninja_table_instance_0\" data-footable_id=\"5739\" data-filter-delay=\"1000\" aria-label=\"Produktvergleich\"            id=\"footable_5739\"\n           data-unique_identifier=\"ninja_table_unique_id_3229438638_5739\"\n           class=\"foo-table ninja_footable foo_table_5739 ninja_table_unique_id_3229438638_5739 ui table  nt_type_ajax_table selectable striped vertical_centered  footable-paging-right ninja_table_search_disabled\">\n                <colgroup>\n                            <col class=\"ninja_column_0\">\n                            <col class=\"ninja_column_1\">\n                            <col class=\"ninja_column_2\">\n                            <col class=\"ninja_column_3\">\n                            <col class=\"ninja_column_4\">\n                    <\/colgroup>\n            <\/table>\n    \n    \n    \n<\/div>","protected":false},"excerpt":{"rendered":"<style>#sp-ea-6345 .spcollapsing { height: 0; overflow: hidden; transition-property: height;transition-duration: 300ms;}#sp-ea-6345.sp-easy-accordion>.sp-ea-single {margin-bottom: 10px; border: 1px solid #e2e2e2; }#sp-ea-6345.sp-easy-accordion>.sp-ea-single>.ea-header a {color: #5b5b5b;}#sp-ea-6345.sp-easy-accordion>.sp-ea-single>.sp-collapse>.ea-body {background: #fff; color: #444;}#sp-ea-6345.sp-easy-accordion>.sp-ea-single {background: rgba(238,238,238,0);}#sp-ea-6345.sp-easy-accordion>.sp-ea-single>.ea-header a .ea-expand-icon { float: left; color: #444;font-size: 16px;}.sp-easy-accordion p, .ea-header br, .ea-header a br{\ndisplay: none !important;\n}\n.sp-easy-accordion .ea-body p{\ndisplay: block !important;\n}<\/style>\n<div id=\"sp_easy_accordion-1702476596\">\n<div id=\"sp-ea-6345\" class=\"sp-ea-one sp-easy-accordion\" data-ea-active=\"ea-click\" data-ea-mode=\"vertical\" data-preloader=\"\" data-scroll-active-item=\"\" data-offset-to-scroll=\"0\">\n<div class=\"ea-card sp-ea-single\">\n<h3 class=\"ea-header\"><a class=\"collapsed\" id=\"ea-header-63450\" role=\"button\" data-sptoggle=\"spcollapse\" data-sptarget=\"#collapse63450\" aria-controls=\"collapse63450\" href=\"#\" aria-expanded=\"false\" tabindex=\"0\"><i aria-hidden=\"true\" role=\"presentation\" class=\"ea-expand-icon eap-icon-ea-expand-plus\"><\/i> Was ist inbegriffen<\/a><\/h3>\n<div class=\"sp-collapse spcollapse spcollapse\" id=\"collapse63450\" data-parent=\"#sp-ea-6345\" role=\"region\" aria-labelledby=\"ea-header-63450\">\n<div class=\"ea-body\">\n<p>1x 30 g Zahnaufhellungspulver<br \/>1x Anleitung<\/p>\n<\/div>\n<\/div>\n<\/div>\n<div class=\"ea-card sp-ea-single\">\n<h3 class=\"ea-header\"><a class=\"collapsed\" id=\"ea-header-63451\" role=\"button\" data-sptoggle=\"spcollapse\" data-sptarget=\"#collapse63451\" aria-controls=\"collapse63451\" href=\"#\" aria-expanded=\"false\" tabindex=\"0\"><i aria-hidden=\"true\" role=\"presentation\" class=\"ea-expand-icon eap-icon-ea-expand-plus\"><\/i> Merkmale<\/a><\/h3>\n<div class=\"sp-collapse spcollapse spcollapse\" id=\"collapse63451\" data-parent=\"#sp-ea-6345\" role=\"region\" aria-labelledby=\"ea-header-63451\">\n<div class=\"ea-body\">\n<p>\u2022 Safely cleans and whitens teeth<br \/>\u2022 Designed to remove coffee, tea, wine, and tobacco stains from the surfaces of teeth<br \/>\u2022 Natural Spearmint flavor<br \/>\u2022 Freshens breath<br \/>\u2022 Mineral-rich<br \/>\u2022 Safe for everyday use<br \/>\u2022 Cruelty-Free, Vegan<br \/>\u2022 No harmful chemicals, artificial colors, or flavors<br \/>\u2022 No fluoride or hydrogen peroxide<br \/>\u2022 Made in the USA<\/p>\n<\/div>\n<\/div>\n<\/div>\n<div class=\"ea-card sp-ea-single\">\n<h3 class=\"ea-header\"><a class=\"collapsed\" id=\"ea-header-63452\" role=\"button\" data-sptoggle=\"spcollapse\" data-sptarget=\"#collapse63452\" aria-controls=\"collapse63452\" href=\"#\" aria-expanded=\"false\" tabindex=\"0\"><i aria-hidden=\"true\" role=\"presentation\" class=\"ea-expand-icon eap-icon-ea-expand-plus\"><\/i> Zutaten<\/a><\/h3>\n<div class=\"sp-collapse spcollapse spcollapse\" id=\"collapse63452\" data-parent=\"#sp-ea-6345\" role=\"region\" aria-labelledby=\"ea-header-63452\">\n<div class=\"ea-body\">\n<p>Sodium Bicarbonate, Calcium Carbonate, Silica, Solum Fullonum, Aroma, Sodium Lauryl Sulfate, Sodium Saccharin, Mica, Xylitol, CI 77891, Menthol<\/p>\n<\/div>\n<\/div>\n<\/div>\n<div class=\"ea-card sp-ea-single\">\n<h3 class=\"ea-header\"><a class=\"collapsed\" id=\"ea-header-63453\" role=\"button\" data-sptoggle=\"spcollapse\" data-sptarget=\"#collapse63453\" aria-controls=\"collapse63453\" href=\"#\" aria-expanded=\"false\" tabindex=\"0\"><i aria-hidden=\"true\" role=\"presentation\" class=\"ea-expand-icon eap-icon-ea-expand-plus\"><\/i> Resources<\/a><\/h3>\n<div class=\"sp-collapse spcollapse spcollapse\" id=\"collapse63453\" data-parent=\"#sp-ea-6345\" role=\"region\" aria-labelledby=\"ea-header-63453\">\n<div class=\"ea-body\">\n<p>1. <a href=\"https:\/\/pubmed.ncbi.nlm.nih.gov\/1067728\/\">https:\/\/pubmed.ncbi.nlm.nih.gov\/1067728\/<\/a><br \/>2. <a href=\"https:\/\/www.ncbi.nlm.nih.gov\/pmc\/articles\/PMC4232036\/\">https:\/\/www.ncbi.nlm.nih.gov\/pmc\/articles\/PMC4232036\/<\/a><br \/>3. <a href=\"https:\/\/www.ncbi.nlm.nih.gov\/pmc\/articles\/PMC4775082\/\">https:\/\/www.ncbi.nlm.nih.gov\/pmc\/articles\/PMC4775082\/<\/a><\/p>\n<\/div>\n<\/div>\n<\/div>\n<\/div>\n<\/div>","protected":false},"featured_media":6349,"template":"","meta":{"site-sidebar-layout":"default","site-content-layout":"default","ast-site-content-layout":"default","site-content-style":"default","site-sidebar-style":"default","ast-global-header-display":"","ast-banner-title-visibility":"","ast-main-header-display":"","ast-hfb-above-header-display":"","ast-hfb-below-header-display":"","ast-hfb-mobile-header-display":"","site-post-title":"","ast-breadcrumbs-content":"","ast-featured-img":"","footer-sml-layout":"","ast-disable-related-posts":"","theme-transparent-header-meta":"default","adv-header-id-meta":"","stick-header-meta":"","header-above-stick-meta":"","header-main-stick-meta":"","header-below-stick-meta":"","astra-migrate-meta-layouts":"set","ast-page-background-enabled":"default","ast-page-background-meta":{"desktop":{"background-color":"var(--ast-global-color-4)","background-image":"","background-repeat":"repeat","background-position":"center center","background-size":"auto","background-attachment":"scroll","background-type":"","background-media":"","overlay-type":"","overlay-color":"","overlay-opacity":"","overlay-gradient":""},"tablet":{"background-color":"","background-image":"","background-repeat":"repeat","background-position":"center center","background-size":"auto","background-attachment":"scroll","background-type":"","background-media":"","overlay-type":"","overlay-color":"","overlay-opacity":"","overlay-gradient":""},"mobile":{"background-color":"","background-image":"","background-repeat":"repeat","background-position":"center center","background-size":"auto","background-attachment":"scroll","background-type":"","background-media":"","overlay-type":"","overlay-color":"","overlay-opacity":"","overlay-gradient":""}},"ast-content-background-meta":{"desktop":{"background-color":"var(--ast-global-color-5)","background-image":"","background-repeat":"repeat","background-position":"center center","background-size":"auto","background-attachment":"scroll","background-type":"","background-media":"","overlay-type":"","overlay-color":"","overlay-opacity":"","overlay-gradient":""},"tablet":{"background-color":"var(--ast-global-color-5)","background-image":"","background-repeat":"repeat","background-position":"center center","background-size":"auto","background-attachment":"scroll","background-type":"","background-media":"","overlay-type":"","overlay-color":"","overlay-opacity":"","overlay-gradient":""},"mobile":{"background-color":"var(--ast-global-color-5)","background-image":"","background-repeat":"repeat","background-position":"center center","background-size":"auto","background-attachment":"scroll","background-type":"","background-media":"","overlay-type":"","overlay-color":"","overlay-opacity":"","overlay-gradient":""}}},"product_brand":[],"product_cat":[82],"product_tag":[97,77,75,94,74],"class_list":{"0":"post-6338","1":"product","2":"type-product","3":"status-publish","4":"has-post-thumbnail","6":"product_cat-whitening-products","7":"product_tag-charcoal","8":"product_tag-glamwhite","9":"product_tag-teeth","10":"product_tag-white","11":"product_tag-whitening","12":"desktop-align-center","13":"tablet-align-left","14":"mobile-align-left","16":"first","17":"instock","18":"taxable","19":"shipping-taxable","20":"purchasable","21":"product-type-simple"},"_links":{"self":[{"href":"https:\/\/www.glamwhite.eu\/de\/wp-json\/wp\/v2\/product\/6338","targetHints":{"allow":["GET"]}}],"collection":[{"href":"https:\/\/www.glamwhite.eu\/de\/wp-json\/wp\/v2\/product"}],"about":[{"href":"https:\/\/www.glamwhite.eu\/de\/wp-json\/wp\/v2\/types\/product"}],"wp:featuredmedia":[{"embeddable":true,"href":"https:\/\/www.glamwhite.eu\/de\/wp-json\/wp\/v2\/media\/6349"}],"wp:attachment":[{"href":"https:\/\/www.glamwhite.eu\/de\/wp-json\/wp\/v2\/media?parent=6338"}],"wp:term":[{"taxonomy":"product_brand","embeddable":true,"href":"https:\/\/www.glamwhite.eu\/de\/wp-json\/wp\/v2\/product_brand?post=6338"},{"taxonomy":"product_cat","embeddable":true,"href":"https:\/\/www.glamwhite.eu\/de\/wp-json\/wp\/v2\/product_cat?post=6338"},{"taxonomy":"product_tag","embeddable":true,"href":"https:\/\/www.glamwhite.eu\/de\/wp-json\/wp\/v2\/product_tag?post=6338"}],"curies":[{"name":"wp","href":"https:\/\/api.w.org\/{rel}","templated":true}]}}