{"id":5966,"date":"2023-12-15T10:25:09","date_gmt":"2023-12-15T10:25:09","guid":{"rendered":"https:\/\/www.glamwhite.eu\/?post_type=product&#038;p=5966"},"modified":"2025-12-16T08:58:39","modified_gmt":"2025-12-16T08:58:39","slug":"xpert-pack","status":"publish","type":"product","link":"https:\/\/www.glamwhite.eu\/de\/product\/xpert-pack\/","title":{"rendered":"XPERT Pack"},"content":{"rendered":"<p>Das Xpert Pack ist die perfekte Kombination, um Ihr L\u00e4cheln wei\u00df zu halten. Das Home Whitening Kit Xpress Smile hellt Ihre Z\u00e4hne auf und die Whitening FOAM Zahnpasta hilft Ihnen, sie l\u00e4nger wei\u00df zu halten.<\/p>\n<p><strong>Home Whitening Kit Xpress Smile:\u00a0<\/strong><\/p>\n<p class=\"western\" lang=\"en-US\">Unser Top-of-the-range Set enth\u00e4lt 3 Spritzen von 5 mL und ein Licht mit 5 leistungsstarken LEDs und einen eingebauten Timer mit Piepser, damit du deine Bleaching-Sitzungszeit einfach verfolgen kannst. Das Licht wird an der Mundschiene befestigt und scheint direkt auf die Z\u00e4hne, um den Bleaching-Prozess zu beschleunigen.<\/p>\n<p class=\"western\" lang=\"en-US\">Mit den 15 mL Aufhellungsgel hat man genug Produkt f\u00fcr eine komplette Behandlung von einer Woche plus eine Nachbesserungsbehandlung von mehreren Tagen, um die Z\u00e4hne wei\u00df zu erhalten bzw. um die Bleichergebnisse zu verbessern.<\/p>\n<p class=\"western\" lang=\"en-US\">Das Gel wird in den USA mit den besten Inhaltsstoffen hergestellt, darunter koscheres, veganes, gentechnikfreies Glycerin und nat\u00fcrliches Aroma. Unsere Formel ist nicht nur effektiv \u2013 sie kann Z\u00e4hne um bis zu 7 Nuancen aufhellen \u2013 sondern auch schonend f\u00fcr Zahn und Zahnfleisch. Garantiert schmerzfrei!<\/p>\n<p lang=\"en-US\"><strong>Aufhellende FOAM-Zahnpasta:<\/strong><\/p>\n<p><span lang=\"en-US\">Die Whitening FOAM Zahnpasta von GlamWhite wurde speziell f\u00fcr den t\u00e4glichen Gebrauch entwickelt und ersetzt die \u00fcbliche Zahnpasta.<\/span><\/p>\n<p><span lang=\"en-US\">Dieses revolution\u00e4re Sauerstoffsystem reinigt und hellt die Z\u00e4hne auf, beugt Karies vor und erfrischt den Atem.\u00a0<\/span><\/p>\n<p><span lang=\"en-US\">Der wichtigste Aufheller im Schaum ist Natriumpercarbonat, eine umweltfreundliche Chemikalie, die zusammen mit den anderen fortschrittlichen Inhaltsstoffen unserer Formel Ihre Z\u00e4hne um bis zu 7 Farbt\u00f6ne aufhellt, ohne Schmerzen oder Empfindlichkeit. Hergestellt in den USA mit nat\u00fcrlichen, koscheren und veganen Zutaten. Enth\u00e4lt Fluorid.<\/span><\/p>\n<p>&nbsp;<\/p>\n<p>Wenn Sie mehr \u00fcber Zahnaufhellung erfahren m\u00f6chten, k\u00f6nnen Sie unsere besuchen <a href=\"https:\/\/www.glamwhite.eu\/de\/blog\/\">blog.<\/a><\/p>","protected":false},"excerpt":{"rendered":"<p>The Xpert Pack is the perfect combination to keep your smile white. The Home Whitening Kit Xpress Smile will whiten your teeth and the Whitening FOAM Toothpaste will help you to keep them white for longer. Home Whitening Kit Xpress Smile:\u00a0 Our top-of-the-range Home Whitening Kit Xpress Smile includes 3 syringes of 5 mL, giving [&hellip;]<\/p>\n","protected":false},"featured_media":6189,"template":"","meta":{"site-sidebar-layout":"default","site-content-layout":"default","ast-site-content-layout":"default","site-content-style":"default","site-sidebar-style":"default","ast-global-header-display":"","ast-banner-title-visibility":"","ast-main-header-display":"","ast-hfb-above-header-display":"","ast-hfb-below-header-display":"","ast-hfb-mobile-header-display":"","site-post-title":"","ast-breadcrumbs-content":"","ast-featured-img":"","footer-sml-layout":"","ast-disable-related-posts":"","theme-transparent-header-meta":"default","adv-header-id-meta":"","stick-header-meta":"","header-above-stick-meta":"","header-main-stick-meta":"","header-below-stick-meta":"","astra-migrate-meta-layouts":"default","ast-page-background-enabled":"default","ast-page-background-meta":{"desktop":{"background-color":"var(--ast-global-color-4)","background-image":"","background-repeat":"repeat","background-position":"center center","background-size":"auto","background-attachment":"scroll","background-type":"","background-media":"","overlay-type":"","overlay-color":"","overlay-opacity":"","overlay-gradient":""},"tablet":{"background-color":"","background-image":"","background-repeat":"repeat","background-position":"center center","background-size":"auto","background-attachment":"scroll","background-type":"","background-media":"","overlay-type":"","overlay-color":"","overlay-opacity":"","overlay-gradient":""},"mobile":{"background-color":"","background-image":"","background-repeat":"repeat","background-position":"center center","background-size":"auto","background-attachment":"scroll","background-type":"","background-media":"","overlay-type":"","overlay-color":"","overlay-opacity":"","overlay-gradient":""}},"ast-content-background-meta":{"desktop":{"background-color":"var(--ast-global-color-5)","background-image":"","background-repeat":"repeat","background-position":"center center","background-size":"auto","background-attachment":"scroll","background-type":"","background-media":"","overlay-type":"","overlay-color":"","overlay-opacity":"","overlay-gradient":""},"tablet":{"background-color":"var(--ast-global-color-5)","background-image":"","background-repeat":"repeat","background-position":"center center","background-size":"auto","background-attachment":"scroll","background-type":"","background-media":"","overlay-type":"","overlay-color":"","overlay-opacity":"","overlay-gradient":""},"mobile":{"background-color":"var(--ast-global-color-5)","background-image":"","background-repeat":"repeat","background-position":"center center","background-size":"auto","background-attachment":"scroll","background-type":"","background-media":"","overlay-type":"","overlay-color":"","overlay-opacity":"","overlay-gradient":""}}},"product_brand":[],"product_cat":[92],"product_tag":[90,95,80,75,93,91,94,79],"class_list":{"0":"post-5966","1":"product","2":"type-product","3":"status-publish","4":"has-post-thumbnail","6":"product_cat-teeth-whitening-packs","7":"product_tag-foam","8":"product_tag-packs","9":"product_tag-smile","10":"product_tag-teeth","11":"product_tag-teeth-whitening","12":"product_tag-toothpaste","13":"product_tag-white","14":"product_tag-xpress","15":"desktop-align-center","16":"tablet-align-left","17":"mobile-align-left","19":"first","20":"instock","21":"sale","22":"taxable","23":"shipping-taxable","24":"purchasable","25":"product-type-simple"},"_links":{"self":[{"href":"https:\/\/www.glamwhite.eu\/de\/wp-json\/wp\/v2\/product\/5966","targetHints":{"allow":["GET"]}}],"collection":[{"href":"https:\/\/www.glamwhite.eu\/de\/wp-json\/wp\/v2\/product"}],"about":[{"href":"https:\/\/www.glamwhite.eu\/de\/wp-json\/wp\/v2\/types\/product"}],"wp:featuredmedia":[{"embeddable":true,"href":"https:\/\/www.glamwhite.eu\/de\/wp-json\/wp\/v2\/media\/6189"}],"wp:attachment":[{"href":"https:\/\/www.glamwhite.eu\/de\/wp-json\/wp\/v2\/media?parent=5966"}],"wp:term":[{"taxonomy":"product_brand","embeddable":true,"href":"https:\/\/www.glamwhite.eu\/de\/wp-json\/wp\/v2\/product_brand?post=5966"},{"taxonomy":"product_cat","embeddable":true,"href":"https:\/\/www.glamwhite.eu\/de\/wp-json\/wp\/v2\/product_cat?post=5966"},{"taxonomy":"product_tag","embeddable":true,"href":"https:\/\/www.glamwhite.eu\/de\/wp-json\/wp\/v2\/product_tag?post=5966"}],"curies":[{"name":"wp","href":"https:\/\/api.w.org\/{rel}","templated":true}]}}