{"id":223,"date":"2020-09-28T15:17:14","date_gmt":"2020-09-28T15:17:14","guid":{"rendered":"http:\/\/localhost\/glamwhite\/?post_type=product&#038;p=223"},"modified":"2026-05-05T11:41:12","modified_gmt":"2026-05-05T11:41:12","slug":"home-whitening-kit-elite","status":"publish","type":"product","link":"https:\/\/www.glamwhite.eu\/de\/product\/home-whitening-kit-elite\/","title":{"rendered":"Home Whitening Kit Elite"},"content":{"rendered":"<p>Unser Vorzeigeprodukt Home Whitening Kit Elite enth\u00e4lt 10 mL Aufhellungsgel \u2013 ausreichend f\u00fcr 6 Anwendungen \u2013 und ein LED-Licht zur Beschleunigung des Bleaching-Prozesses.<\/p>\n<p>Dar\u00fcber hinaus, kommt das Set mit formbaren Mundschienen, die sich an den Mund anpassen und einem Beh\u00e4lter wo man die Mundschienen nach jedem Gebrauch aufbewahren kann.<\/p>\n<p>Das Gel wird in den USA mit den besten Inhaltsstoffen hergestellt, darunter koscheres, veganes, gentechnikfreies Glycerin und nat\u00fcrliches Aroma. Unsere Formel ist nicht nur effektiv \u2013 sie kann Z\u00e4hne um bis zu 7 Nuancen aufhellen \u2013 sondern auch schonend f\u00fcr Zahn und Zahnfleisch. Garantiert schmerzfrei!<\/p>\n<p>Wenn Sie mehr \u00fcber Zahnaufhellung erfahren m\u00f6chten, k\u00f6nnen Sie unsere besuchen <a href=\"https:\/\/www.glamwhite.eu\/de\/blog\/\">blog.<\/a><\/p>\n<div id=\"footable_parent_5739\"\n         class=\"footable_parent ninja_table_wrapper loading_ninja_table wp_table_data_press_parent semantic_ui\">\n                    <h3 class=\"table_title footable_title\">Produktvergleich<\/h3>\n                        <table data-ninja_table_instance=\"ninja_table_instance_0\" data-footable_id=\"5739\" data-filter-delay=\"1000\" aria-label=\"Produktvergleich\"            id=\"footable_5739\"\n           data-unique_identifier=\"ninja_table_unique_id_1300093476_5739\"\n           class=\"foo-table ninja_footable foo_table_5739 ninja_table_unique_id_1300093476_5739 ui table  nt_type_ajax_table selectable striped vertical_centered  footable-paging-right ninja_table_search_disabled\">\n                <colgroup>\n                            <col class=\"ninja_column_0\">\n                            <col class=\"ninja_column_1\">\n                            <col class=\"ninja_column_2\">\n                            <col class=\"ninja_column_3\">\n                            <col class=\"ninja_column_4\">\n                    <\/colgroup>\n            <\/table>\n    \n    \n    \n<\/div>","protected":false},"excerpt":{"rendered":"<style>#sp-ea-5099 .spcollapsing { height: 0; overflow: hidden; transition-property: height;transition-duration: 300ms;}#sp-ea-5099.sp-easy-accordion>.sp-ea-single {margin-bottom: 10px; border: 0px solid #e2e2e2; }#sp-ea-5099.sp-easy-accordion>.sp-ea-single>.ea-header a {color: #666666;}#sp-ea-5099.sp-easy-accordion>.sp-ea-single>.sp-collapse>.ea-body {background: #fff; color: #444;}#sp-ea-5099.sp-easy-accordion>.sp-ea-single {background: rgba(238,238,238,0);}#sp-ea-5099.sp-easy-accordion>.sp-ea-single>.ea-header a .ea-expand-icon { float: left; color: #444;font-size: 16px;}.sp-easy-accordion p, .ea-header br, .ea-header a br{\ndisplay: none !important;\n}\n.sp-easy-accordion .ea-body p{\ndisplay: block !important;\n}<\/style>\n<div id=\"sp_easy_accordion-1777996859\">\n<div id=\"sp-ea-5099\" class=\"sp-ea-one sp-easy-accordion\" data-ea-active=\"ea-click\" data-ea-mode=\"vertical\" data-preloader=\"\" data-scroll-active-item=\"\" data-offset-to-scroll=\"0\">\n<div class=\"ea-card sp-ea-single\">\n<h3 class=\"ea-header\"><a class=\"collapsed\" id=\"ea-header-50990\" role=\"button\" data-sptoggle=\"spcollapse\" data-sptarget=\"#collapse50990\" aria-controls=\"collapse50990\" href=\"#\" aria-expanded=\"false\" tabindex=\"0\"><i aria-hidden=\"true\" role=\"presentation\" class=\"ea-expand-icon eap-icon-ea-expand-plus\"><\/i> Was ist inbegriffen<\/a><\/h3>\n<div class=\"sp-collapse spcollapse spcollapse\" id=\"collapse50990\" role=\"region\" aria-labelledby=\"ea-header-50990\">\n<div class=\"ea-body\">\n<p>1 x Spritze mit Aufhellungsgel (10 mL)<\/p>\n<p>1 x Formbare Mundschienen<\/p>\n<p>1 x LED-Licht<\/p>\n<p>1 x Farbskala<\/p>\n<p>1 x Aufbewahrungsbeh\u00e4lter f\u00fcr die Mundschienen<\/p>\n<p>1 x Anleitung<\/p>\n<\/div>\n<\/div>\n<\/div>\n<div class=\"ea-card sp-ea-single\">\n<h3 class=\"ea-header\"><a class=\"collapsed\" id=\"ea-header-50991\" role=\"button\" data-sptoggle=\"spcollapse\" data-sptarget=\"#collapse50991\" aria-controls=\"collapse50991\" href=\"#\" aria-expanded=\"false\" tabindex=\"0\"><i aria-hidden=\"true\" role=\"presentation\" class=\"ea-expand-icon eap-icon-ea-expand-plus\"><\/i> Wie es funktioniert<\/a><\/h3>\n<div class=\"sp-collapse spcollapse spcollapse\" id=\"collapse50991\" role=\"region\" aria-labelledby=\"ea-header-50991\">\n<div class=\"ea-body\">\n<p>1. Z\u00e4hne wie gewohnt putzen und danach Mund gr\u00fcndlich aussp\u00fclen.<\/p>\n<p>2. In ein passendes Gef\u00e4\u00df hei\u00dfes (nicht mehr kochendes) Wasser einf\u00fcllen. Mundschiene am Griff tauchen bis das Material sich nach 1-3 Sekunden verformt.<\/p>\n<p>3. Mundschiene in den Mund stecken und darauf bei\u00dfen. Vorsicht, die Schiene ist sehr hei\u00df. Mundschiene abk\u00fchlen lassen und entnehmen. Sie sollte nun wie ein Abdruck deiner Z\u00e4hne aussehen. Griff abschneiden. Diesen Vorgang f\u00fcr die andere Mundschiene identisch durchf\u00fchren.<\/p>\n<p>4. Einen d\u00fcnnen Streifen des Aufhellungsgels auf die innere Vorderseite der Mundschienen auftragen und das Gel verteilen. Bitte beachte, dass eine h\u00f6here Dosierung nicht zu einem besseren Ergebnis f\u00fchrt.<\/p>\n<p>5. F\u00fchren Sie die Bleaching-Schienen in den Mund ein und halten Sie das Licht 20 \u2013 30 Minuten lang vor Ihre Z\u00e4hne.<\/p>\n<p>6. Mundschienen entfernen und Mund gr\u00fcndlich aussp\u00fclen. Vorgang am n\u00e4chsten Tag wiederholen.<\/p>\n<\/div>\n<\/div>\n<\/div>\n<div class=\"ea-card sp-ea-single\">\n<h3 class=\"ea-header\"><a class=\"collapsed\" id=\"ea-header-50992\" role=\"button\" data-sptoggle=\"spcollapse\" data-sptarget=\"#collapse50992\" aria-controls=\"collapse50992\" href=\"#\" aria-expanded=\"false\" tabindex=\"0\"><i aria-hidden=\"true\" role=\"presentation\" class=\"ea-expand-icon eap-icon-ea-expand-plus\"><\/i> Zutaten<\/a><\/h3>\n<div class=\"sp-collapse spcollapse spcollapse\" id=\"collapse50992\" role=\"region\" aria-labelledby=\"ea-header-50992\">\n<div class=\"ea-body\">\n<p>Glycerin, Propylene Glycol, Acrylates\/C10-30 Alkyl Acrylate Crosspolymer, Triethanolamine, Sodium Saccharin, Mica, Mentha Piperita (Peppermint) Oil, Sodium Carbonate Peroxide (Sodium Percarbonate), CI 77891<\/p>\n<\/div>\n<\/div>\n<\/div>\n<\/div>\n<\/div>","protected":false},"featured_media":5703,"template":"","meta":{"site-sidebar-layout":"default","site-content-layout":"default","ast-site-content-layout":"default","site-content-style":"default","site-sidebar-style":"default","ast-global-header-display":"","ast-banner-title-visibility":"","ast-main-header-display":"","ast-hfb-above-header-display":"","ast-hfb-below-header-display":"","ast-hfb-mobile-header-display":"","site-post-title":"","ast-breadcrumbs-content":"","ast-featured-img":"","footer-sml-layout":"","ast-disable-related-posts":"","theme-transparent-header-meta":"default","adv-header-id-meta":"","stick-header-meta":"","header-above-stick-meta":"","header-main-stick-meta":"","header-below-stick-meta":"","astra-migrate-meta-layouts":"set","ast-page-background-enabled":"default","ast-page-background-meta":{"desktop":{"background-color":"var(--ast-global-color-4)","background-image":"","background-repeat":"repeat","background-position":"center center","background-size":"auto","background-attachment":"scroll","background-type":"","background-media":"","overlay-type":"","overlay-color":"","overlay-opacity":"","overlay-gradient":""},"tablet":{"background-color":"","background-image":"","background-repeat":"repeat","background-position":"center center","background-size":"auto","background-attachment":"scroll","background-type":"","background-media":"","overlay-type":"","overlay-color":"","overlay-opacity":"","overlay-gradient":""},"mobile":{"background-color":"","background-image":"","background-repeat":"repeat","background-position":"center center","background-size":"auto","background-attachment":"scroll","background-type":"","background-media":"","overlay-type":"","overlay-color":"","overlay-opacity":"","overlay-gradient":""}},"ast-content-background-meta":{"desktop":{"background-color":"var(--ast-global-color-5)","background-image":"","background-repeat":"repeat","background-position":"center center","background-size":"auto","background-attachment":"scroll","background-type":"","background-media":"","overlay-type":"","overlay-color":"","overlay-opacity":"","overlay-gradient":""},"tablet":{"background-color":"var(--ast-global-color-5)","background-image":"","background-repeat":"repeat","background-position":"center center","background-size":"auto","background-attachment":"scroll","background-type":"","background-media":"","overlay-type":"","overlay-color":"","overlay-opacity":"","overlay-gradient":""},"mobile":{"background-color":"var(--ast-global-color-5)","background-image":"","background-repeat":"repeat","background-position":"center center","background-size":"auto","background-attachment":"scroll","background-type":"","background-media":"","overlay-type":"","overlay-color":"","overlay-opacity":"","overlay-gradient":""}}},"product_brand":[],"product_cat":[71],"product_tag":[76,77,72,73,75,74],"class_list":{"0":"post-223","1":"product","2":"type-product","3":"status-publish","4":"has-post-thumbnail","6":"product_cat-teeth-whitening-kits","7":"product_tag-elite","8":"product_tag-glamwhite","9":"product_tag-home","10":"product_tag-kit","11":"product_tag-teeth","12":"product_tag-whitening","13":"desktop-align-center","14":"tablet-align-left","15":"mobile-align-left","17":"first","18":"instock","19":"featured","20":"taxable","21":"shipping-taxable","22":"purchasable","23":"product-type-variable"},"_links":{"self":[{"href":"https:\/\/www.glamwhite.eu\/de\/wp-json\/wp\/v2\/product\/223","targetHints":{"allow":["GET"]}}],"collection":[{"href":"https:\/\/www.glamwhite.eu\/de\/wp-json\/wp\/v2\/product"}],"about":[{"href":"https:\/\/www.glamwhite.eu\/de\/wp-json\/wp\/v2\/types\/product"}],"wp:featuredmedia":[{"embeddable":true,"href":"https:\/\/www.glamwhite.eu\/de\/wp-json\/wp\/v2\/media\/5703"}],"wp:attachment":[{"href":"https:\/\/www.glamwhite.eu\/de\/wp-json\/wp\/v2\/media?parent=223"}],"wp:term":[{"taxonomy":"product_brand","embeddable":true,"href":"https:\/\/www.glamwhite.eu\/de\/wp-json\/wp\/v2\/product_brand?post=223"},{"taxonomy":"product_cat","embeddable":true,"href":"https:\/\/www.glamwhite.eu\/de\/wp-json\/wp\/v2\/product_cat?post=223"},{"taxonomy":"product_tag","embeddable":true,"href":"https:\/\/www.glamwhite.eu\/de\/wp-json\/wp\/v2\/product_tag?post=223"}],"curies":[{"name":"wp","href":"https:\/\/api.w.org\/{rel}","templated":true}]}}