{"id":1024,"date":"2020-09-27T07:39:39","date_gmt":"2020-09-27T07:39:39","guid":{"rendered":"http:\/\/www.glamwhite.eu\/?post_type=product&#038;p=1024"},"modified":"2026-03-20T14:53:57","modified_gmt":"2026-03-20T14:53:57","slug":"refill-kit","status":"publish","type":"product","link":"https:\/\/www.glamwhite.eu\/de\/product\/refill-kit\/","title":{"rendered":"Refill Kit"},"content":{"rendered":"<p>Lust auf die n\u00e4chste Runde? Hol dir unser Refill Kit und behalte dein strahlendes L\u00e4cheln! Unser Refill Kit erm\u00f6glicht bis zu 10 Anwendungen.<\/p>\n<p>Das Gel wird in den USA mit den besten Inhaltsstoffen hergestellt, darunter koscheres, veganes, gentechnikfreies Glycerin und nat\u00fcrliches Aroma. Unsere Formel ist nicht nur effektiv \u2013 sie kann Z\u00e4hne um bis zu 7 Nuancen aufhellen \u2013 sondern auch schonend f\u00fcr Zahn und Zahnfleisch. Garantiert schmerzfrei!<\/p>\n<p>Wenn Sie mehr \u00fcber Zahnaufhellung erfahren m\u00f6chten, k\u00f6nnen Sie unsere besuchen <a href=\"https:\/\/www.glamwhite.eu\/de\/blog\/\">blog.<\/a><\/p>","protected":false},"excerpt":{"rendered":"<style>#sp-ea-5100 .spcollapsing { height: 0; overflow: hidden; transition-property: height;transition-duration: 300ms;}#sp-ea-5100.sp-easy-accordion>.sp-ea-single {margin-bottom: 10px; border: 0px solid #e2e2e2; }#sp-ea-5100.sp-easy-accordion>.sp-ea-single>.ea-header a {color: #666666;}#sp-ea-5100.sp-easy-accordion>.sp-ea-single>.sp-collapse>.ea-body {background: #fff; color: #444;}#sp-ea-5100.sp-easy-accordion>.sp-ea-single {background: rgba(255,255,255,0);}#sp-ea-5100.sp-easy-accordion>.sp-ea-single>.ea-header a .ea-expand-icon { float: left; color: #444444;font-size: 16px;}.sp-easy-accordion p, .ea-header br, .ea-header a br{\ndisplay: none !important;\n}\n.sp-easy-accordion .ea-body p{\ndisplay: block !important;\n}<\/style>\n<div id=\"sp_easy_accordion-1777443619\">\n<div id=\"sp-ea-5100\" class=\"sp-ea-one sp-easy-accordion\" data-ea-active=\"ea-click\" data-ea-mode=\"vertical\" data-preloader=\"\" data-scroll-active-item=\"\" data-offset-to-scroll=\"0\">\n<div class=\"ea-card sp-ea-single\">\n<h3 class=\"ea-header\"><a class=\"collapsed\" id=\"ea-header-51000\" role=\"button\" data-sptoggle=\"spcollapse\" data-sptarget=\"#collapse51000\" aria-controls=\"collapse51000\" href=\"#\" aria-expanded=\"false\" tabindex=\"0\"><i aria-hidden=\"true\" role=\"presentation\" class=\"ea-expand-icon eap-icon-ea-expand-plus\"><\/i> Was ist inbegriffen<\/a><\/h3>\n<div class=\"sp-collapse spcollapse spcollapse\" id=\"collapse51000\" role=\"region\" aria-labelledby=\"ea-header-51000\">\n<div class=\"ea-body\">\n<p>3 x Spritzen mit Aufhellungsgel (\u00e0 5 mL)<\/p>\n<p>1 x wiederverwendbare Rei\u00dfverschlusstasch<\/p>\n<p>1 x Anleitung<\/p>\n<\/div>\n<\/div>\n<\/div>\n<div class=\"ea-card sp-ea-single\">\n<h3 class=\"ea-header\"><a class=\"collapsed\" id=\"ea-header-51001\" role=\"button\" data-sptoggle=\"spcollapse\" data-sptarget=\"#collapse51001\" aria-controls=\"collapse51001\" href=\"#\" aria-expanded=\"false\" tabindex=\"0\"><i aria-hidden=\"true\" role=\"presentation\" class=\"ea-expand-icon eap-icon-ea-expand-plus\"><\/i> Wie es funktioniert<\/a><\/h3>\n<div class=\"sp-collapse spcollapse spcollapse\" id=\"collapse51001\" role=\"region\" aria-labelledby=\"ea-header-51001\">\n<div class=\"ea-body\">\n<p>1. Z\u00e4hne putzen und Zahnseide benutzen.<\/p>\n<p>2. Ausgangszahnfarbe mithilfe der Farbskala bestimmen.<\/p>\n<p>3. Etwas Gel auf die Mundschiene(n) geben und auf der gesamten Fl\u00e4che ausbreiten.<\/p>\n<p>4. Elite Kit: Schienen in den Mund setzen, LED-Licht einschalten und es \u00fcber die Mundschienen platzieren. \/ Xpress Smile: Mundschiene am LED-Licht befestigen, Schiene in den Mund setzen und LED-Licht einschalten.<\/p>\n<p>5. Mundschiene(n) 10 Minuten (Xpress Smile Kit) bzw. 20-35 Minuten (Elite Kit) lang im Mund behalten.<\/p>\n<p>6. Mundschiene(n) entfernen und Mund mit Wasser aussp\u00fclen.<\/p>\n<p>7. Ergebnis mithilfe der Farbskala vergleichen.<\/p>\n<\/div>\n<\/div>\n<\/div>\n<div class=\"ea-card sp-ea-single\">\n<h3 class=\"ea-header\"><a class=\"collapsed\" id=\"ea-header-51002\" role=\"button\" data-sptoggle=\"spcollapse\" data-sptarget=\"#collapse51002\" aria-controls=\"collapse51002\" href=\"#\" aria-expanded=\"false\" tabindex=\"0\"><i aria-hidden=\"true\" role=\"presentation\" class=\"ea-expand-icon eap-icon-ea-expand-plus\"><\/i> Zutaten<\/a><\/h3>\n<div class=\"sp-collapse spcollapse spcollapse\" id=\"collapse51002\" role=\"region\" aria-labelledby=\"ea-header-51002\">\n<div class=\"ea-body\">\n<p>Glycerin, Propylene Glycol, Acrylates\/C10-30 Alkyl Acrylate Crosspolymer, Triethanolamine, Sodium Saccharin, Mica, Mentha Piperita (Peppermint) Oil, Sodium Carbonate Peroxide (Sodium Percarbonate), CI 77891<\/p>\n<\/div>\n<\/div>\n<\/div>\n<\/div>\n<\/div>","protected":false},"featured_media":5728,"template":"","meta":{"site-sidebar-layout":"default","site-content-layout":"default","ast-site-content-layout":"default","site-content-style":"default","site-sidebar-style":"default","ast-global-header-display":"","ast-banner-title-visibility":"","ast-main-header-display":"","ast-hfb-above-header-display":"","ast-hfb-below-header-display":"","ast-hfb-mobile-header-display":"","site-post-title":"","ast-breadcrumbs-content":"","ast-featured-img":"","footer-sml-layout":"","ast-disable-related-posts":"","theme-transparent-header-meta":"default","adv-header-id-meta":"","stick-header-meta":"","header-above-stick-meta":"","header-main-stick-meta":"","header-below-stick-meta":"","astra-migrate-meta-layouts":"set","ast-page-background-enabled":"default","ast-page-background-meta":{"desktop":{"background-color":"var(--ast-global-color-4)","background-image":"","background-repeat":"repeat","background-position":"center center","background-size":"auto","background-attachment":"scroll","background-type":"","background-media":"","overlay-type":"","overlay-color":"","overlay-opacity":"","overlay-gradient":""},"tablet":{"background-color":"","background-image":"","background-repeat":"repeat","background-position":"center center","background-size":"auto","background-attachment":"scroll","background-type":"","background-media":"","overlay-type":"","overlay-color":"","overlay-opacity":"","overlay-gradient":""},"mobile":{"background-color":"","background-image":"","background-repeat":"repeat","background-position":"center center","background-size":"auto","background-attachment":"scroll","background-type":"","background-media":"","overlay-type":"","overlay-color":"","overlay-opacity":"","overlay-gradient":""}},"ast-content-background-meta":{"desktop":{"background-color":"var(--ast-global-color-5)","background-image":"","background-repeat":"repeat","background-position":"center center","background-size":"auto","background-attachment":"scroll","background-type":"","background-media":"","overlay-type":"","overlay-color":"","overlay-opacity":"","overlay-gradient":""},"tablet":{"background-color":"var(--ast-global-color-5)","background-image":"","background-repeat":"repeat","background-position":"center center","background-size":"auto","background-attachment":"scroll","background-type":"","background-media":"","overlay-type":"","overlay-color":"","overlay-opacity":"","overlay-gradient":""},"mobile":{"background-color":"var(--ast-global-color-5)","background-image":"","background-repeat":"repeat","background-position":"center center","background-size":"auto","background-attachment":"scroll","background-type":"","background-media":"","overlay-type":"","overlay-color":"","overlay-opacity":"","overlay-gradient":""}}},"product_brand":[],"product_cat":[71],"product_tag":[77,73,78,75,74],"class_list":{"0":"post-1024","1":"product","2":"type-product","3":"status-publish","4":"has-post-thumbnail","6":"product_cat-teeth-whitening-kits","7":"product_tag-glamwhite","8":"product_tag-kit","9":"product_tag-refill","10":"product_tag-teeth","11":"product_tag-whitening","12":"desktop-align-center","13":"tablet-align-left","14":"mobile-align-left","16":"first","17":"instock","18":"featured","19":"taxable","20":"shipping-taxable","21":"purchasable","22":"product-type-simple"},"_links":{"self":[{"href":"https:\/\/www.glamwhite.eu\/de\/wp-json\/wp\/v2\/product\/1024","targetHints":{"allow":["GET"]}}],"collection":[{"href":"https:\/\/www.glamwhite.eu\/de\/wp-json\/wp\/v2\/product"}],"about":[{"href":"https:\/\/www.glamwhite.eu\/de\/wp-json\/wp\/v2\/types\/product"}],"wp:featuredmedia":[{"embeddable":true,"href":"https:\/\/www.glamwhite.eu\/de\/wp-json\/wp\/v2\/media\/5728"}],"wp:attachment":[{"href":"https:\/\/www.glamwhite.eu\/de\/wp-json\/wp\/v2\/media?parent=1024"}],"wp:term":[{"taxonomy":"product_brand","embeddable":true,"href":"https:\/\/www.glamwhite.eu\/de\/wp-json\/wp\/v2\/product_brand?post=1024"},{"taxonomy":"product_cat","embeddable":true,"href":"https:\/\/www.glamwhite.eu\/de\/wp-json\/wp\/v2\/product_cat?post=1024"},{"taxonomy":"product_tag","embeddable":true,"href":"https:\/\/www.glamwhite.eu\/de\/wp-json\/wp\/v2\/product_tag?post=1024"}],"curies":[{"name":"wp","href":"https:\/\/api.w.org\/{rel}","templated":true}]}}