{"id":752,"date":"2020-09-23T10:27:28","date_gmt":"2020-09-23T10:27:28","guid":{"rendered":"http:\/\/www.glamwhite.eu\/delivery-returns\/"},"modified":"2023-05-30T11:56:20","modified_gmt":"2023-05-30T11:56:20","slug":"delivery-returns","status":"publish","type":"page","link":"https:\/\/www.glamwhite.eu\/de\/delivery-returns\/","title":{"rendered":"Versand &amp; R\u00fcckgabe"},"content":{"rendered":"<div data-elementor-type=\"wp-page\" data-elementor-id=\"752\" class=\"elementor elementor-752\" data-elementor-settings=\"{&quot;ha_cmc_init_switcher&quot;:&quot;no&quot;}\">\n\t\t\t\t\t\t<section class=\"elementor-section elementor-top-section elementor-element elementor-element-be0da1c elementor-section-boxed elementor-section-height-default elementor-section-height-default\" data-id=\"be0da1c\" data-element_type=\"section\" data-e-type=\"section\" data-settings=\"{&quot;_ha_eqh_enable&quot;:false}\">\n\t\t\t\t\t\t<div class=\"elementor-container elementor-column-gap-default\">\n\t\t\t\t\t<div class=\"elementor-column elementor-col-100 elementor-top-column elementor-element elementor-element-7c3c8ad\" data-id=\"7c3c8ad\" data-element_type=\"column\" data-e-type=\"column\">\n\t\t\t<div class=\"elementor-widget-wrap elementor-element-populated\">\n\t\t\t\t\t\t<div class=\"elementor-element elementor-element-9dfb826 elementor-widget elementor-widget-spacer\" data-id=\"9dfb826\" data-element_type=\"widget\" data-e-type=\"widget\" data-widget_type=\"spacer.default\">\n\t\t\t\t\t\t\t<div class=\"elementor-spacer\">\n\t\t\t<div class=\"elementor-spacer-inner\"><\/div>\n\t\t<\/div>\n\t\t\t\t\t\t<\/div>\n\t\t\t\t<div class=\"elementor-element elementor-element-03d5371 elementor-widget elementor-widget-heading\" data-id=\"03d5371\" data-element_type=\"widget\" data-e-type=\"widget\" data-widget_type=\"heading.default\">\n\t\t\t\t\t<h1 class=\"elementor-heading-title elementor-size-default\">Versand &amp; R\u00fcckgabe<\/h1>\t\t\t\t<\/div>\n\t\t\t\t<div class=\"elementor-element elementor-element-67455ce elementor-widget elementor-widget-text-editor\" data-id=\"67455ce\" data-element_type=\"widget\" data-e-type=\"widget\" data-widget_type=\"text-editor.default\">\n\t\t\t\t\t\t\t\t\t<p><strong>ALLGEMEINE VERTRAGSBEDINGUNGEN<\/strong><\/p><p><strong>Informationen vor der Vertragsabwicklung<\/strong><\/p><p>Diese Website www.glamwhite.eu ist Eigentum von Beauty Innovations Sl mit der CIF B65711061 und der Steueradresse CARRER PORTUGAL, 21 \u2013 LOCAL 08027 \u2013 BARCELONA.<\/p><p>Die Allgemeinen Vertragsbedingungen regeln die Fernabsatzbeziehung zwischen Beauty Innovations S.L. und dem Benutzer oder Kunden gem\u00e4\u00df den gesetzlichen Bestimmungen, insbesondere dem Gesetz 7\/1998 vom 13. April \u00fcber Allgemeine Vertragsbedingungen, dem Gesetz 3\/2014 vom 27. M\u00e4rz, durch das der Text der Neufassung des Allgemeinen Gesetzes zum Schutz der Verbraucher und Benutzer ge\u00e4ndert wird, dem Organgesetz 3\/2018 vom 5. Dezember \u00fcber den Schutz personenbezogener Daten und die Gew\u00e4hrleistung digitaler Rechte, der Verordnung (EU) 2016\/679, den aktuellen und geltenden Bestimmungen zum Schutz personenbezogener Daten, dem Gesetz 7\/1996 vom 15. Januar \u00fcber die Verwaltung des Einzelhandels und dem Gesetz 34\/2002 vom 11. Juli \u00fcber Dienste der Informationsgesellschaft und elektronischen Handel.<br \/>Beauty Innovations S.L. beh\u00e4lt sich das Recht vor, ohne vorherige Ank\u00fcndigung die Allgemeinen Gesch\u00e4ftsbedingungen nach eigenem Ermessen zu \u00e4ndern. Diese \u00c4nderungen k\u00f6nnen \u00fcber die Websites der Unternehmen in jeder gesetzlich zul\u00e4ssigen Form vorgenommen werden und sind w\u00e4hrend der Ver\u00f6ffentlichung auf der Website und bis zu ihrer g\u00fcltigen \u00c4nderung durch nachfolgende \u00c4nderungen verbindlich. Beauty Innovations S.L. beh\u00e4lt sich jedoch das Recht vor, in bestimmten F\u00e4llen besondere Vertragsbedingungen anstelle dieser Allgemeinen Gesch\u00e4ftsbedingungen anzuwenden, wenn dies nach eigenem Ermessen angemessen erscheint, und diese rechtzeitig bekannt zu geben.<br \/>Zweck der Website ist der Verkauf von Kosmetik-\/Zahnhygieneprodukten. Die Vertragslaufzeit ist an die Lieferung des Produkts gebunden, unbeschadet des Widerrufsrechts.<br \/>Ebenso k\u00f6nnen Sie den Newsletter abonnieren, um Angebote zu den genannten Produkten oder allgemeine Informationen zu erhalten, die f\u00fcr Sie von Interesse sein k\u00f6nnten.<br \/>Als Benutzer oder Kunde erkl\u00e4ren Sie ausdr\u00fccklich, die Nutzungsbedingungen und diese allgemeinen Vertragsbedingungen zu kennen, zu verstehen und zu akzeptieren. Ebenso erkl\u00e4ren Sie, dass Sie vollj\u00e4hrig sind und \u00fcber die erforderliche Rechts- und Arbeitsf\u00e4higkeit verf\u00fcgen, um auf die Website von Beauty Innovations S.L. zuzugreifen und \u00fcber sie Vertr\u00e4ge abzuschlie\u00dfen.<\/p><p>Die Europ\u00e4ische Kommission stellt eine Plattform zur Online-Streitbeilegung (OS) bereit, die Sie unter folgendem Link erreichen: http:\/\/ec.europa.eu\/consumers\/odr\/.<\/p><p>Um unsere Produkte zu kaufen, k\u00f6nnen Sie den entsprechenden Bereich unseres Online-Shops besuchen.<\/p><p>Sie k\u00f6nnen sich als Benutzer der Website registrieren, um den Online-Kauf im entsprechenden Abschnitt auf der Website selbst zu t\u00e4tigen. In \u00dcbereinstimmung mit den geltenden und aktuellen Datenschutzbestimmungen informiert Beauty Innovations S.L. die Benutzer dar\u00fcber, dass die w\u00e4hrend der Registrierung und des anschlie\u00dfenden Kaufvorgangs gesammelten personenbezogenen Daten in das Behandlungssystem von Beauty Innovations S.L. aufgenommen werden, mit dem Zweck, die genannten Aktionen des Benutzers zu verarbeiten und daraus abgeleitete nachfolgende Aktionen zu verwalten. Ihre Daten werden f\u00fcr den zur Erf\u00fcllung der oben genannten Zwecke unbedingt erforderlichen Zeitraum aufbewahrt, mit Ausnahme der gesetzlichen Aufbewahrungspflicht.<\/p><p>Wir informieren Sie, dass die Rechtsgrundlage f\u00fcr die Verarbeitung Ihrer Daten die ordnungsgem\u00e4\u00dfe Durchf\u00fchrung des Vertrags zwischen den Parteien und die Zustimmung ist.<\/p><p>Gem\u00e4\u00df den Rechten, die Ihnen durch die geltenden Datenschutzbestimmungen zustehen, k\u00f6nnen Sie Ihr Recht auf Zugriff, Berichtigung, Einschr\u00e4nkung der Verarbeitung, L\u00f6schung, \u00dcbertragbarkeit und Widerspruch gegen die Verarbeitung Ihrer personenbezogenen Daten sowie die erteilte Einwilligung zur Verarbeitung derselben aus\u00fcben, indem Sie Ihre Anfrage an die oben genannte Adresse oder an die E-Mail-Adresse hello@glamwhite.eu richten.<\/p><p>Sie k\u00f6nnen sich an die zust\u00e4ndige Kontrollbeh\u00f6rde wenden, um die von Ihnen als angemessen erachtete Beschwerde vorzubringen. W\u00e4hrend des Kaufvorgangs m\u00fcssen Sie sich mit dem bereitgestellten Benutzernamen und Passwort identifizieren. Diese Daten werden nicht \u00f6ffentlich gemacht. Sie sind daf\u00fcr verantwortlich, die bei der Registrierung als Kunde erhaltene Identit\u00e4t und das Passwort vertraulich und verantwortungsbewusst zu behandeln und d\u00fcrfen sie keiner anderen Person zuweisen. Sie k\u00f6nnen die registrierten Informationen jederzeit in Ihrem Kundenbereich \u00e4ndern. In diesem Abschnitt haben Sie Zugriff auf den Verlauf Ihrer Bestellungen. Dies ist nur ein Konsultationsbereich, dessen Verwaltung jedoch zul\u00e4ssig ist. Der Benutzer kann diejenigen Datens\u00e4tze l\u00f6schen, die er f\u00fcr nicht erforderlich h\u00e4lt.<\/p><p>Nach Abschluss des Kaufvorgangs erh\u00e4lt der Kunde eine Best\u00e4tigung per E-Mail. Es ist wichtig, dass der Benutzer w\u00e4hrend des Kaufvorgangs eine g\u00fcltige E-Mail-Adresse angibt. Wenn Sie innerhalb von 24 Stunden nach Abschluss der Bestellung keine Best\u00e4tigung erhalten, wenden Sie sich an Beauty Innovations S.L. unter der Kundendiensttelefonnummer +34 936277023 oder per E-Mail an hello@glamwhite.eu.<\/p><p>Alle Inhalte der Website sind auf Spanisch.<\/p><p>Der Kunde erh\u00e4lt nach Erhalt des Produkts an der angegebenen Lieferadresse eine Rechnung oder eine Kopie der Bestellung.<\/p><p><strong>Angebot und G\u00fcltigkeit<\/strong><\/p><p>Bei einem Angebot f\u00fcr ein Produkt werden dieses stets mit seinen wesentlichen Merkmalen, dem Angebotspreis und der G\u00fcltigkeitsdauer angegeben.<\/p><p>In \u00dcbereinstimmung mit den geltenden Vorschriften bietet Beauty Innovations S.L. Informationen zu allen zum Verkauf stehenden Artikeln, ihren Eigenschaften und Preisen. Beauty Innovations S.L. beh\u00e4lt sich jedoch das Recht vor, die \u00fcber seine Website angebotenen Produkte zur\u00fcckzuziehen, zu ersetzen oder zu \u00e4ndern, indem einfach der Inhalt ge\u00e4ndert wird. Auf diese Weise unterliegen die jederzeit \u00fcber die Website angebotenen Produkte den jeweils geltenden Allgemeinen Vertragsbedingungen. Ebenso ist das Unternehmen berechtigt, den Zugang zu den oben genannten Produkten ohne vorherige Ank\u00fcndigung und jederzeit einzustellen.<\/p><p><strong>Wesentliche Merkmale der Produkte<\/strong><\/p><p>Die in unserem Online-Shop angebotenen Produkte enthalten ein Foto und ihre wesentlichen Merkmale. Dabei handelt es sich um Informationen, die vom Hersteller selbst bezogen werden. Die auf dem Foto erkennbare Farbe des Produkts ist nicht bindend. Sie ist in den Merkmalen angegeben.<\/p><p><strong>Garantien<\/strong><\/p><p>F\u00fcr alle unsere auf der Website angebotenen Produkte gilt eine zweij\u00e4hrige beschr\u00e4nkte Herstellergarantie. Beauty Innovations S.L. bietet w\u00e4hrend der Laufzeit der Garantie einen Kundendienst an. Der Kunde kann diesen in Anspruch nehmen, indem er Beauty Innovations S.L., den Kundendienst, per E-Mail an hello@glamwhite.eu oder an den vom Anbieter selbst festgelegten Stellen kontaktiert. Im Zweifelsfall k\u00f6nnen Sie den Kundendienst telefonisch unter +34 936277023 oder per E-Mail an hello@glamwhite.eu kontaktieren.<\/p><p><strong>Preise<\/strong><\/p><p>Bei allen Produkten ist der Verkaufspreis in Euro angegeben und enth\u00e4lt die gesetzliche Mehrwertsteuer.<\/p><p>Wenn eine andere Steuer anf\u00e4llt, wird dies angegeben (IGIC oder IPSI).<\/p><p><strong>Liefer- und Transportkosten<\/strong><\/p><p>Beauty Innovations S.L. liefert in ganz Europa. Die Versandkosten richten sich nach der Tarifzone, dem Gewicht und der Gr\u00f6\u00dfe des Pakets sowie den Gesamtkosten der Bestellung. Kunden k\u00f6nnen die gesamten Versandkosten vor Abschluss des Einkaufs sehen.<\/p><p>Kostenloser Versand ab 60 \u20ac.<\/p><p>Bestellungen von Beauty Innovations S.L. werden per Correos Express, Tipsa und Spring GDS versendet.<\/p><p><strong>Zahlungsarten<\/strong><\/p><p>Der Kunde kann den Betrag seiner Bestellung auf eine der folgenden Arten bezahlen. W\u00e4hrend des Kaufvorgangs m\u00fcssen Sie Ihre Wahl angeben:<\/p><p>\u2013 VISA oder MASTERCARD Kreditkarte<\/p><p>Alle Vorg\u00e4nge, bei denen personenbezogene oder Bankdaten \u00fcbertragen werden, werden in einer sicheren Umgebung durchgef\u00fchrt, einem Server, der auf der Standard-Sicherheitstechnologie SSL (Secure Sockets Layer) basiert. Alle Informationen, die Sie uns \u00fcbermitteln, werden verschl\u00fcsselt durch das Netzwerk \u00fcbertragen.<\/p><p>Ebenso werden die Daten Ihrer Kreditkarte direkt auf der Seite der Bank am POS (Bank Point of Sale Terminal) eingegeben und auf keinem Server von Beauty Innovations S.L. gespeichert oder gespeichert.<\/p><p>Bei der Zahlung mit einer VISA- oder MASTERCARD-Karte werden Sie immer nach den folgenden Informationen gefragt: der Kartennummer, dem Ablaufdatum und einem Validierungscode, der mit den letzten drei Ziffern der kursiv gedruckten Nummer auf der R\u00fcckseite Ihrer VISA- oder MASTERCARD-Karte \u00fcbereinstimmt und auf diese Weise mehr Garantien hinsichtlich der Sicherheit der Transaktion bietet.<\/p><p>Diese Zahlungsart ist nur im Internet g\u00fcltig.<\/p><p>Wenn der Betrag eines Einkaufs betr\u00fcgerisch oder unzul\u00e4ssig \u00fcber die Nummer einer Zahlungskarte abgebucht wurde, kann der Inhaber die sofortige Stornierung der Abbuchung verlangen. In diesem Fall werden die entsprechenden Abbuchungen und R\u00fcckerstattungen auf den Konten des Anbieters und des Inhabers so schnell wie m\u00f6glich vorgenommen.<\/p><p>Wenn der Kauf jedoch tats\u00e4chlich vom Karteninhaber get\u00e4tigt wurde und die R\u00fcckgabeforderung nicht auf die Aus\u00fcbung des Widerrufs- oder Aufl\u00f6sungsrechts zur\u00fcckzuf\u00fchren ist und er daher zu Unrecht die Stornierung der entsprechenden Belastung verlangt hat, bleibt er gegen\u00fcber Beauty Innovations S.L. zum Ersatz der Sch\u00e4den und Verluste verpflichtet, die infolge dieser Stornierung entstanden sind.<\/p><p>\u2013 PayPal<\/p><p>Es erm\u00f6glicht das sichere und bequeme Senden von Zahlungen im Internet. Das Netzwerk von PayPal baut auf der bestehenden Finanzinfrastruktur von Bankkonten und Kreditkarten auf, um eine globale Echtzeit-Zahlungsl\u00f6sung zu schaffen. PayPal bietet einen Service, der speziell f\u00fcr diejenigen entwickelt wurde, die mit herk\u00f6mmlichen Zahlungsmechanismen nicht zufrieden sind.<\/p><p>Weitere Informationen zu PayPal. http:\/\/www.paypal.com.<\/p><p><strong>Auftragsausf\u00fchrung<\/strong><\/p><p>Beauty Innovations S.L. verpflichtet sich, die Bestellung innerhalb einer Frist von 5 Tagen ab dem Tag nach der Bestellung auszuliefern.<\/p><p>Die Verf\u00fcgbarkeit der von Beauty Innovations S.L. angebotenen Produkte kann je nach Kundennachfrage variieren. Obwohl Beauty Innovations S.L. den Lagerbestand regelm\u00e4\u00dfig aktualisiert, kann das vom Kunden angeforderte Produkt zu diesem Zeitpunkt nicht vorr\u00e4tig sein. Im Falle einer Nichtausf\u00fchrung aufgrund von Nichtverf\u00fcgbarkeit wird Beauty Innovations S.L. den Kunden per E-Mail benachrichtigen, sobald sie von dieser Situation Kenntnis erlangt. Die Frist f\u00fcr diese Benachrichtigung darf in keinem Fall die maximale Frist von 30 Tagen \u00fcberschreiten. Beauty Innovations S.L. kann die beiden Optionen einr\u00e4umen: dem Kunden ohne Preiserh\u00f6hung ein Produkt mit \u00e4hnlichen Eigenschaften oder h\u00f6herer Qualit\u00e4t zu liefern oder, au\u00dfer aus berechtigten und nachweisbaren Gr\u00fcnden seitens Beauty Innovations S.L., innerhalb derselben Frist die f\u00fcr die stornierte Bestellung gezahlten Betr\u00e4ge zu erstatten.<\/p><p><strong>Widerrufsrecht<\/strong><\/p><p>Der K\u00e4ufer hat ab Erhalt des Produkts eine Frist von vierzehn Kalendertagen, um ohne Vertragsstrafe und ohne Angabe von Gr\u00fcnden vom Vertrag zur\u00fcckzutreten.<\/p><p>Die Aus\u00fcbung des Widerrufsrechts muss durch telefonische Mitteilung an die Nummer +34 936277023, per E-Mail an hello@glamwhite.eu, per Brief an unsere Postanschrift CARRER PORTUGAL, 21 \u2013 LOCAL 08027 \u2013 BARCELONA oder unter Verwendung des Widerrufsformulars erfolgen.<\/p><p><strong>Die R\u00fcckkehr<\/strong><\/p><p>Der Kunde muss das Produkt unverz\u00fcglich und in jedem Fall innerhalb einer Frist von h\u00f6chstens vierzehn Kalendertagen ab dem Datum, an dem das R\u00fccktrittsrecht vom Vertrag formalisiert wird, direkt an Beauty Innovations S.L. an die Adresse CARRER PORTUGAL , 21 \u2013 LOCAL 08027 \u2013 BARCELONA zur\u00fccksenden oder liefern. Die Frist gilt als eingehalten, wenn der Kunde das Produkt vor Ablauf der Frist zur\u00fccksendet.<\/p><p>Die Kosten der R\u00fccksendung tr\u00e4gt der Kunde.<\/p><p><strong>R\u00fcckerstattung der Zahlung<\/strong><\/p><p>Die R\u00fcckerstattung der vom Kunden erhaltenen Betr\u00e4ge erfolgt \u00fcber die gleichen Zahlungsmethoden, die der Kunde verwendet hat, sofern nichts anderes vereinbart wurde. BEAUTY INNOVATIONS SL kann die R\u00fcckerstattung zur\u00fcckhalten, bis das Produkt eingegangen ist, was den R\u00fccktrittsgrund darstellt, oder bis der Kunde den Nachweis \u00fcber die R\u00fccksendung erbringt, je nachdem, welche Bedingung zuerst erf\u00fcllt ist.<\/p><p><strong>R\u00fccksendung des defekten Produktes.<\/strong><\/p><p>F\u00fcr den Fall, dass sich das Produkt nicht in gutem Zustand befindet und die darauf zur\u00fcckzuf\u00fchrenden Ursachen nicht auf den Kunden zur\u00fcckzuf\u00fchren sind, hat der Kunde das Recht, das Produkt zur\u00fcckzusenden, indem er BEAUTY INNOVATIONS SL auf beliebige Weise \u00fcber den Grund der R\u00fccksendung informiert in diesen Vertragsbedingungen vorgesehen und f\u00fcr den Kunden kostenfrei. Diese R\u00fcckgabe aufgrund eines Mangels oder schlechten Zustands des Produkts gilt nicht als Widerrufsrecht.<\/p><p>Beauty Innovations S.L. verpflichtet sich, die Kosten der R\u00fccksendung zu tragen und das Produkt gem\u00e4\u00df den zum Zeitpunkt des Verkaufs akzeptierten Bedingungen gegen ein neues einzutauschen.<\/p><p>Wenn der Kunde eine Reklamation einreichen m\u00f6chte, kann er sich an Beauty Innovations S.L. unter der Adresse CARRER PORTUGAL, 21 \u2013 LOCAL 08027 \u2013 BARCELONA wenden oder eine E-Mail an hello@glamwhite.eu senden.<\/p><p><strong>Zust\u00e4ndigkeit<\/strong><\/p><p>Ebenso beh\u00e4lt sich BEAUTY INNOVATIONS SL das Recht vor, zivil- oder strafrechtliche Schritte einzuleiten, die es f\u00fcr angemessen h\u00e4lt, wegen der missbr\u00e4uchlichen Nutzung seiner Website und ihrer Inhalte oder wegen der Nichteinhaltung dieser Bedingungen.<\/p><p>The relationship between the user and the provider will be governed by current regulations and applicable in Spanish territory. If any dispute arises, the parties may submit their conflicts to arbitration or go to the ordinary jurisdiction, complying with the rules on jurisdiction and competence in this regard. Beauty Innovations S.L. has its address in BARCELONA, Spain.<\/p><p>\u00a0<\/p>\t\t\t\t\t\t\t\t<\/div>\n\t\t\t\t\t<\/div>\n\t\t<\/div>\n\t\t\t\t\t<\/div>\n\t\t<\/section>\n\t\t\t\t<\/div>","protected":false},"excerpt":{"rendered":"<p>Delivery &#038; Returns SHOPPING CONDITIONS Information prior to the contractual process This website www.glamwhite.eu is the property of Beauty Innovations S.L. with CIF B65711061 and fiscal address in CARRER PORTUGAL , 21 \u2013 LOCAL 08027 \u2013 BARCELONA, acting commercially under the brand GlamWhite. The General Contracting Conditions regulate the distance selling relationship between Beauty Innovations [&hellip;]<\/p>\n","protected":false},"author":198,"featured_media":1912,"parent":0,"menu_order":0,"comment_status":"closed","ping_status":"closed","template":"elementor_header_footer","meta":{"site-sidebar-layout":"default","site-content-layout":"","ast-site-content-layout":"default","site-content-style":"default","site-sidebar-style":"default","ast-global-header-display":"","ast-banner-title-visibility":"","ast-main-header-display":"","ast-hfb-above-header-display":"","ast-hfb-below-header-display":"","ast-hfb-mobile-header-display":"","site-post-title":"","ast-breadcrumbs-content":"","ast-featured-img":"","footer-sml-layout":"","ast-disable-related-posts":"","theme-transparent-header-meta":"","adv-header-id-meta":"","stick-header-meta":"","header-above-stick-meta":"","header-main-stick-meta":"","header-below-stick-meta":"","astra-migrate-meta-layouts":"default","ast-page-background-enabled":"default","ast-page-background-meta":{"desktop":{"background-color":"var(--ast-global-color-4)","background-image":"","background-repeat":"repeat","background-position":"center center","background-size":"auto","background-attachment":"scroll","background-type":"","background-media":"","overlay-type":"","overlay-color":"","overlay-opacity":"","overlay-gradient":""},"tablet":{"background-color":"","background-image":"","background-repeat":"repeat","background-position":"center center","background-size":"auto","background-attachment":"scroll","background-type":"","background-media":"","overlay-type":"","overlay-color":"","overlay-opacity":"","overlay-gradient":""},"mobile":{"background-color":"","background-image":"","background-repeat":"repeat","background-position":"center center","background-size":"auto","background-attachment":"scroll","background-type":"","background-media":"","overlay-type":"","overlay-color":"","overlay-opacity":"","overlay-gradient":""}},"ast-content-background-meta":{"desktop":{"background-color":"var(--ast-global-color-5)","background-image":"","background-repeat":"repeat","background-position":"center center","background-size":"auto","background-attachment":"scroll","background-type":"","background-media":"","overlay-type":"","overlay-color":"","overlay-opacity":"","overlay-gradient":""},"tablet":{"background-color":"var(--ast-global-color-5)","background-image":"","background-repeat":"repeat","background-position":"center center","background-size":"auto","background-attachment":"scroll","background-type":"","background-media":"","overlay-type":"","overlay-color":"","overlay-opacity":"","overlay-gradient":""},"mobile":{"background-color":"var(--ast-global-color-5)","background-image":"","background-repeat":"repeat","background-position":"center center","background-size":"auto","background-attachment":"scroll","background-type":"","background-media":"","overlay-type":"","overlay-color":"","overlay-opacity":"","overlay-gradient":""}},"footnotes":""},"class_list":["post-752","page","type-page","status-publish","has-post-thumbnail","hentry"],"_links":{"self":[{"href":"https:\/\/www.glamwhite.eu\/de\/wp-json\/wp\/v2\/pages\/752","targetHints":{"allow":["GET"]}}],"collection":[{"href":"https:\/\/www.glamwhite.eu\/de\/wp-json\/wp\/v2\/pages"}],"about":[{"href":"https:\/\/www.glamwhite.eu\/de\/wp-json\/wp\/v2\/types\/page"}],"author":[{"embeddable":true,"href":"https:\/\/www.glamwhite.eu\/de\/wp-json\/wp\/v2\/users\/198"}],"replies":[{"embeddable":true,"href":"https:\/\/www.glamwhite.eu\/de\/wp-json\/wp\/v2\/comments?post=752"}],"version-history":[{"count":0,"href":"https:\/\/www.glamwhite.eu\/de\/wp-json\/wp\/v2\/pages\/752\/revisions"}],"wp:featuredmedia":[{"embeddable":true,"href":"https:\/\/www.glamwhite.eu\/de\/wp-json\/wp\/v2\/media\/1912"}],"wp:attachment":[{"href":"https:\/\/www.glamwhite.eu\/de\/wp-json\/wp\/v2\/media?parent=752"}],"curies":[{"name":"wp","href":"https:\/\/api.w.org\/{rel}","templated":true}]}}